{"id":294756,"date":"2024-07-31T15:46:09","date_gmt":"2024-07-31T13:46:09","guid":{"rendered":"https:\/\/chulointeriors.com\/?post_type=product&#038;p=294756"},"modified":"2024-07-31T15:53:25","modified_gmt":"2024-07-31T13:53:25","slug":"mesa-de-comedor-ovalada-chapa-de-fresno-negro-mate","status":"publish","type":"product","link":"https:\/\/chulointeriors.com\/es\/product\/mesa-de-comedor-ovalada-chapa-de-fresno-negro-mate\/","title":{"rendered":"Mesa de Comedor Ovalada &#8211; Chapa de Fresno Negro Mate"},"content":{"rendered":"<p>Presentamos la mesa de comedor ovalada de Chulointeriors, una encarnaci\u00f3n de la sofisticaci\u00f3n moderna y el dise\u00f1o atemporal. Esta impresionante mesa de comedor presenta un elegante tablero de forma ovalada y una base central que contin\u00faa la suave est\u00e9tica ovalada, ofreciendo funcionalidad y atractivo visual.<\/p>\n<p>Fabricada en MDF de alta calidad, la mesa est\u00e1 acabada con una chapa de fresno natural en un sofisticado color negro mate. Este acabado no solo resalta las vetas y la textura \u00fanicas de la madera de fresno, sino que a\u00f1ade un toque contempor\u00e1neo a cualquier espacio de comedor. El tablero de la mesa, de 3 cm de grosor, incluye un detalle perimetral rebajado que confiere a los bordes un aspecto m\u00e1s fino y refinado. Este elemento de dise\u00f1o, combinado con las elegantes formas curvas de la mesa, crea un aspecto ligero y acogedor que realza el ambiente general de su comedor.<\/p>\n<p>El acabado negro mate de la chapa de fresno desprende frescura y modernidad, lo que convierte a esta mesa en una pieza vers\u00e1til que encaja a la perfecci\u00f3n en una gran variedad de estilos de interior, desde el minimalista moderno hasta el chic urbano. Perfecta tanto para el d\u00eda a d\u00eda como para ocasiones especiales, esta mesa est\u00e1 dise\u00f1ada para ser la pieza central de su comedor.<\/p>\n<p><strong>Instrucciones de cuidado:<\/strong><\/p>\n<ul>\n<li>Uso exclusivo en interiores<\/li>\n<li>Limpiar con un pa\u00f1o seco<\/li>\n<li>Evite derramar l\u00edquidos y s\u00e9quela r\u00e1pidamente si se derraman<\/li>\n<li>Evite la luz solar directa y el calor para mantener el acabado de la mesa<\/li>\n<\/ul>\n<p>Eleve su experiencia gastron\u00f3mica con la Mesa de Comedor Ovalada Chulointeriors en Chapa de Fresno Negro Mate. Su dise\u00f1o elegante y artesan\u00eda impecable garantizan que ser\u00e1 una adici\u00f3n elegante y duradera a su hogar.<\/p>\n","protected":false},"excerpt":{"rendered":"<p>Presentamos la mesa de comedor ovalada de Chulointeriors, una encarnaci\u00f3n de la sofisticaci\u00f3n moderna y el dise\u00f1o atemporal. Esta impresionante mesa de comedor presenta un elegante tablero de forma ovalada y una base central que contin\u00faa la suave est\u00e9tica ovalada, ofreciendo funcionalidad y atractivo visual. Fabricada en MDF de alta calidad, la mesa est\u00e1 acabada [&hellip;]<\/p>\n","protected":false},"featured_media":294758,"comment_status":"open","ping_status":"closed","template":"","meta":{"_et_pb_use_builder":"","_et_pb_old_content":"","_et_gb_content_width":""},"product_brand":[],"product_cat":[773],"product_tag":[],"class_list":{"0":"post-294756","1":"product","2":"type-product","3":"status-publish","4":"has-post-thumbnail","6":"product_cat-tablas","8":"first","9":"instock","10":"shipping-taxable","11":"purchasable","12":"product-type-simple"},"_links":{"self":[{"href":"https:\/\/chulointeriors.com\/es\/wp-json\/wp\/v2\/product\/294756","targetHints":{"allow":["GET"]}}],"collection":[{"href":"https:\/\/chulointeriors.com\/es\/wp-json\/wp\/v2\/product"}],"about":[{"href":"https:\/\/chulointeriors.com\/es\/wp-json\/wp\/v2\/types\/product"}],"replies":[{"embeddable":true,"href":"https:\/\/chulointeriors.com\/es\/wp-json\/wp\/v2\/comments?post=294756"}],"wp:featuredmedia":[{"embeddable":true,"href":"https:\/\/chulointeriors.com\/es\/wp-json\/wp\/v2\/media\/294758"}],"wp:attachment":[{"href":"https:\/\/chulointeriors.com\/es\/wp-json\/wp\/v2\/media?parent=294756"}],"wp:term":[{"taxonomy":"product_brand","embeddable":true,"href":"https:\/\/chulointeriors.com\/es\/wp-json\/wp\/v2\/product_brand?post=294756"},{"taxonomy":"product_cat","embeddable":true,"href":"https:\/\/chulointeriors.com\/es\/wp-json\/wp\/v2\/product_cat?post=294756"},{"taxonomy":"product_tag","embeddable":true,"href":"https:\/\/chulointeriors.com\/es\/wp-json\/wp\/v2\/product_tag?post=294756"}],"curies":[{"name":"wp","href":"https:\/\/api.w.org\/{rel}","templated":true}]}}