{"id":294734,"date":"2024-07-31T15:34:31","date_gmt":"2024-07-31T13:34:31","guid":{"rendered":"https:\/\/chulointeriors.com\/?post_type=product&#038;p=294734"},"modified":"2024-07-31T15:44:25","modified_gmt":"2024-07-31T13:44:25","slug":"mesa-de-comedor-ovalada-chapa-de-fresno-natural","status":"publish","type":"product","link":"https:\/\/chulointeriors.com\/es\/product\/mesa-de-comedor-ovalada-chapa-de-fresno-natural\/","title":{"rendered":"Mesa de Comedor Ovalada &#8211; Chapa de Fresno Natural"},"content":{"rendered":"<p>Eleve su experiencia gastron\u00f3mica con la refinada elegancia de la Mesa de Comedor Ovalada de Chulointeriors. Esta mesa de comedor, elaborada con gran atenci\u00f3n al detalle, cuenta con un tablero de forma ovalada y una base central que sigue la misma est\u00e9tica ovalada, creando un aspecto armonioso y equilibrado.<\/p>\n<p>La mesa est\u00e1 fabricada con tablero MDF de alta calidad y acabada con una chapa de madera de fresno natural. Esta chapa muestra las caracter\u00edsticas inherentes de la madera, proporcionando una textura suave que realza la belleza natural de la mesa. El tablero de la mesa, de 3 cm de grosor, incluye un detalle perimetral rebajado que confiere al borde un aspecto m\u00e1s fino y delicado. Esta elecci\u00f3n de dise\u00f1o, combinada con las formas suavemente curvadas de la mesa, confiere un aspecto ligero y agradable que puede complementar sin esfuerzo cualquier espacio de comedor.<\/p>\n<p>El acabado natural de la chapa de fresno destaca por su frescura y brillo, haciendo de esta mesa un complemento perfecto para una gran variedad de estilos de interior, desde el contempor\u00e1neo al tradicional. Tanto si se utiliza para las comidas diarias como para reuniones especiales, esta mesa de comedor promete ser el centro de atenci\u00f3n de su hogar.<\/p>\n<p><strong>Instrucciones de cuidado:<\/strong><\/p>\n<ul>\n<li>Uso exclusivo en interiores<\/li>\n<li>Limpiar con un pa\u00f1o seco<\/li>\n<li>Evite derramar l\u00edquidos y s\u00e9quela r\u00e1pidamente si se derraman<\/li>\n<li>Evite la luz solar directa y el calor para conservar el acabado natural de la mesa<\/li>\n<\/ul>\n<p>Aporte un toque de elegancia natural y sofisticaci\u00f3n a su comedor con la Mesa de Comedor Ovalada de Chulointeriors. Su dise\u00f1o atemporal y su artesan\u00eda de calidad garantizan que ser\u00e1 una pieza apreciada durante a\u00f1os.<\/p>\n","protected":false},"excerpt":{"rendered":"<p>Eleve su experiencia gastron\u00f3mica con la refinada elegancia de la Mesa de Comedor Ovalada de Chulointeriors. Esta mesa de comedor, elaborada con gran atenci\u00f3n al detalle, cuenta con un tablero de forma ovalada y una base central que sigue la misma est\u00e9tica ovalada, creando un aspecto armonioso y equilibrado. La mesa est\u00e1 fabricada con tablero [&hellip;]<\/p>\n","protected":false},"featured_media":294744,"comment_status":"open","ping_status":"closed","template":"","meta":{"_et_pb_use_builder":"","_et_pb_old_content":"","_et_gb_content_width":""},"product_brand":[],"product_cat":[773],"product_tag":[],"class_list":{"0":"post-294734","1":"product","2":"type-product","3":"status-publish","4":"has-post-thumbnail","6":"product_cat-tablas","8":"first","9":"instock","10":"shipping-taxable","11":"purchasable","12":"product-type-simple"},"_links":{"self":[{"href":"https:\/\/chulointeriors.com\/es\/wp-json\/wp\/v2\/product\/294734","targetHints":{"allow":["GET"]}}],"collection":[{"href":"https:\/\/chulointeriors.com\/es\/wp-json\/wp\/v2\/product"}],"about":[{"href":"https:\/\/chulointeriors.com\/es\/wp-json\/wp\/v2\/types\/product"}],"replies":[{"embeddable":true,"href":"https:\/\/chulointeriors.com\/es\/wp-json\/wp\/v2\/comments?post=294734"}],"wp:featuredmedia":[{"embeddable":true,"href":"https:\/\/chulointeriors.com\/es\/wp-json\/wp\/v2\/media\/294744"}],"wp:attachment":[{"href":"https:\/\/chulointeriors.com\/es\/wp-json\/wp\/v2\/media?parent=294734"}],"wp:term":[{"taxonomy":"product_brand","embeddable":true,"href":"https:\/\/chulointeriors.com\/es\/wp-json\/wp\/v2\/product_brand?post=294734"},{"taxonomy":"product_cat","embeddable":true,"href":"https:\/\/chulointeriors.com\/es\/wp-json\/wp\/v2\/product_cat?post=294734"},{"taxonomy":"product_tag","embeddable":true,"href":"https:\/\/chulointeriors.com\/es\/wp-json\/wp\/v2\/product_tag?post=294734"}],"curies":[{"name":"wp","href":"https:\/\/api.w.org\/{rel}","templated":true}]}}