{"id":294722,"date":"2024-07-18T12:42:31","date_gmt":"2024-07-18T10:42:31","guid":{"rendered":"https:\/\/chulointeriors.com\/?post_type=product&#038;p=294722"},"modified":"2024-07-18T12:59:16","modified_gmt":"2024-07-18T10:59:16","slug":"aplique-negro-y-dorado-con-dos-bolas","status":"publish","type":"product","link":"https:\/\/chulointeriors.com\/es\/product\/aplique-negro-y-dorado-con-dos-bolas\/","title":{"rendered":"Aplique negro y dorado con dos bolas"},"content":{"rendered":"<p>Ilumine su espacio con la mezcla perfecta de modernidad y elegancia con nuestra exquisita l\u00e1mpara de pared de Chulointeriors. Esta l\u00e1mpara de pared cuenta con dos impresionantes globos de cristal blanco opaco, dise\u00f1ados para emitir una luz suave y difusa que crea un ambiente c\u00e1lido y acogedor en cualquier habitaci\u00f3n.<\/p>\n<p>La estructura de la l\u00e1mpara tiene un elegante acabado en negro que contrasta con los globos blancos. Adem\u00e1s de su lujoso atractivo, la l\u00e1mpara incluye sofisticados detalles dorados que realzan su est\u00e9tica general. El dise\u00f1o se caracteriza por sus l\u00edneas rectas, limpias y perpendiculares, que le dan un toque contempor\u00e1neo que encaja a la perfecci\u00f3n en varios estilos de interior, desde el minimalista al industrial chic.<\/p>\n<p>Esta l\u00e1mpara de pared no es s\u00f3lo una soluci\u00f3n de iluminaci\u00f3n funcional, sino tambi\u00e9n una pieza que realza la decoraci\u00f3n de su sal\u00f3n, dormitorio o pasillo. Su cuidado dise\u00f1o y sus materiales de alta calidad garantizan durabilidad y una belleza duradera.<\/p>\n<p><strong>Tipo de bombilla:<\/strong> 2 x E14 MAX 40W (bombillas no incluidas)<\/p>\n<p><b>Dimensiones:<\/b> 35 x 17 x 35 cm<\/p>\n<p>Transforme su espacio vital con la l\u00e1mpara de pared Chulointeriors, donde el dise\u00f1o moderno se une a la elegancia atemporal.<\/p>\n","protected":false},"excerpt":{"rendered":"<p>Ilumine su espacio con la mezcla perfecta de modernidad y elegancia con nuestra exquisita l\u00e1mpara de pared de Chulointeriors. Esta l\u00e1mpara de pared cuenta con dos impresionantes globos de cristal blanco opaco, dise\u00f1ados para emitir una luz suave y difusa que crea un ambiente c\u00e1lido y acogedor en cualquier habitaci\u00f3n. La estructura de la l\u00e1mpara [&hellip;]<\/p>\n","protected":false},"featured_media":294726,"comment_status":"open","ping_status":"closed","template":"","meta":{"_et_pb_use_builder":"","_et_pb_old_content":"","_et_gb_content_width":""},"product_brand":[],"product_cat":[786],"product_tag":[],"class_list":{"0":"post-294722","1":"product","2":"type-product","3":"status-publish","4":"has-post-thumbnail","6":"product_cat-lamparas-de-pared","8":"first","9":"instock","10":"sale","11":"shipping-taxable","12":"purchasable","13":"product-type-simple"},"_links":{"self":[{"href":"https:\/\/chulointeriors.com\/es\/wp-json\/wp\/v2\/product\/294722","targetHints":{"allow":["GET"]}}],"collection":[{"href":"https:\/\/chulointeriors.com\/es\/wp-json\/wp\/v2\/product"}],"about":[{"href":"https:\/\/chulointeriors.com\/es\/wp-json\/wp\/v2\/types\/product"}],"replies":[{"embeddable":true,"href":"https:\/\/chulointeriors.com\/es\/wp-json\/wp\/v2\/comments?post=294722"}],"wp:featuredmedia":[{"embeddable":true,"href":"https:\/\/chulointeriors.com\/es\/wp-json\/wp\/v2\/media\/294726"}],"wp:attachment":[{"href":"https:\/\/chulointeriors.com\/es\/wp-json\/wp\/v2\/media?parent=294722"}],"wp:term":[{"taxonomy":"product_brand","embeddable":true,"href":"https:\/\/chulointeriors.com\/es\/wp-json\/wp\/v2\/product_brand?post=294722"},{"taxonomy":"product_cat","embeddable":true,"href":"https:\/\/chulointeriors.com\/es\/wp-json\/wp\/v2\/product_cat?post=294722"},{"taxonomy":"product_tag","embeddable":true,"href":"https:\/\/chulointeriors.com\/es\/wp-json\/wp\/v2\/product_tag?post=294722"}],"curies":[{"name":"wp","href":"https:\/\/api.w.org\/{rel}","templated":true}]}}