{"id":294694,"date":"2024-06-30T20:38:59","date_gmt":"2024-06-30T18:38:59","guid":{"rendered":"https:\/\/chulointeriors.com\/?post_type=product&#038;p=294694"},"modified":"2024-06-30T20:43:14","modified_gmt":"2024-06-30T18:43:14","slug":"portacandelitas-cuerno-b","status":"publish","type":"product","link":"https:\/\/chulointeriors.com\/es\/product\/portacandelitas-cuerno-b\/","title":{"rendered":"Portacandelitas Cuerno B"},"content":{"rendered":"<p>Ilumine su espacio con la belleza natural del Portacandelitas Cuerno B. Elaborado a partir de aut\u00e9ntico cuerno de b\u00fafalo, cada portacandelitas es \u00fanico y muestra los ricos y variados colores y motivos inherentes al cuerno.<\/p>\n<p>Con unas medidas aproximadas de 11&#215;10 cm, este portacandelitas a\u00f1ade un toque de elegancia r\u00fastica a cualquier ambiente. Sus variaciones naturales hacen que no haya dos portacandelitas iguales, por lo que cada pieza es \u00fanica.<\/p>\n<p>Perfecto para crear un ambiente c\u00e1lido y acogedor, el Portacandelitas Cuerno B combina funcionalidad con encanto org\u00e1nico. Realce su hogar con este accesorio distintivo y sofisticado.<\/p>\n","protected":false},"excerpt":{"rendered":"<p>Ilumine su espacio con la belleza natural del Portacandelitas Cuerno B. Elaborado a partir de aut\u00e9ntico cuerno de b\u00fafalo, cada portacandelitas es \u00fanico y muestra los ricos y variados colores y motivos inherentes al cuerno. Con unas medidas aproximadas de 11&#215;10 cm, este portacandelitas a\u00f1ade un toque de elegancia r\u00fastica a cualquier ambiente. Sus variaciones [&hellip;]<\/p>\n","protected":false},"featured_media":294696,"comment_status":"open","ping_status":"closed","template":"","meta":{"_et_pb_use_builder":"","_et_pb_old_content":"","_et_gb_content_width":""},"product_brand":[],"product_cat":[758],"product_tag":[],"class_list":{"0":"post-294694","1":"product","2":"type-product","3":"status-publish","4":"has-post-thumbnail","6":"product_cat-jarrones","8":"first","9":"instock","10":"sale","11":"shipping-taxable","12":"purchasable","13":"product-type-simple"},"_links":{"self":[{"href":"https:\/\/chulointeriors.com\/es\/wp-json\/wp\/v2\/product\/294694","targetHints":{"allow":["GET"]}}],"collection":[{"href":"https:\/\/chulointeriors.com\/es\/wp-json\/wp\/v2\/product"}],"about":[{"href":"https:\/\/chulointeriors.com\/es\/wp-json\/wp\/v2\/types\/product"}],"replies":[{"embeddable":true,"href":"https:\/\/chulointeriors.com\/es\/wp-json\/wp\/v2\/comments?post=294694"}],"wp:featuredmedia":[{"embeddable":true,"href":"https:\/\/chulointeriors.com\/es\/wp-json\/wp\/v2\/media\/294696"}],"wp:attachment":[{"href":"https:\/\/chulointeriors.com\/es\/wp-json\/wp\/v2\/media?parent=294694"}],"wp:term":[{"taxonomy":"product_brand","embeddable":true,"href":"https:\/\/chulointeriors.com\/es\/wp-json\/wp\/v2\/product_brand?post=294694"},{"taxonomy":"product_cat","embeddable":true,"href":"https:\/\/chulointeriors.com\/es\/wp-json\/wp\/v2\/product_cat?post=294694"},{"taxonomy":"product_tag","embeddable":true,"href":"https:\/\/chulointeriors.com\/es\/wp-json\/wp\/v2\/product_tag?post=294694"}],"curies":[{"name":"wp","href":"https:\/\/api.w.org\/{rel}","templated":true}]}}