{"id":294654,"date":"2024-06-25T12:54:58","date_gmt":"2024-06-25T10:54:58","guid":{"rendered":"https:\/\/chulointeriors.com\/?post_type=product&#038;p=294654"},"modified":"2024-06-25T13:02:33","modified_gmt":"2024-06-25T11:02:33","slug":"pie-de-lampara-33x17x42-cm-stelius-negro-mate","status":"publish","type":"product","link":"https:\/\/chulointeriors.com\/es\/product\/pie-de-lampara-33x17x42-cm-stelius-negro-mate\/","title":{"rendered":"Pie de l\u00e1mpara 33x17x42 cm STELIUS negro mate"},"content":{"rendered":"<p>Transforme su iluminaci\u00f3n con el elegante y contempor\u00e1neo pie de l\u00e1mpara STELIUS. Con unas medidas de 33x17x42 cm, esta base de l\u00e1mpara presenta un sofisticado acabado en negro mate que a\u00f1ade un toque moderno a cualquier habitaci\u00f3n. Fabricado en metal de alta calidad, el pie de l\u00e1mpara STELIUS est\u00e1 hecho para durar y proporcionar una base elegante para sus necesidades de iluminaci\u00f3n.<\/p>\n<p>La forma redonda de la base de la l\u00e1mpara STELIUS complementa una variedad de pantallas de l\u00e1mparas, lo que permite soluciones de iluminaci\u00f3n vers\u00e1tiles y personalizables. Dise\u00f1ado para adaptarse a un portal\u00e1mparas E27, este portal\u00e1mparas es compatible con numerosos tipos de bombillas, lo que facilita conseguir el ambiente perfecto en su sal\u00f3n, dormitorio u oficina.<\/p>\n<p>Su dise\u00f1o minimalista y su elegante color negro hacen del pie de l\u00e1mpara STELIUS un complemento atemporal para su decoraci\u00f3n. Tanto si desea crear un rinc\u00f3n de lectura acogedor como a\u00f1adir una pieza llamativa a su mesa auxiliar, el pie de l\u00e1mpara STELIUS ofrece funcionalidad y atractivo est\u00e9tico.<\/p>\n<p>Mejore su interior con la refinada y duradera base para l\u00e1mpara STELIUS y experimente la combinaci\u00f3n perfecta de dise\u00f1o moderno e iluminaci\u00f3n pr\u00e1ctica. Ilumine su espacio con estilo y sofisticaci\u00f3n utilizando esta excepcional base de l\u00e1mpara.<\/p>\n","protected":false},"excerpt":{"rendered":"<p>Transforme su iluminaci\u00f3n con el elegante y contempor\u00e1neo pie de l\u00e1mpara STELIUS. Con unas medidas de 33x17x42 cm, esta base de l\u00e1mpara presenta un sofisticado acabado en negro mate que a\u00f1ade un toque moderno a cualquier habitaci\u00f3n. Fabricado en metal de alta calidad, el pie de l\u00e1mpara STELIUS est\u00e1 hecho para durar y proporcionar una [&hellip;]<\/p>\n","protected":false},"featured_media":294656,"comment_status":"open","ping_status":"closed","template":"","meta":{"_et_pb_use_builder":"","_et_pb_old_content":"","_et_gb_content_width":""},"product_brand":[],"product_cat":[785],"product_tag":[],"class_list":{"0":"post-294654","1":"product","2":"type-product","3":"status-publish","4":"has-post-thumbnail","6":"product_cat-lamparas-de-mesa","8":"first","9":"outofstock","10":"sale","11":"shipping-taxable","12":"purchasable","13":"product-type-simple"},"_links":{"self":[{"href":"https:\/\/chulointeriors.com\/es\/wp-json\/wp\/v2\/product\/294654","targetHints":{"allow":["GET"]}}],"collection":[{"href":"https:\/\/chulointeriors.com\/es\/wp-json\/wp\/v2\/product"}],"about":[{"href":"https:\/\/chulointeriors.com\/es\/wp-json\/wp\/v2\/types\/product"}],"replies":[{"embeddable":true,"href":"https:\/\/chulointeriors.com\/es\/wp-json\/wp\/v2\/comments?post=294654"}],"wp:featuredmedia":[{"embeddable":true,"href":"https:\/\/chulointeriors.com\/es\/wp-json\/wp\/v2\/media\/294656"}],"wp:attachment":[{"href":"https:\/\/chulointeriors.com\/es\/wp-json\/wp\/v2\/media?parent=294654"}],"wp:term":[{"taxonomy":"product_brand","embeddable":true,"href":"https:\/\/chulointeriors.com\/es\/wp-json\/wp\/v2\/product_brand?post=294654"},{"taxonomy":"product_cat","embeddable":true,"href":"https:\/\/chulointeriors.com\/es\/wp-json\/wp\/v2\/product_cat?post=294654"},{"taxonomy":"product_tag","embeddable":true,"href":"https:\/\/chulointeriors.com\/es\/wp-json\/wp\/v2\/product_tag?post=294654"}],"curies":[{"name":"wp","href":"https:\/\/api.w.org\/{rel}","templated":true}]}}