{"id":294636,"date":"2024-06-25T11:40:17","date_gmt":"2024-06-25T09:40:17","guid":{"rendered":"https:\/\/chulointeriors.com\/?post_type=product&#038;p=294636"},"modified":"2024-06-25T11:55:26","modified_gmt":"2024-06-25T09:55:26","slug":"estante-de-pared-50x15x2-cm-ginosa-madera-negro-mate","status":"publish","type":"product","link":"https:\/\/chulointeriors.com\/es\/product\/estante-de-pared-50x15x2-cm-ginosa-madera-negro-mate\/","title":{"rendered":"Estante de pared 50x15x2 cm GINOSA madera negro mate"},"content":{"rendered":"<p>Realce la decoraci\u00f3n de su hogar con nuestra estanter\u00eda de pared GINOSA, una mezcla perfecta de elegancia y funcionalidad. Con unas medidas de 50x15x2 cm, esta elegante estanter\u00eda est\u00e1 fabricada con materiales de primera calidad, que incluyen un 80% de madera de mango y un 20% de hierro, lo que garantiza su durabilidad y estilo. El sofisticado acabado en negro mate complementa cualquier interior, por lo que es un complemento ideal para su sal\u00f3n, dormitorio u oficina. Con un peso de s\u00f3lo 800 gramos, la estanter\u00eda GINOSA es f\u00e1cil de montar y capaz de exhibir sus libros favoritos, fotos u objetos decorativos sin esfuerzo. Eleve su espacio con el encanto atemporal de GINOSA.<\/p>\n","protected":false},"excerpt":{"rendered":"<p>Realce la decoraci\u00f3n de su hogar con nuestra estanter\u00eda de pared GINOSA, una mezcla perfecta de elegancia y funcionalidad. Con unas medidas de 50x15x2 cm, esta elegante estanter\u00eda est\u00e1 fabricada con materiales de primera calidad, que incluyen un 80% de madera de mango y un 20% de hierro, lo que garantiza su durabilidad y estilo. [&hellip;]<\/p>\n","protected":false},"featured_media":294638,"comment_status":"open","ping_status":"closed","template":"","meta":{"_et_pb_use_builder":"","_et_pb_old_content":"","_et_gb_content_width":""},"product_brand":[],"product_cat":[2213],"product_tag":[],"class_list":{"0":"post-294636","1":"product","2":"type-product","3":"status-publish","4":"has-post-thumbnail","6":"product_cat-estanterias-es","8":"first","9":"outofstock","10":"sale","11":"shipping-taxable","12":"purchasable","13":"product-type-simple"},"_links":{"self":[{"href":"https:\/\/chulointeriors.com\/es\/wp-json\/wp\/v2\/product\/294636","targetHints":{"allow":["GET"]}}],"collection":[{"href":"https:\/\/chulointeriors.com\/es\/wp-json\/wp\/v2\/product"}],"about":[{"href":"https:\/\/chulointeriors.com\/es\/wp-json\/wp\/v2\/types\/product"}],"replies":[{"embeddable":true,"href":"https:\/\/chulointeriors.com\/es\/wp-json\/wp\/v2\/comments?post=294636"}],"wp:featuredmedia":[{"embeddable":true,"href":"https:\/\/chulointeriors.com\/es\/wp-json\/wp\/v2\/media\/294638"}],"wp:attachment":[{"href":"https:\/\/chulointeriors.com\/es\/wp-json\/wp\/v2\/media?parent=294636"}],"wp:term":[{"taxonomy":"product_brand","embeddable":true,"href":"https:\/\/chulointeriors.com\/es\/wp-json\/wp\/v2\/product_brand?post=294636"},{"taxonomy":"product_cat","embeddable":true,"href":"https:\/\/chulointeriors.com\/es\/wp-json\/wp\/v2\/product_cat?post=294636"},{"taxonomy":"product_tag","embeddable":true,"href":"https:\/\/chulointeriors.com\/es\/wp-json\/wp\/v2\/product_tag?post=294636"}],"curies":[{"name":"wp","href":"https:\/\/api.w.org\/{rel}","templated":true}]}}