{"id":294594,"date":"2024-05-20T13:04:51","date_gmt":"2024-05-20T11:04:51","guid":{"rendered":"https:\/\/chulointeriors.com\/?post_type=product&#038;p=294594"},"modified":"2024-05-28T13:38:06","modified_gmt":"2024-05-28T11:38:06","slug":"silla-de-exterior-budapest","status":"publish","type":"product","link":"https:\/\/chulointeriors.com\/es\/product\/silla-de-exterior-budapest\/","title":{"rendered":"Silla de exterior Budapest"},"content":{"rendered":"<p>Nuestro sill\u00f3n Budapest est\u00e1 dise\u00f1ado con una estructura de aluminio con revestimiento de polvo antracita y cuerda sint\u00e9tica trenzada gris.<\/p>\n<p>Cojines de asiento y respaldo de poli\u00e9ster gris.<\/p>\n<p>Medidas (largo, ancho, alto): 560 x 570 x 680<\/p>\n","protected":false},"excerpt":{"rendered":"<p>Nuestro sill\u00f3n Budapest est\u00e1 dise\u00f1ado con una estructura de aluminio con revestimiento de polvo antracita y cuerda sint\u00e9tica trenzada gris. Cojines de asiento y respaldo de poli\u00e9ster gris. Medidas (largo, ancho, alto): 560 x 570 x 680<\/p>\n","protected":false},"featured_media":294596,"comment_status":"open","ping_status":"closed","template":"","meta":{"_et_pb_use_builder":"","_et_pb_old_content":"","_et_gb_content_width":""},"product_brand":[],"product_cat":[2183],"product_tag":[],"class_list":{"0":"post-294594","1":"product","2":"type-product","3":"status-publish","4":"has-post-thumbnail","6":"product_cat-sillas-es","8":"first","9":"instock","10":"shipping-taxable","11":"purchasable","12":"product-type-simple"},"_links":{"self":[{"href":"https:\/\/chulointeriors.com\/es\/wp-json\/wp\/v2\/product\/294594","targetHints":{"allow":["GET"]}}],"collection":[{"href":"https:\/\/chulointeriors.com\/es\/wp-json\/wp\/v2\/product"}],"about":[{"href":"https:\/\/chulointeriors.com\/es\/wp-json\/wp\/v2\/types\/product"}],"replies":[{"embeddable":true,"href":"https:\/\/chulointeriors.com\/es\/wp-json\/wp\/v2\/comments?post=294594"}],"wp:featuredmedia":[{"embeddable":true,"href":"https:\/\/chulointeriors.com\/es\/wp-json\/wp\/v2\/media\/294596"}],"wp:attachment":[{"href":"https:\/\/chulointeriors.com\/es\/wp-json\/wp\/v2\/media?parent=294594"}],"wp:term":[{"taxonomy":"product_brand","embeddable":true,"href":"https:\/\/chulointeriors.com\/es\/wp-json\/wp\/v2\/product_brand?post=294594"},{"taxonomy":"product_cat","embeddable":true,"href":"https:\/\/chulointeriors.com\/es\/wp-json\/wp\/v2\/product_cat?post=294594"},{"taxonomy":"product_tag","embeddable":true,"href":"https:\/\/chulointeriors.com\/es\/wp-json\/wp\/v2\/product_tag?post=294594"}],"curies":[{"name":"wp","href":"https:\/\/api.w.org\/{rel}","templated":true}]}}