{"id":294584,"date":"2024-05-20T12:55:48","date_gmt":"2024-05-20T10:55:48","guid":{"rendered":"https:\/\/chulointeriors.com\/?post_type=product&#038;p=294584"},"modified":"2024-05-20T13:00:03","modified_gmt":"2024-05-20T11:00:03","slug":"conjunto-de-muebles-de-exterior-budapest","status":"publish","type":"product","link":"https:\/\/chulointeriors.com\/es\/product\/conjunto-de-muebles-de-exterior-budapest\/","title":{"rendered":"Conjunto de muebles de exterior Budapest"},"content":{"rendered":"<p>Donde la cuerda y el aluminio se unen, nace el conjunto Budapest, compuesto por un sof\u00e1 de tres plazas, dos sillones y una mesa de centro con tapa de m\u00e1rmol.<\/p>\n<p>La estructura es de aluminio revestido en polvo de color antracita y los detalles de cuerda sint\u00e9tica trenzada de color antracita, creando dise\u00f1o y elegancia.<\/p>\n<p>Altura de asiento de 470 mm para mayor comodidad.<\/p>\n<p>Tapizado de tela agora en el color que elija el cliente.<\/p>\n<p>Medidas (largo, ancho, alto):<br \/>Sof\u00e1 de tres plazas: 1800 x 850 x 750<br \/>Sill\u00f3n: 800 x 850 x 750<br \/>Mesa de centro 1200 x 600 x 460<\/p>\n","protected":false},"excerpt":{"rendered":"<p>Donde la cuerda y el aluminio se unen, nace el conjunto Budapest, compuesto por un sof\u00e1 de tres plazas, dos sillones y una mesa de centro con tapa de m\u00e1rmol. La estructura es de aluminio revestido en polvo de color antracita y los detalles de cuerda sint\u00e9tica trenzada de color antracita, creando dise\u00f1o y elegancia. [&hellip;]<\/p>\n","protected":false},"featured_media":294586,"comment_status":"open","ping_status":"closed","template":"","meta":{"_et_pb_use_builder":"","_et_pb_old_content":"","_et_gb_content_width":""},"product_brand":[],"product_cat":[2186,2185,2102,2180,789],"product_tag":[],"class_list":{"0":"post-294584","1":"product","2":"type-product","3":"status-publish","4":"has-post-thumbnail","6":"product_cat-establece-es","7":"product_cat-mesas","8":"product_cat-sillones-es","9":"product_cat-sofas-es-2","10":"product_cat-tumbonas","12":"first","13":"instock","14":"shipping-taxable","15":"purchasable","16":"product-type-simple"},"_links":{"self":[{"href":"https:\/\/chulointeriors.com\/es\/wp-json\/wp\/v2\/product\/294584","targetHints":{"allow":["GET"]}}],"collection":[{"href":"https:\/\/chulointeriors.com\/es\/wp-json\/wp\/v2\/product"}],"about":[{"href":"https:\/\/chulointeriors.com\/es\/wp-json\/wp\/v2\/types\/product"}],"replies":[{"embeddable":true,"href":"https:\/\/chulointeriors.com\/es\/wp-json\/wp\/v2\/comments?post=294584"}],"wp:featuredmedia":[{"embeddable":true,"href":"https:\/\/chulointeriors.com\/es\/wp-json\/wp\/v2\/media\/294586"}],"wp:attachment":[{"href":"https:\/\/chulointeriors.com\/es\/wp-json\/wp\/v2\/media?parent=294584"}],"wp:term":[{"taxonomy":"product_brand","embeddable":true,"href":"https:\/\/chulointeriors.com\/es\/wp-json\/wp\/v2\/product_brand?post=294584"},{"taxonomy":"product_cat","embeddable":true,"href":"https:\/\/chulointeriors.com\/es\/wp-json\/wp\/v2\/product_cat?post=294584"},{"taxonomy":"product_tag","embeddable":true,"href":"https:\/\/chulointeriors.com\/es\/wp-json\/wp\/v2\/product_tag?post=294584"}],"curies":[{"name":"wp","href":"https:\/\/api.w.org\/{rel}","templated":true}]}}