{"id":294574,"date":"2024-05-20T12:02:37","date_gmt":"2024-05-20T10:02:37","guid":{"rendered":"https:\/\/chulointeriors.com\/?post_type=product&#038;p=294574"},"modified":"2024-05-20T12:06:35","modified_gmt":"2024-05-20T10:06:35","slug":"conjunto-de-muebles-de-exterior-boston","status":"publish","type":"product","link":"https:\/\/chulointeriors.com\/es\/product\/conjunto-de-muebles-de-exterior-boston\/","title":{"rendered":"Conjunto de muebles de exterior Boston"},"content":{"rendered":"<p>El conjunto de sof\u00e1s Boston se compone de un sof\u00e1 de tres plazas, dos sillones y una mesa de centro.<\/p>\n<p>La estructura es de madera de teca natural reciclada y cuerda gris. La tapicer\u00eda es de color blanco \u00f3ptico y mineral. Se consigue as\u00ed un gran dise\u00f1o moderno y elegante.<\/p>\n<p>Altura de asiento de 460 mm para una mayor comodidad.<\/p>\n<p>Medidas (largo, ancho, alto):<br \/>Sof\u00e1 3 plazas: 2000 x 950 x 650<br \/>Sill\u00f3n 880 x 950 650<br \/>Mesa de centro: 700 x 700 320<\/p>\n","protected":false},"excerpt":{"rendered":"<p>El conjunto de sof\u00e1s Boston se compone de un sof\u00e1 de tres plazas, dos sillones y una mesa de centro. La estructura es de madera de teca natural reciclada y cuerda gris. La tapicer\u00eda es de color blanco \u00f3ptico y mineral. Se consigue as\u00ed un gran dise\u00f1o moderno y elegante. Altura de asiento de 460 [&hellip;]<\/p>\n","protected":false},"featured_media":294576,"comment_status":"open","ping_status":"closed","template":"","meta":{"_et_pb_use_builder":"","_et_pb_old_content":"","_et_gb_content_width":""},"product_brand":[],"product_cat":[2186,2185,2102,2180,789],"product_tag":[],"class_list":{"0":"post-294574","1":"product","2":"type-product","3":"status-publish","4":"has-post-thumbnail","6":"product_cat-establece-es","7":"product_cat-mesas","8":"product_cat-sillones-es","9":"product_cat-sofas-es-2","10":"product_cat-tumbonas","12":"first","13":"instock","14":"shipping-taxable","15":"purchasable","16":"product-type-simple"},"_links":{"self":[{"href":"https:\/\/chulointeriors.com\/es\/wp-json\/wp\/v2\/product\/294574","targetHints":{"allow":["GET"]}}],"collection":[{"href":"https:\/\/chulointeriors.com\/es\/wp-json\/wp\/v2\/product"}],"about":[{"href":"https:\/\/chulointeriors.com\/es\/wp-json\/wp\/v2\/types\/product"}],"replies":[{"embeddable":true,"href":"https:\/\/chulointeriors.com\/es\/wp-json\/wp\/v2\/comments?post=294574"}],"wp:featuredmedia":[{"embeddable":true,"href":"https:\/\/chulointeriors.com\/es\/wp-json\/wp\/v2\/media\/294576"}],"wp:attachment":[{"href":"https:\/\/chulointeriors.com\/es\/wp-json\/wp\/v2\/media?parent=294574"}],"wp:term":[{"taxonomy":"product_brand","embeddable":true,"href":"https:\/\/chulointeriors.com\/es\/wp-json\/wp\/v2\/product_brand?post=294574"},{"taxonomy":"product_cat","embeddable":true,"href":"https:\/\/chulointeriors.com\/es\/wp-json\/wp\/v2\/product_cat?post=294574"},{"taxonomy":"product_tag","embeddable":true,"href":"https:\/\/chulointeriors.com\/es\/wp-json\/wp\/v2\/product_tag?post=294574"}],"curies":[{"name":"wp","href":"https:\/\/api.w.org\/{rel}","templated":true}]}}