{"id":294556,"date":"2024-05-20T11:13:13","date_gmt":"2024-05-20T09:13:13","guid":{"rendered":"https:\/\/chulointeriors.com\/?post_type=product&#038;p=294556"},"modified":"2024-05-20T11:16:51","modified_gmt":"2024-05-20T09:16:51","slug":"sillon-de-exterior-nature","status":"publish","type":"product","link":"https:\/\/chulointeriors.com\/es\/product\/sillon-de-exterior-nature\/","title":{"rendered":"Sill\u00f3n de exterior Nature"},"content":{"rendered":"<p>El sill\u00f3n Nature est\u00e1 fabricado con una estructura de madera de teca y un revestimiento de cuerda sint\u00e9tica beige de alta calidad para soportar las condiciones ambientales del exterior.<\/p>\n<p>Tiene una altura de asiento de 450 mm y cojines de poli\u00e9ster impermeable en color piedra.<\/p>\n<p>Tambi\u00e9n disponible con tapizado Agora en tejido a elecci\u00f3n del cliente.<\/p>\n<p>Medidas (largo, ancho, alto): 840 x 770 x 750 mm<\/p>\n","protected":false},"excerpt":{"rendered":"<p>El sill\u00f3n Nature est\u00e1 fabricado con una estructura de madera de teca y un revestimiento de cuerda sint\u00e9tica beige de alta calidad para soportar las condiciones ambientales del exterior. Tiene una altura de asiento de 450 mm y cojines de poli\u00e9ster impermeable en color piedra. Tambi\u00e9n disponible con tapizado Agora en tejido a elecci\u00f3n del [&hellip;]<\/p>\n","protected":false},"featured_media":294558,"comment_status":"open","ping_status":"closed","template":"","meta":{"_et_pb_use_builder":"","_et_pb_old_content":"","_et_gb_content_width":""},"product_brand":[],"product_cat":[2102],"product_tag":[],"class_list":{"0":"post-294556","1":"product","2":"type-product","3":"status-publish","4":"has-post-thumbnail","6":"product_cat-sillones-es","8":"first","9":"instock","10":"shipping-taxable","11":"purchasable","12":"product-type-simple"},"_links":{"self":[{"href":"https:\/\/chulointeriors.com\/es\/wp-json\/wp\/v2\/product\/294556","targetHints":{"allow":["GET"]}}],"collection":[{"href":"https:\/\/chulointeriors.com\/es\/wp-json\/wp\/v2\/product"}],"about":[{"href":"https:\/\/chulointeriors.com\/es\/wp-json\/wp\/v2\/types\/product"}],"replies":[{"embeddable":true,"href":"https:\/\/chulointeriors.com\/es\/wp-json\/wp\/v2\/comments?post=294556"}],"wp:featuredmedia":[{"embeddable":true,"href":"https:\/\/chulointeriors.com\/es\/wp-json\/wp\/v2\/media\/294558"}],"wp:attachment":[{"href":"https:\/\/chulointeriors.com\/es\/wp-json\/wp\/v2\/media?parent=294556"}],"wp:term":[{"taxonomy":"product_brand","embeddable":true,"href":"https:\/\/chulointeriors.com\/es\/wp-json\/wp\/v2\/product_brand?post=294556"},{"taxonomy":"product_cat","embeddable":true,"href":"https:\/\/chulointeriors.com\/es\/wp-json\/wp\/v2\/product_cat?post=294556"},{"taxonomy":"product_tag","embeddable":true,"href":"https:\/\/chulointeriors.com\/es\/wp-json\/wp\/v2\/product_tag?post=294556"}],"curies":[{"name":"wp","href":"https:\/\/api.w.org\/{rel}","templated":true}]}}