{"id":294540,"date":"2024-05-20T10:46:58","date_gmt":"2024-05-20T08:46:58","guid":{"rendered":"https:\/\/chulointeriors.com\/?post_type=product&#038;p=294540"},"modified":"2024-05-20T10:52:43","modified_gmt":"2024-05-20T08:52:43","slug":"silla-de-exterior-nature","status":"publish","type":"product","link":"https:\/\/chulointeriors.com\/es\/product\/silla-de-exterior-nature\/","title":{"rendered":"Silla de exterior Nature"},"content":{"rendered":"<p>El sill\u00f3n Nature est\u00e1 fabricado con estructura de madera de teca y tapizado en cuerda sint\u00e9tica beige de alta calidad para soportar las condiciones ambientales del exterior.<\/p>\n<p>Cojines de poli\u00e9ster hidr\u00f3fugo en color piedra.<\/p>\n<p>Tambi\u00e9n disponible con tapizado Agora en el tejido que elija el cliente.<\/p>\n<p>Medidas (largo, ancho, alto): 620 x 620 x 810 mm<\/p>\n","protected":false},"excerpt":{"rendered":"<p>El sill\u00f3n Nature est\u00e1 fabricado con estructura de madera de teca y tapizado en cuerda sint\u00e9tica beige de alta calidad para soportar las condiciones ambientales del exterior. Cojines de poli\u00e9ster hidr\u00f3fugo en color piedra. Tambi\u00e9n disponible con tapizado Agora en el tejido que elija el cliente. Medidas (largo, ancho, alto): 620 x 620 x 810 [&hellip;]<\/p>\n","protected":false},"featured_media":294542,"comment_status":"open","ping_status":"closed","template":"","meta":{"_et_pb_use_builder":"","_et_pb_old_content":"","_et_gb_content_width":""},"product_brand":[],"product_cat":[2183],"product_tag":[],"class_list":{"0":"post-294540","1":"product","2":"type-product","3":"status-publish","4":"has-post-thumbnail","6":"product_cat-sillas-es","8":"first","9":"instock","10":"shipping-taxable","11":"purchasable","12":"product-type-simple"},"_links":{"self":[{"href":"https:\/\/chulointeriors.com\/es\/wp-json\/wp\/v2\/product\/294540","targetHints":{"allow":["GET"]}}],"collection":[{"href":"https:\/\/chulointeriors.com\/es\/wp-json\/wp\/v2\/product"}],"about":[{"href":"https:\/\/chulointeriors.com\/es\/wp-json\/wp\/v2\/types\/product"}],"replies":[{"embeddable":true,"href":"https:\/\/chulointeriors.com\/es\/wp-json\/wp\/v2\/comments?post=294540"}],"wp:featuredmedia":[{"embeddable":true,"href":"https:\/\/chulointeriors.com\/es\/wp-json\/wp\/v2\/media\/294542"}],"wp:attachment":[{"href":"https:\/\/chulointeriors.com\/es\/wp-json\/wp\/v2\/media?parent=294540"}],"wp:term":[{"taxonomy":"product_brand","embeddable":true,"href":"https:\/\/chulointeriors.com\/es\/wp-json\/wp\/v2\/product_brand?post=294540"},{"taxonomy":"product_cat","embeddable":true,"href":"https:\/\/chulointeriors.com\/es\/wp-json\/wp\/v2\/product_cat?post=294540"},{"taxonomy":"product_tag","embeddable":true,"href":"https:\/\/chulointeriors.com\/es\/wp-json\/wp\/v2\/product_tag?post=294540"}],"curies":[{"name":"wp","href":"https:\/\/api.w.org\/{rel}","templated":true}]}}