{"id":294521,"date":"2024-05-17T17:35:22","date_gmt":"2024-05-17T15:35:22","guid":{"rendered":"https:\/\/chulointeriors.com\/?post_type=product&#038;p=294521"},"modified":"2024-10-24T17:18:50","modified_gmt":"2024-10-24T15:18:50","slug":"silla-indigo","status":"publish","type":"product","link":"https:\/\/chulointeriors.com\/es\/product\/silla-indigo\/","title":{"rendered":"Silla Indigo"},"content":{"rendered":"<p>Nuestro sill\u00f3n de exterior Indigo est\u00e1 dise\u00f1ado con una estructura de aluminio pintada con pintura en polvo antracita y cuerda sint\u00e9tica beige.<\/p>\n<p>Cojines de asiento y respaldo de poli\u00e9ster beige.<\/p>\n<p>Medidas (largo, ancho, alto): 610 x 600 x 800<\/p>\n","protected":false},"excerpt":{"rendered":"<p>Nuestro sill\u00f3n de exterior Indigo est\u00e1 dise\u00f1ado con una estructura de aluminio pintada con pintura en polvo antracita y cuerda sint\u00e9tica beige. Cojines de asiento y respaldo de poli\u00e9ster beige. Medidas (largo, ancho, alto): 610 x 600 x 800<\/p>\n","protected":false},"featured_media":294523,"comment_status":"open","ping_status":"closed","template":"","meta":{"_et_pb_use_builder":"","_et_pb_old_content":"","_et_gb_content_width":""},"product_brand":[],"product_cat":[2183],"product_tag":[],"class_list":{"0":"post-294521","1":"product","2":"type-product","3":"status-publish","4":"has-post-thumbnail","6":"product_cat-sillas-es","8":"first","9":"instock","10":"shipping-taxable","11":"purchasable","12":"product-type-simple"},"_links":{"self":[{"href":"https:\/\/chulointeriors.com\/es\/wp-json\/wp\/v2\/product\/294521","targetHints":{"allow":["GET"]}}],"collection":[{"href":"https:\/\/chulointeriors.com\/es\/wp-json\/wp\/v2\/product"}],"about":[{"href":"https:\/\/chulointeriors.com\/es\/wp-json\/wp\/v2\/types\/product"}],"replies":[{"embeddable":true,"href":"https:\/\/chulointeriors.com\/es\/wp-json\/wp\/v2\/comments?post=294521"}],"wp:featuredmedia":[{"embeddable":true,"href":"https:\/\/chulointeriors.com\/es\/wp-json\/wp\/v2\/media\/294523"}],"wp:attachment":[{"href":"https:\/\/chulointeriors.com\/es\/wp-json\/wp\/v2\/media?parent=294521"}],"wp:term":[{"taxonomy":"product_brand","embeddable":true,"href":"https:\/\/chulointeriors.com\/es\/wp-json\/wp\/v2\/product_brand?post=294521"},{"taxonomy":"product_cat","embeddable":true,"href":"https:\/\/chulointeriors.com\/es\/wp-json\/wp\/v2\/product_cat?post=294521"},{"taxonomy":"product_tag","embeddable":true,"href":"https:\/\/chulointeriors.com\/es\/wp-json\/wp\/v2\/product_tag?post=294521"}],"curies":[{"name":"wp","href":"https:\/\/api.w.org\/{rel}","templated":true}]}}