{"id":294511,"date":"2024-05-17T17:30:01","date_gmt":"2024-05-17T15:30:01","guid":{"rendered":"https:\/\/chulointeriors.com\/?post_type=product&#038;p=294511"},"modified":"2024-10-24T17:18:52","modified_gmt":"2024-10-24T15:18:52","slug":"sofa-indigo","status":"publish","type":"product","link":"https:\/\/chulointeriors.com\/es\/product\/sofa-indigo\/","title":{"rendered":"Sof\u00e1 Indigo"},"content":{"rendered":"<p>El sof\u00e1 de 3 plazas Indigo est\u00e1 fabricado con una estructura de aluminio y un revestimiento de cuerda sint\u00e9tica beige de alta calidad para soportar las condiciones ambientales exteriores.<\/p>\n<p>Tiene una altura de asiento de 450 mm y cojines de poli\u00e9ster impermeable beige y un grosor de coj\u00edn de asiento de 140 mm.<\/p>\n<p>Tambi\u00e9n disponible con tapizado Agora en el tejido que elija el cliente.<\/p>\n<p>Dimensiones (largo, ancho, alto): 2000 x 750 x 750 mm<\/p>\n","protected":false},"excerpt":{"rendered":"<p>El sof\u00e1 de 3 plazas Indigo est\u00e1 fabricado con una estructura de aluminio y un revestimiento de cuerda sint\u00e9tica beige de alta calidad para soportar las condiciones ambientales exteriores. Tiene una altura de asiento de 450 mm y cojines de poli\u00e9ster impermeable beige y un grosor de coj\u00edn de asiento de 140 mm. Tambi\u00e9n disponible [&hellip;]<\/p>\n","protected":false},"featured_media":294513,"comment_status":"open","ping_status":"closed","template":"","meta":{"_et_pb_use_builder":"","_et_pb_old_content":"","_et_gb_content_width":""},"product_brand":[],"product_cat":[2180],"product_tag":[],"class_list":{"0":"post-294511","1":"product","2":"type-product","3":"status-publish","4":"has-post-thumbnail","6":"product_cat-sofas-es-2","8":"first","9":"instock","10":"shipping-taxable","11":"purchasable","12":"product-type-simple"},"_links":{"self":[{"href":"https:\/\/chulointeriors.com\/es\/wp-json\/wp\/v2\/product\/294511","targetHints":{"allow":["GET"]}}],"collection":[{"href":"https:\/\/chulointeriors.com\/es\/wp-json\/wp\/v2\/product"}],"about":[{"href":"https:\/\/chulointeriors.com\/es\/wp-json\/wp\/v2\/types\/product"}],"replies":[{"embeddable":true,"href":"https:\/\/chulointeriors.com\/es\/wp-json\/wp\/v2\/comments?post=294511"}],"wp:featuredmedia":[{"embeddable":true,"href":"https:\/\/chulointeriors.com\/es\/wp-json\/wp\/v2\/media\/294513"}],"wp:attachment":[{"href":"https:\/\/chulointeriors.com\/es\/wp-json\/wp\/v2\/media?parent=294511"}],"wp:term":[{"taxonomy":"product_brand","embeddable":true,"href":"https:\/\/chulointeriors.com\/es\/wp-json\/wp\/v2\/product_brand?post=294511"},{"taxonomy":"product_cat","embeddable":true,"href":"https:\/\/chulointeriors.com\/es\/wp-json\/wp\/v2\/product_cat?post=294511"},{"taxonomy":"product_tag","embeddable":true,"href":"https:\/\/chulointeriors.com\/es\/wp-json\/wp\/v2\/product_tag?post=294511"}],"curies":[{"name":"wp","href":"https:\/\/api.w.org\/{rel}","templated":true}]}}