{"id":294466,"date":"2024-05-16T14:42:13","date_gmt":"2024-05-16T12:42:13","guid":{"rendered":"https:\/\/chulointeriors.com\/?post_type=product&#038;p=294466"},"modified":"2024-05-16T14:45:57","modified_gmt":"2024-05-16T12:45:57","slug":"silla-ocean","status":"publish","type":"product","link":"https:\/\/chulointeriors.com\/es\/product\/silla-ocean\/","title":{"rendered":"Silla Ocean"},"content":{"rendered":"<p>Nuestro sill\u00f3n Ocean est\u00e1 dise\u00f1ado con una estructura de aluminio con revestimiento en polvo antracita y cuerda trenzada gris.<\/p>\n<p>Cojines de poli\u00e9ster gris.<\/p>\n<p>Dise\u00f1o apilable.<\/p>\n<p>Dimensiones (L. A. A): 590 x 640 x 790<\/p>\n","protected":false},"excerpt":{"rendered":"<p>Nuestro sill\u00f3n Ocean est\u00e1 dise\u00f1ado con una estructura de aluminio con revestimiento en polvo antracita y cuerda trenzada gris. Cojines de poli\u00e9ster gris. Dise\u00f1o apilable. Dimensiones (L. A. A): 590 x 640 x 790<\/p>\n","protected":false},"featured_media":294468,"comment_status":"open","ping_status":"closed","template":"","meta":{"_et_pb_use_builder":"","_et_pb_old_content":"","_et_gb_content_width":""},"product_brand":[],"product_cat":[2183],"product_tag":[],"class_list":{"0":"post-294466","1":"product","2":"type-product","3":"status-publish","4":"has-post-thumbnail","6":"product_cat-sillas-es","8":"first","9":"instock","10":"shipping-taxable","11":"purchasable","12":"product-type-simple"},"_links":{"self":[{"href":"https:\/\/chulointeriors.com\/es\/wp-json\/wp\/v2\/product\/294466","targetHints":{"allow":["GET"]}}],"collection":[{"href":"https:\/\/chulointeriors.com\/es\/wp-json\/wp\/v2\/product"}],"about":[{"href":"https:\/\/chulointeriors.com\/es\/wp-json\/wp\/v2\/types\/product"}],"replies":[{"embeddable":true,"href":"https:\/\/chulointeriors.com\/es\/wp-json\/wp\/v2\/comments?post=294466"}],"wp:featuredmedia":[{"embeddable":true,"href":"https:\/\/chulointeriors.com\/es\/wp-json\/wp\/v2\/media\/294468"}],"wp:attachment":[{"href":"https:\/\/chulointeriors.com\/es\/wp-json\/wp\/v2\/media?parent=294466"}],"wp:term":[{"taxonomy":"product_brand","embeddable":true,"href":"https:\/\/chulointeriors.com\/es\/wp-json\/wp\/v2\/product_brand?post=294466"},{"taxonomy":"product_cat","embeddable":true,"href":"https:\/\/chulointeriors.com\/es\/wp-json\/wp\/v2\/product_cat?post=294466"},{"taxonomy":"product_tag","embeddable":true,"href":"https:\/\/chulointeriors.com\/es\/wp-json\/wp\/v2\/product_tag?post=294466"}],"curies":[{"name":"wp","href":"https:\/\/api.w.org\/{rel}","templated":true}]}}