{"id":294440,"date":"2024-05-16T13:06:41","date_gmt":"2024-05-16T11:06:41","guid":{"rendered":"https:\/\/chulointeriors.com\/?post_type=product&#038;p=294440"},"modified":"2024-05-16T13:29:03","modified_gmt":"2024-05-16T11:29:03","slug":"sofa-ocean-3-plazas","status":"publish","type":"product","link":"https:\/\/chulointeriors.com\/es\/product\/sofa-ocean-3-plazas\/","title":{"rendered":"Sof\u00e1 Ocean 3 plazas"},"content":{"rendered":"<p>El sof\u00e1 Ocean de 3 plazas est\u00e1 fabricado con estructura de aluminio y tapicer\u00eda de cuerda sint\u00e9tica gris de alta calidad para soportar las condiciones ambientales del exterior.<\/p>\n<p>Tiene una altura de asiento de 380 mm y cojines de poli\u00e9ster impermeable de color gris.<\/p>\n<p>Tambi\u00e9n est\u00e1 disponible con tapizado Agora en el tejido que elija el cliente.<\/p>\n<p>Dimensiones (largo, ancho, alto): 2200 x 830 x 620 mm<\/p>\n","protected":false},"excerpt":{"rendered":"<p>El sof\u00e1 Ocean de 3 plazas est\u00e1 fabricado con estructura de aluminio y tapicer\u00eda de cuerda sint\u00e9tica gris de alta calidad para soportar las condiciones ambientales del exterior. Tiene una altura de asiento de 380 mm y cojines de poli\u00e9ster impermeable de color gris. Tambi\u00e9n est\u00e1 disponible con tapizado Agora en el tejido que elija [&hellip;]<\/p>\n","protected":false},"featured_media":294442,"comment_status":"open","ping_status":"closed","template":"","meta":{"_et_pb_use_builder":"","_et_pb_old_content":"","_et_gb_content_width":""},"product_brand":[],"product_cat":[2180],"product_tag":[],"class_list":{"0":"post-294440","1":"product","2":"type-product","3":"status-publish","4":"has-post-thumbnail","6":"product_cat-sofas-es-2","8":"first","9":"instock","10":"shipping-taxable","11":"purchasable","12":"product-type-simple"},"_links":{"self":[{"href":"https:\/\/chulointeriors.com\/es\/wp-json\/wp\/v2\/product\/294440","targetHints":{"allow":["GET"]}}],"collection":[{"href":"https:\/\/chulointeriors.com\/es\/wp-json\/wp\/v2\/product"}],"about":[{"href":"https:\/\/chulointeriors.com\/es\/wp-json\/wp\/v2\/types\/product"}],"replies":[{"embeddable":true,"href":"https:\/\/chulointeriors.com\/es\/wp-json\/wp\/v2\/comments?post=294440"}],"wp:featuredmedia":[{"embeddable":true,"href":"https:\/\/chulointeriors.com\/es\/wp-json\/wp\/v2\/media\/294442"}],"wp:attachment":[{"href":"https:\/\/chulointeriors.com\/es\/wp-json\/wp\/v2\/media?parent=294440"}],"wp:term":[{"taxonomy":"product_brand","embeddable":true,"href":"https:\/\/chulointeriors.com\/es\/wp-json\/wp\/v2\/product_brand?post=294440"},{"taxonomy":"product_cat","embeddable":true,"href":"https:\/\/chulointeriors.com\/es\/wp-json\/wp\/v2\/product_cat?post=294440"},{"taxonomy":"product_tag","embeddable":true,"href":"https:\/\/chulointeriors.com\/es\/wp-json\/wp\/v2\/product_tag?post=294440"}],"curies":[{"name":"wp","href":"https:\/\/api.w.org\/{rel}","templated":true}]}}