{"id":294434,"date":"2024-05-16T12:52:05","date_gmt":"2024-05-16T10:52:05","guid":{"rendered":"https:\/\/chulointeriors.com\/?post_type=product&#038;p=294434"},"modified":"2024-05-16T12:55:18","modified_gmt":"2024-05-16T10:55:18","slug":"sofa-samba","status":"publish","type":"product","link":"https:\/\/chulointeriors.com\/es\/product\/sofa-samba\/","title":{"rendered":"Sofa Samba"},"content":{"rendered":"<p>La butaca Samba est\u00e1 dise\u00f1ada para crear un sof\u00e1 de exterior tan grande como quieras y puedas jugar con las diferentes piezas para dise\u00f1ar el sof\u00e1 con las medidas que necesites.<\/p>\n<p>Est\u00e1 fabricado con estructura de teca y respaldo en tubo de aluminio pintado en gris antracita y batylene antracita de alta calidad para soportar las condiciones ambientales de exterior.<\/p>\n<p>Tiene una altura de asiento de 450 mm y cojines fabricados en Agora.<\/p>\n<p>Dimensiones (L, A, A): 1800 x 900 x 640 mm<\/p>\n","protected":false},"excerpt":{"rendered":"<p>La butaca Samba est\u00e1 dise\u00f1ada para crear un sof\u00e1 de exterior tan grande como quieras y puedas jugar con las diferentes piezas para dise\u00f1ar el sof\u00e1 con las medidas que necesites. Est\u00e1 fabricado con estructura de teca y respaldo en tubo de aluminio pintado en gris antracita y batylene antracita de alta calidad para soportar [&hellip;]<\/p>\n","protected":false},"featured_media":294436,"comment_status":"open","ping_status":"closed","template":"","meta":{"_et_pb_use_builder":"","_et_pb_old_content":"","_et_gb_content_width":""},"product_brand":[],"product_cat":[2180],"product_tag":[],"class_list":{"0":"post-294434","1":"product","2":"type-product","3":"status-publish","4":"has-post-thumbnail","6":"product_cat-sofas-es-2","8":"first","9":"instock","10":"shipping-taxable","11":"purchasable","12":"product-type-simple"},"_links":{"self":[{"href":"https:\/\/chulointeriors.com\/es\/wp-json\/wp\/v2\/product\/294434","targetHints":{"allow":["GET"]}}],"collection":[{"href":"https:\/\/chulointeriors.com\/es\/wp-json\/wp\/v2\/product"}],"about":[{"href":"https:\/\/chulointeriors.com\/es\/wp-json\/wp\/v2\/types\/product"}],"replies":[{"embeddable":true,"href":"https:\/\/chulointeriors.com\/es\/wp-json\/wp\/v2\/comments?post=294434"}],"wp:featuredmedia":[{"embeddable":true,"href":"https:\/\/chulointeriors.com\/es\/wp-json\/wp\/v2\/media\/294436"}],"wp:attachment":[{"href":"https:\/\/chulointeriors.com\/es\/wp-json\/wp\/v2\/media?parent=294434"}],"wp:term":[{"taxonomy":"product_brand","embeddable":true,"href":"https:\/\/chulointeriors.com\/es\/wp-json\/wp\/v2\/product_brand?post=294434"},{"taxonomy":"product_cat","embeddable":true,"href":"https:\/\/chulointeriors.com\/es\/wp-json\/wp\/v2\/product_cat?post=294434"},{"taxonomy":"product_tag","embeddable":true,"href":"https:\/\/chulointeriors.com\/es\/wp-json\/wp\/v2\/product_tag?post=294434"}],"curies":[{"name":"wp","href":"https:\/\/api.w.org\/{rel}","templated":true}]}}