{"id":294360,"date":"2024-04-26T14:49:16","date_gmt":"2024-04-26T12:49:16","guid":{"rendered":"https:\/\/chulointeriors.com\/?post_type=product&#038;p=294360"},"modified":"2024-04-26T14:56:46","modified_gmt":"2024-04-26T12:56:46","slug":"lampara-de-pared-glow","status":"publish","type":"product","link":"https:\/\/chulointeriors.com\/es\/product\/lampara-de-pared-glow\/","title":{"rendered":"L\u00e1mpara de pared Glow"},"content":{"rendered":"<p>H 120 mm<br \/>\u00d8 280 mm<\/p>\n<p>Cristal transparente \/ Lat\u00f3n viejo<\/p>\n<p>Preciosa l\u00e1mpara de pared de cristal de la marca belga &#8216;By Eve&#8217;. Estas l\u00e1mparas de pared est\u00e1n hechas de vidrio soplado a boca y, gracias a su fuente de luz visible, crean inmediatamente un ambiente c\u00e1lido y acogedor en su hogar.<\/p>\n<p>La l\u00e1mpara de pared &#8220;Glow&#8221; es de cristal transparente con un acabado dorado. Con esta l\u00e1mpara de pared se incluye una l\u00e1mpara LED de espejo a juego. La l\u00e1mpara de espejo proporciona una luz agradable.<\/p>\n<p>Combine esta l\u00e1mpara de pared con la l\u00e1mpara de pie &#8220;Glow&#8221; de By Eve.<\/p>\n","protected":false},"excerpt":{"rendered":"<p>H 120 mm\u00d8 280 mm Cristal transparente \/ Lat\u00f3n viejo Preciosa l\u00e1mpara de pared de cristal de la marca belga &#8216;By Eve&#8217;. Estas l\u00e1mparas de pared est\u00e1n hechas de vidrio soplado a boca y, gracias a su fuente de luz visible, crean inmediatamente un ambiente c\u00e1lido y acogedor en su hogar. La l\u00e1mpara de pared [&hellip;]<\/p>\n","protected":false},"featured_media":294362,"comment_status":"open","ping_status":"closed","template":"","meta":{"_et_pb_use_builder":"","_et_pb_old_content":"","_et_gb_content_width":""},"product_brand":[],"product_cat":[786],"product_tag":[],"class_list":{"0":"post-294360","1":"product","2":"type-product","3":"status-publish","4":"has-post-thumbnail","6":"product_cat-lamparas-de-pared","8":"first","9":"instock","10":"shipping-taxable","11":"purchasable","12":"product-type-simple"},"_links":{"self":[{"href":"https:\/\/chulointeriors.com\/es\/wp-json\/wp\/v2\/product\/294360","targetHints":{"allow":["GET"]}}],"collection":[{"href":"https:\/\/chulointeriors.com\/es\/wp-json\/wp\/v2\/product"}],"about":[{"href":"https:\/\/chulointeriors.com\/es\/wp-json\/wp\/v2\/types\/product"}],"replies":[{"embeddable":true,"href":"https:\/\/chulointeriors.com\/es\/wp-json\/wp\/v2\/comments?post=294360"}],"wp:featuredmedia":[{"embeddable":true,"href":"https:\/\/chulointeriors.com\/es\/wp-json\/wp\/v2\/media\/294362"}],"wp:attachment":[{"href":"https:\/\/chulointeriors.com\/es\/wp-json\/wp\/v2\/media?parent=294360"}],"wp:term":[{"taxonomy":"product_brand","embeddable":true,"href":"https:\/\/chulointeriors.com\/es\/wp-json\/wp\/v2\/product_brand?post=294360"},{"taxonomy":"product_cat","embeddable":true,"href":"https:\/\/chulointeriors.com\/es\/wp-json\/wp\/v2\/product_cat?post=294360"},{"taxonomy":"product_tag","embeddable":true,"href":"https:\/\/chulointeriors.com\/es\/wp-json\/wp\/v2\/product_tag?post=294360"}],"curies":[{"name":"wp","href":"https:\/\/api.w.org\/{rel}","templated":true}]}}