{"id":294306,"date":"2024-04-26T13:07:17","date_gmt":"2024-04-26T11:07:17","guid":{"rendered":"https:\/\/chulointeriors.com\/?post_type=product&#038;p=294306"},"modified":"2024-04-26T13:19:34","modified_gmt":"2024-04-26T11:19:34","slug":"lampara-pared-tambor-s","status":"publish","type":"product","link":"https:\/\/chulointeriors.com\/es\/product\/lampara-pared-tambor-s\/","title":{"rendered":"L\u00e1mpara Pared Tambor S"},"content":{"rendered":"<p>H 240 mm<br \/>\u00d8 240 mm<\/p>\n<p>Preciosa l\u00e1mpara de pared de cristal de la marca belga &#8216;By Eve&#8217;. Estas l\u00e1mparas de pared est\u00e1n hechas de vidrio soplado a boca y, gracias a su fuente de luz visible, crean inmediatamente un ambiente c\u00e1lido y acogedor en su hogar.<\/p>\n<p>Las l\u00e1mparas de pared de &#8216;By Eve&#8217; est\u00e1n disponibles en diferentes formas y colores. As\u00ed podr\u00e1 componer completamente su l\u00e1mpara colgante como desee. Se entregan siempre con una bombilla a juego.<\/p>\n<p>La l\u00e1mpara de pared &#8216;Wall Drum&#8217; est\u00e1 disponible en diferentes colores: champ\u00e1n, gris, esmerilado, negro con base negra.<\/p>\n","protected":false},"excerpt":{"rendered":"<p>H 240 mm\u00d8 240 mm Preciosa l\u00e1mpara de pared de cristal de la marca belga &#8216;By Eve&#8217;. Estas l\u00e1mparas de pared est\u00e1n hechas de vidrio soplado a boca y, gracias a su fuente de luz visible, crean inmediatamente un ambiente c\u00e1lido y acogedor en su hogar. Las l\u00e1mparas de pared de &#8216;By Eve&#8217; est\u00e1n disponibles [&hellip;]<\/p>\n","protected":false},"featured_media":294316,"comment_status":"open","ping_status":"closed","template":"","meta":{"_et_pb_use_builder":"","_et_pb_old_content":"","_et_gb_content_width":""},"product_brand":[],"product_cat":[786],"product_tag":[],"class_list":{"0":"post-294306","1":"product","2":"type-product","3":"status-publish","4":"has-post-thumbnail","6":"product_cat-lamparas-de-pared","8":"first","9":"instock","10":"shipping-taxable","11":"purchasable","12":"product-type-variable"},"_links":{"self":[{"href":"https:\/\/chulointeriors.com\/es\/wp-json\/wp\/v2\/product\/294306","targetHints":{"allow":["GET"]}}],"collection":[{"href":"https:\/\/chulointeriors.com\/es\/wp-json\/wp\/v2\/product"}],"about":[{"href":"https:\/\/chulointeriors.com\/es\/wp-json\/wp\/v2\/types\/product"}],"replies":[{"embeddable":true,"href":"https:\/\/chulointeriors.com\/es\/wp-json\/wp\/v2\/comments?post=294306"}],"wp:featuredmedia":[{"embeddable":true,"href":"https:\/\/chulointeriors.com\/es\/wp-json\/wp\/v2\/media\/294316"}],"wp:attachment":[{"href":"https:\/\/chulointeriors.com\/es\/wp-json\/wp\/v2\/media?parent=294306"}],"wp:term":[{"taxonomy":"product_brand","embeddable":true,"href":"https:\/\/chulointeriors.com\/es\/wp-json\/wp\/v2\/product_brand?post=294306"},{"taxonomy":"product_cat","embeddable":true,"href":"https:\/\/chulointeriors.com\/es\/wp-json\/wp\/v2\/product_cat?post=294306"},{"taxonomy":"product_tag","embeddable":true,"href":"https:\/\/chulointeriors.com\/es\/wp-json\/wp\/v2\/product_tag?post=294306"}],"curies":[{"name":"wp","href":"https:\/\/api.w.org\/{rel}","templated":true}]}}