{"id":294281,"date":"2024-04-26T11:58:27","date_gmt":"2024-04-26T09:58:27","guid":{"rendered":"https:\/\/chulointeriors.com\/?post_type=product&#038;p=294281"},"modified":"2024-04-26T12:32:39","modified_gmt":"2024-04-26T10:32:39","slug":"lampara-de-pared-zepp","status":"publish","type":"product","link":"https:\/\/chulointeriors.com\/es\/product\/lampara-de-pared-zepp\/","title":{"rendered":"L\u00e1mpara de pared Zepp"},"content":{"rendered":"<p>H 270 mm<br \/>\u00d8 270 mm<\/p>\n<p>Preciosa l\u00e1mpara de pared de cristal de la marca belga &#8216;By Eve&#8217;. Estas l\u00e1mparas de pared est\u00e1n hechas de vidrio soplado a boca y, gracias a su fuente de luz visible, crean inmediatamente un ambiente c\u00e1lido y acogedor en su hogar.<\/p>\n<p>Las l\u00e1mparas de pared de &#8216;By Eve&#8217; est\u00e1n disponibles en diferentes formas y colores. As\u00ed podr\u00e1 componer completamente su l\u00e1mpara colgante como desee. Se entregan siempre con una bombilla a juego.<\/p>\n<p>La l\u00e1mpara de pared &#8216;Wall Zepp&#8217; est\u00e1 disponible en diferentes colores: champ\u00e1n, gris y humo met\u00e1lico.<\/p>\n","protected":false},"excerpt":{"rendered":"<p>H 270 mm\u00d8 270 mm Preciosa l\u00e1mpara de pared de cristal de la marca belga &#8216;By Eve&#8217;. Estas l\u00e1mparas de pared est\u00e1n hechas de vidrio soplado a boca y, gracias a su fuente de luz visible, crean inmediatamente un ambiente c\u00e1lido y acogedor en su hogar. Las l\u00e1mparas de pared de &#8216;By Eve&#8217; est\u00e1n disponibles [&hellip;]<\/p>\n","protected":false},"featured_media":294289,"comment_status":"open","ping_status":"closed","template":"","meta":{"_et_pb_use_builder":"","_et_pb_old_content":"","_et_gb_content_width":""},"product_brand":[],"product_cat":[786],"product_tag":[],"class_list":{"0":"post-294281","1":"product","2":"type-product","3":"status-publish","4":"has-post-thumbnail","6":"product_cat-lamparas-de-pared","8":"first","9":"instock","10":"shipping-taxable","11":"purchasable","12":"product-type-variable"},"_links":{"self":[{"href":"https:\/\/chulointeriors.com\/es\/wp-json\/wp\/v2\/product\/294281","targetHints":{"allow":["GET"]}}],"collection":[{"href":"https:\/\/chulointeriors.com\/es\/wp-json\/wp\/v2\/product"}],"about":[{"href":"https:\/\/chulointeriors.com\/es\/wp-json\/wp\/v2\/types\/product"}],"replies":[{"embeddable":true,"href":"https:\/\/chulointeriors.com\/es\/wp-json\/wp\/v2\/comments?post=294281"}],"wp:featuredmedia":[{"embeddable":true,"href":"https:\/\/chulointeriors.com\/es\/wp-json\/wp\/v2\/media\/294289"}],"wp:attachment":[{"href":"https:\/\/chulointeriors.com\/es\/wp-json\/wp\/v2\/media?parent=294281"}],"wp:term":[{"taxonomy":"product_brand","embeddable":true,"href":"https:\/\/chulointeriors.com\/es\/wp-json\/wp\/v2\/product_brand?post=294281"},{"taxonomy":"product_cat","embeddable":true,"href":"https:\/\/chulointeriors.com\/es\/wp-json\/wp\/v2\/product_cat?post=294281"},{"taxonomy":"product_tag","embeddable":true,"href":"https:\/\/chulointeriors.com\/es\/wp-json\/wp\/v2\/product_tag?post=294281"}],"curies":[{"name":"wp","href":"https:\/\/api.w.org\/{rel}","templated":true}]}}