{"id":294200,"date":"2024-04-25T12:35:49","date_gmt":"2024-04-25T10:35:49","guid":{"rendered":"https:\/\/chulointeriors.com\/?post_type=product&#038;p=294200"},"modified":"2024-04-26T11:12:40","modified_gmt":"2024-04-26T09:12:40","slug":"lampara-pared-l-conica","status":"publish","type":"product","link":"https:\/\/chulointeriors.com\/es\/product\/lampara-pared-l-conica\/","title":{"rendered":"L\u00e1mpara Pared L C\u00f3nica"},"content":{"rendered":"<p>H 400 mm<br \/>\u00d8 Cristal:150 mm x 300 mm<\/p>\n<p>Preciosa l\u00e1mpara de pared de cristal de la marca belga &#8216;By Eve&#8217;. Estas l\u00e1mparas de pared est\u00e1n hechas de vidrio soplado y, gracias a su fuente de luz visible, crean de inmediato un ambiente c\u00e1lido y acogedor en su hogar.<\/p>\n<p>Las l\u00e1mparas de pared de &#8216;By Eve&#8217; est\u00e1n disponibles en diferentes formas y colores. As\u00ed podr\u00e1 componer completamente su l\u00e1mpara colgante como desee. Se entregan siempre con una bombilla a juego.<\/p>\n<p>El aplique &#8216;Wall Conic&#8217; est\u00e1 disponible en diferentes colores: champ\u00e1n con base negra, gris con base negra, gris con base blanca, humo met\u00e1lico con base negra y negro con base negra.<\/p>\n","protected":false},"excerpt":{"rendered":"<p>H 400 mm\u00d8 Cristal:150 mm x 300 mm Preciosa l\u00e1mpara de pared de cristal de la marca belga &#8216;By Eve&#8217;. Estas l\u00e1mparas de pared est\u00e1n hechas de vidrio soplado y, gracias a su fuente de luz visible, crean de inmediato un ambiente c\u00e1lido y acogedor en su hogar. Las l\u00e1mparas de pared de &#8216;By Eve&#8217; [&hellip;]<\/p>\n","protected":false},"featured_media":294213,"comment_status":"open","ping_status":"closed","template":"","meta":{"_et_pb_use_builder":"","_et_pb_old_content":"","_et_gb_content_width":""},"product_brand":[],"product_cat":[786],"product_tag":[],"class_list":{"0":"post-294200","1":"product","2":"type-product","3":"status-publish","4":"has-post-thumbnail","6":"product_cat-lamparas-de-pared","8":"first","9":"instock","10":"shipping-taxable","11":"purchasable","12":"product-type-variable"},"_links":{"self":[{"href":"https:\/\/chulointeriors.com\/es\/wp-json\/wp\/v2\/product\/294200","targetHints":{"allow":["GET"]}}],"collection":[{"href":"https:\/\/chulointeriors.com\/es\/wp-json\/wp\/v2\/product"}],"about":[{"href":"https:\/\/chulointeriors.com\/es\/wp-json\/wp\/v2\/types\/product"}],"replies":[{"embeddable":true,"href":"https:\/\/chulointeriors.com\/es\/wp-json\/wp\/v2\/comments?post=294200"}],"wp:featuredmedia":[{"embeddable":true,"href":"https:\/\/chulointeriors.com\/es\/wp-json\/wp\/v2\/media\/294213"}],"wp:attachment":[{"href":"https:\/\/chulointeriors.com\/es\/wp-json\/wp\/v2\/media?parent=294200"}],"wp:term":[{"taxonomy":"product_brand","embeddable":true,"href":"https:\/\/chulointeriors.com\/es\/wp-json\/wp\/v2\/product_brand?post=294200"},{"taxonomy":"product_cat","embeddable":true,"href":"https:\/\/chulointeriors.com\/es\/wp-json\/wp\/v2\/product_cat?post=294200"},{"taxonomy":"product_tag","embeddable":true,"href":"https:\/\/chulointeriors.com\/es\/wp-json\/wp\/v2\/product_tag?post=294200"}],"curies":[{"name":"wp","href":"https:\/\/api.w.org\/{rel}","templated":true}]}}