{"id":294154,"date":"2024-04-23T13:01:44","date_gmt":"2024-04-23T11:01:44","guid":{"rendered":"https:\/\/chulointeriors.com\/?post_type=product&#038;p=294154"},"modified":"2024-04-23T13:09:13","modified_gmt":"2024-04-23T11:09:13","slug":"lampara-pared-pandoro-s","status":"publish","type":"product","link":"https:\/\/chulointeriors.com\/es\/product\/lampara-pared-pandoro-s\/","title":{"rendered":"L\u00e1mpara Pared Pandoro S"},"content":{"rendered":"<p>Preciosa l\u00e1mpara de pared de la marca belga &#8216;By Eve&#8217;. Esta l\u00e1mpara &#8220;Pandoro wall S&#8221; crea un ambiente acogedor en su hogar. La l\u00e1mpara est\u00e1 hecha de vidrio soplado de colores.<\/p>\n<p>Esta l\u00e1mpara viene con una bombilla a juego que crea un efecto de iluminaci\u00f3n \u00fanico.<\/p>\n<p><strong>Dimensiones:<br \/><\/strong>H 370 mm<br \/>\u00d8 280 mm<\/p>\n<p>Marr\u00f3n \/ Travertino beige \/ Bronce an\u00f3dico<\/p>\n","protected":false},"excerpt":{"rendered":"<p>Preciosa l\u00e1mpara de pared de la marca belga &#8216;By Eve&#8217;. Esta l\u00e1mpara &#8220;Pandoro wall S&#8221; crea un ambiente acogedor en su hogar. La l\u00e1mpara est\u00e1 hecha de vidrio soplado de colores. Esta l\u00e1mpara viene con una bombilla a juego que crea un efecto de iluminaci\u00f3n \u00fanico. Dimensiones:H 370 mm\u00d8 280 mm Marr\u00f3n \/ Travertino beige [&hellip;]<\/p>\n","protected":false},"featured_media":294158,"comment_status":"open","ping_status":"closed","template":"","meta":{"_et_pb_use_builder":"","_et_pb_old_content":"","_et_gb_content_width":""},"product_brand":[],"product_cat":[786],"product_tag":[],"class_list":{"0":"post-294154","1":"product","2":"type-product","3":"status-publish","4":"has-post-thumbnail","6":"product_cat-lamparas-de-pared","8":"first","9":"instock","10":"shipping-taxable","11":"purchasable","12":"product-type-simple"},"_links":{"self":[{"href":"https:\/\/chulointeriors.com\/es\/wp-json\/wp\/v2\/product\/294154","targetHints":{"allow":["GET"]}}],"collection":[{"href":"https:\/\/chulointeriors.com\/es\/wp-json\/wp\/v2\/product"}],"about":[{"href":"https:\/\/chulointeriors.com\/es\/wp-json\/wp\/v2\/types\/product"}],"replies":[{"embeddable":true,"href":"https:\/\/chulointeriors.com\/es\/wp-json\/wp\/v2\/comments?post=294154"}],"wp:featuredmedia":[{"embeddable":true,"href":"https:\/\/chulointeriors.com\/es\/wp-json\/wp\/v2\/media\/294158"}],"wp:attachment":[{"href":"https:\/\/chulointeriors.com\/es\/wp-json\/wp\/v2\/media?parent=294154"}],"wp:term":[{"taxonomy":"product_brand","embeddable":true,"href":"https:\/\/chulointeriors.com\/es\/wp-json\/wp\/v2\/product_brand?post=294154"},{"taxonomy":"product_cat","embeddable":true,"href":"https:\/\/chulointeriors.com\/es\/wp-json\/wp\/v2\/product_cat?post=294154"},{"taxonomy":"product_tag","embeddable":true,"href":"https:\/\/chulointeriors.com\/es\/wp-json\/wp\/v2\/product_tag?post=294154"}],"curies":[{"name":"wp","href":"https:\/\/api.w.org\/{rel}","templated":true}]}}