{"id":294134,"date":"2024-04-23T12:48:39","date_gmt":"2024-04-23T10:48:39","guid":{"rendered":"https:\/\/chulointeriors.com\/?post_type=product&#038;p=294134"},"modified":"2024-04-23T13:01:05","modified_gmt":"2024-04-23T11:01:05","slug":"lampara-pared-s-ball-15","status":"publish","type":"product","link":"https:\/\/chulointeriors.com\/es\/product\/lampara-pared-s-ball-15\/","title":{"rendered":"L\u00e1mpara Pared S Ball 15"},"content":{"rendered":"<p>Preciosa l\u00e1mpara de pared de cristal de la marca belga &#8216;By Eve&#8217;. Estas l\u00e1mparas de pared est\u00e1n hechas de vidrio soplado y, gracias a su fuente de luz visible, crean inmediatamente un ambiente c\u00e1lido y acogedor en su hogar.<\/p>\n<p>El aplique &#8220;Ball 15&#8221; est\u00e1 disponible en dos colores diferentes: champ\u00e1n y gris.<\/p>\n<p><strong>Dimensiones:<br \/><\/strong>Acero Altura\/Di\u00e1metro: 11 cm<br \/>Altura\/di\u00e1metro de la pantalla: 15 cm<\/p>\n","protected":false},"excerpt":{"rendered":"<p>Preciosa l\u00e1mpara de pared de cristal de la marca belga &#8216;By Eve&#8217;. Estas l\u00e1mparas de pared est\u00e1n hechas de vidrio soplado y, gracias a su fuente de luz visible, crean inmediatamente un ambiente c\u00e1lido y acogedor en su hogar. El aplique &#8220;Ball 15&#8221; est\u00e1 disponible en dos colores diferentes: champ\u00e1n y gris. Dimensiones:Acero Altura\/Di\u00e1metro: 11 [&hellip;]<\/p>\n","protected":false},"featured_media":294140,"comment_status":"open","ping_status":"closed","template":"","meta":{"_et_pb_use_builder":"","_et_pb_old_content":"","_et_gb_content_width":""},"product_brand":[],"product_cat":[786],"product_tag":[],"class_list":{"0":"post-294134","1":"product","2":"type-product","3":"status-publish","4":"has-post-thumbnail","6":"product_cat-lamparas-de-pared","8":"first","9":"instock","10":"shipping-taxable","11":"purchasable","12":"product-type-variable"},"_links":{"self":[{"href":"https:\/\/chulointeriors.com\/es\/wp-json\/wp\/v2\/product\/294134","targetHints":{"allow":["GET"]}}],"collection":[{"href":"https:\/\/chulointeriors.com\/es\/wp-json\/wp\/v2\/product"}],"about":[{"href":"https:\/\/chulointeriors.com\/es\/wp-json\/wp\/v2\/types\/product"}],"replies":[{"embeddable":true,"href":"https:\/\/chulointeriors.com\/es\/wp-json\/wp\/v2\/comments?post=294134"}],"wp:featuredmedia":[{"embeddable":true,"href":"https:\/\/chulointeriors.com\/es\/wp-json\/wp\/v2\/media\/294140"}],"wp:attachment":[{"href":"https:\/\/chulointeriors.com\/es\/wp-json\/wp\/v2\/media?parent=294134"}],"wp:term":[{"taxonomy":"product_brand","embeddable":true,"href":"https:\/\/chulointeriors.com\/es\/wp-json\/wp\/v2\/product_brand?post=294134"},{"taxonomy":"product_cat","embeddable":true,"href":"https:\/\/chulointeriors.com\/es\/wp-json\/wp\/v2\/product_cat?post=294134"},{"taxonomy":"product_tag","embeddable":true,"href":"https:\/\/chulointeriors.com\/es\/wp-json\/wp\/v2\/product_tag?post=294134"}],"curies":[{"name":"wp","href":"https:\/\/api.w.org\/{rel}","templated":true}]}}