{"id":293538,"date":"2024-04-11T12:27:42","date_gmt":"2024-04-11T10:27:42","guid":{"rendered":"https:\/\/chulointeriors.com\/?post_type=product&#038;p=293538"},"modified":"2024-10-24T17:31:01","modified_gmt":"2024-10-24T15:31:01","slug":"sillon-ocean","status":"publish","type":"product","link":"https:\/\/chulointeriors.com\/es\/product\/sillon-ocean\/","title":{"rendered":"Sill\u00f3n Ocean"},"content":{"rendered":"<p>El sill\u00f3n Ocean est\u00e1 fabricado con estructura de aluminio y tapizado en cuerda sint\u00e9tica gris de alta calidad para soportar las condiciones ambientales del exterior.<\/p>\n<p>Tiene una altura de asiento de 380 mm y cojines de poli\u00e9ster impermeable de color gris.<\/p>\n<p>Tambi\u00e9n est\u00e1 disponible con tapizado Agora en el tejido que elija el cliente.<\/p>\n<p>Dimensiones (largo, ancho, alto): 800 x 830 x 620 mm<\/p>\n","protected":false},"excerpt":{"rendered":"<p>El sill\u00f3n Ocean est\u00e1 fabricado con estructura de aluminio y tapizado en cuerda sint\u00e9tica gris de alta calidad para soportar las condiciones ambientales del exterior. Tiene una altura de asiento de 380 mm y cojines de poli\u00e9ster impermeable de color gris. Tambi\u00e9n est\u00e1 disponible con tapizado Agora en el tejido que elija el cliente. Dimensiones [&hellip;]<\/p>\n","protected":false},"featured_media":293540,"comment_status":"open","ping_status":"closed","template":"","meta":{"_et_pb_use_builder":"","_et_pb_old_content":"","_et_gb_content_width":""},"product_brand":[],"product_cat":[2102],"product_tag":[],"class_list":{"0":"post-293538","1":"product","2":"type-product","3":"status-publish","4":"has-post-thumbnail","6":"product_cat-sillones-es","8":"first","9":"instock","10":"shipping-taxable","11":"purchasable","12":"product-type-simple"},"_links":{"self":[{"href":"https:\/\/chulointeriors.com\/es\/wp-json\/wp\/v2\/product\/293538","targetHints":{"allow":["GET"]}}],"collection":[{"href":"https:\/\/chulointeriors.com\/es\/wp-json\/wp\/v2\/product"}],"about":[{"href":"https:\/\/chulointeriors.com\/es\/wp-json\/wp\/v2\/types\/product"}],"replies":[{"embeddable":true,"href":"https:\/\/chulointeriors.com\/es\/wp-json\/wp\/v2\/comments?post=293538"}],"wp:featuredmedia":[{"embeddable":true,"href":"https:\/\/chulointeriors.com\/es\/wp-json\/wp\/v2\/media\/293540"}],"wp:attachment":[{"href":"https:\/\/chulointeriors.com\/es\/wp-json\/wp\/v2\/media?parent=293538"}],"wp:term":[{"taxonomy":"product_brand","embeddable":true,"href":"https:\/\/chulointeriors.com\/es\/wp-json\/wp\/v2\/product_brand?post=293538"},{"taxonomy":"product_cat","embeddable":true,"href":"https:\/\/chulointeriors.com\/es\/wp-json\/wp\/v2\/product_cat?post=293538"},{"taxonomy":"product_tag","embeddable":true,"href":"https:\/\/chulointeriors.com\/es\/wp-json\/wp\/v2\/product_tag?post=293538"}],"curies":[{"name":"wp","href":"https:\/\/api.w.org\/{rel}","templated":true}]}}