{"id":293526,"date":"2024-03-21T14:06:41","date_gmt":"2024-03-21T12:06:41","guid":{"rendered":"https:\/\/chulointeriors.com\/product\/jarra-linea-crystal\/"},"modified":"2024-03-21T14:09:58","modified_gmt":"2024-03-21T12:09:58","slug":"jarra-linea-crystal","status":"publish","type":"product","link":"https:\/\/chulointeriors.com\/es\/product\/jarra-linea-crystal\/","title":{"rendered":"Jarra Linea Crystal"},"content":{"rendered":"<div class=\"et_pb_module et_pb_wc_description et_pb_wc_description_0_tb_body et_pb_bg_layout_light  et_pb_text_align_justified\">\n<div class=\"et_pb_module_inner\">\n<p>\u00bfTe apetece una bebida? Mantenga hidratado con nuestros vasos para beber elegantes pero pr\u00e1cticos. Hecho a mano de un cristal sin plomo, sostenga hasta 250 ml.<\/p>\n<p>En este tono \u00fanico de verde, estos son compa\u00f1eros perfectos para todas las fiestas de picnics y jardines.<\/p>\n<\/div>\n<\/div>\n<div class=\"et_pb_module et_pb_wc_description et_pb_wc_description_1_tb_body et_pb_bg_layout_light  et_pb_text_align_justified\">\n<div class=\"et_pb_module_inner\">\n<p>KLIMCHI es un colectivo de dise\u00f1adores y vidrieros bohemios a los que les encanta crear cristaler\u00eda excepcional para experiencias excepcionales.<\/p>\n<p>Trabajamos \u00fanicamente con cristal fino de Bohemia para conseguir una calidad superior en nuestros productos. Todos nuestros productos est\u00e1n hechos a mano con amor y cuidado.<\/p>\n<\/div>\n<\/div>\n","protected":false},"excerpt":{"rendered":"<p>\u00bfTe apetece una bebida? Mantenga hidratado con nuestros vasos para beber elegantes pero pr\u00e1cticos. Hecho a mano de un cristal sin plomo, sostenga hasta 250 ml. En este tono \u00fanico de verde, estos son compa\u00f1eros perfectos para todas las fiestas de picnics y jardines. KLIMCHI es un colectivo de dise\u00f1adores y vidrieros bohemios a los [&hellip;]<\/p>\n","protected":false},"featured_media":291144,"comment_status":"open","ping_status":"closed","template":"","meta":{"_et_pb_use_builder":"","_et_pb_old_content":"","_et_gb_content_width":""},"product_brand":[],"product_cat":[775],"product_tag":[],"class_list":{"0":"post-293526","1":"product","2":"type-product","3":"status-publish","4":"has-post-thumbnail","6":"product_cat-jarra","8":"first","9":"instock","10":"shipping-taxable","11":"purchasable","12":"product-type-simple"},"_links":{"self":[{"href":"https:\/\/chulointeriors.com\/es\/wp-json\/wp\/v2\/product\/293526","targetHints":{"allow":["GET"]}}],"collection":[{"href":"https:\/\/chulointeriors.com\/es\/wp-json\/wp\/v2\/product"}],"about":[{"href":"https:\/\/chulointeriors.com\/es\/wp-json\/wp\/v2\/types\/product"}],"replies":[{"embeddable":true,"href":"https:\/\/chulointeriors.com\/es\/wp-json\/wp\/v2\/comments?post=293526"}],"wp:featuredmedia":[{"embeddable":true,"href":"https:\/\/chulointeriors.com\/es\/wp-json\/wp\/v2\/media\/291144"}],"wp:attachment":[{"href":"https:\/\/chulointeriors.com\/es\/wp-json\/wp\/v2\/media?parent=293526"}],"wp:term":[{"taxonomy":"product_brand","embeddable":true,"href":"https:\/\/chulointeriors.com\/es\/wp-json\/wp\/v2\/product_brand?post=293526"},{"taxonomy":"product_cat","embeddable":true,"href":"https:\/\/chulointeriors.com\/es\/wp-json\/wp\/v2\/product_cat?post=293526"},{"taxonomy":"product_tag","embeddable":true,"href":"https:\/\/chulointeriors.com\/es\/wp-json\/wp\/v2\/product_tag?post=293526"}],"curies":[{"name":"wp","href":"https:\/\/api.w.org\/{rel}","templated":true}]}}