{"id":293490,"date":"2024-03-12T18:17:04","date_gmt":"2024-03-12T16:17:04","guid":{"rendered":"https:\/\/chulointeriors.com\/?post_type=product&#038;p=293490"},"modified":"2024-03-12T18:21:24","modified_gmt":"2024-03-12T16:21:24","slug":"lampara-de-mesa-iris-35-verde","status":"publish","type":"product","link":"https:\/\/chulointeriors.com\/es\/product\/lampara-de-mesa-iris-35-verde\/","title":{"rendered":"L\u00e1mpara de mesa Iris 35 &#8211; Verde"},"content":{"rendered":"<p>Presentamos la l\u00e1mpara de sobremesa Iris: un complemento encantador para su sal\u00f3n, dise\u00f1ado para iluminar cualquier habitaci\u00f3n con sus alegres colores y su encantadora expresi\u00f3n. Inspirada en la l\u00e1mpara de mesa tradicional, la dise\u00f1adora Erika Nor\u00e9n ha infundido detalles contempor\u00e1neos para crear una obra maestra moderna.<\/p>\n<p><strong>Caracter\u00edsticas principales:<\/strong><\/p>\n<ol>\n<li><strong>Dise\u00f1o alegre:<\/strong> La l\u00e1mpara de mesa Iris recuerda a un caramelo e irradia alegr\u00eda y calidez con sus alegres colores y su encantadora expresi\u00f3n.<\/li>\n<li><strong>Un toque contempor\u00e1neo:<\/strong> La dise\u00f1adora Erika Nor\u00e9n ha reinventado la l\u00e1mpara de mesa tradicional incorporando elementos contempor\u00e1neos como una base de vidrio coloreado, adornada con burbujas sopladas irregulares que a\u00f1aden inter\u00e9s visual.<\/li>\n<li><strong>Detalle interior natural:<\/strong> Con su pantalla de algod\u00f3n a juego que presenta una parte superior cubierta que complementa la base de la l\u00e1mpara, la L\u00e1mpara Iris se integra a la perfecci\u00f3n en una variedad de interiores contempor\u00e1neos, a\u00f1adiendo un toque de encanto natural.<\/li>\n<li><strong>Tama\u00f1o perfecto:<\/strong> Ligeramente m\u00e1s grande que las l\u00e1mparas de mesa est\u00e1ndar, la L\u00e1mpara Iris es ideal para colocarla en mesas auxiliares, c\u00f3modas m\u00e1s grandes o en alf\u00e9izares de ventanas m\u00e1s profundos, proporcionando una amplia iluminaci\u00f3n y un estilo llamativo.<\/li>\n<li><strong>Caracter\u00edsticas pr\u00e1cticas:<\/strong> La l\u00e1mpara viene con un cable textil beige de 200 cm de largo equipado con interruptor y euroenchufe, ofreciendo practicidad y facilidad de uso.<\/li>\n<li><strong>Variaci\u00f3n \u00fanica:<\/strong> Cada l\u00e1mpara de mesa Iris presenta burbujas de aire en el cristal de distintos tama\u00f1os, lo que crea un patr\u00f3n distinto para cada l\u00e1mpara. Tenga en cuenta que la l\u00e1mpara que reciba puede diferir ligeramente de las im\u00e1genes del producto, lo que aumenta su individualidad.<\/li>\n<\/ol>\n<p>Ilumine su hogar con el encanto de la L\u00e1mpara de Mesa Iris de Chulo Interiors. Deje que esta caprichosa pieza infunda luz y personalidad a su espacio, sac\u00e1ndole una sonrisa cada vez que la encienda. Experimenta el arte de la iluminaci\u00f3n con Chulo Interiors.<\/p>\n","protected":false},"excerpt":{"rendered":"<p>Presentamos la l\u00e1mpara de sobremesa Iris: un complemento encantador para su sal\u00f3n, dise\u00f1ado para iluminar cualquier habitaci\u00f3n con sus alegres colores y su encantadora expresi\u00f3n. Inspirada en la l\u00e1mpara de mesa tradicional, la dise\u00f1adora Erika Nor\u00e9n ha infundido detalles contempor\u00e1neos para crear una obra maestra moderna. Caracter\u00edsticas principales: Dise\u00f1o alegre: La l\u00e1mpara de mesa Iris [&hellip;]<\/p>\n","protected":false},"featured_media":293492,"comment_status":"open","ping_status":"closed","template":"","meta":{"_et_pb_use_builder":"","_et_pb_old_content":"","_et_gb_content_width":""},"product_brand":[],"product_cat":[785],"product_tag":[],"class_list":{"0":"post-293490","1":"product","2":"type-product","3":"status-publish","4":"has-post-thumbnail","6":"product_cat-lamparas-de-mesa","8":"first","9":"instock","10":"shipping-taxable","11":"purchasable","12":"product-type-simple"},"_links":{"self":[{"href":"https:\/\/chulointeriors.com\/es\/wp-json\/wp\/v2\/product\/293490","targetHints":{"allow":["GET"]}}],"collection":[{"href":"https:\/\/chulointeriors.com\/es\/wp-json\/wp\/v2\/product"}],"about":[{"href":"https:\/\/chulointeriors.com\/es\/wp-json\/wp\/v2\/types\/product"}],"replies":[{"embeddable":true,"href":"https:\/\/chulointeriors.com\/es\/wp-json\/wp\/v2\/comments?post=293490"}],"wp:featuredmedia":[{"embeddable":true,"href":"https:\/\/chulointeriors.com\/es\/wp-json\/wp\/v2\/media\/293492"}],"wp:attachment":[{"href":"https:\/\/chulointeriors.com\/es\/wp-json\/wp\/v2\/media?parent=293490"}],"wp:term":[{"taxonomy":"product_brand","embeddable":true,"href":"https:\/\/chulointeriors.com\/es\/wp-json\/wp\/v2\/product_brand?post=293490"},{"taxonomy":"product_cat","embeddable":true,"href":"https:\/\/chulointeriors.com\/es\/wp-json\/wp\/v2\/product_cat?post=293490"},{"taxonomy":"product_tag","embeddable":true,"href":"https:\/\/chulointeriors.com\/es\/wp-json\/wp\/v2\/product_tag?post=293490"}],"curies":[{"name":"wp","href":"https:\/\/api.w.org\/{rel}","templated":true}]}}