{"id":293474,"date":"2024-03-12T17:58:14","date_gmt":"2024-03-12T15:58:14","guid":{"rendered":"https:\/\/chulointeriors.com\/?post_type=product&#038;p=293474"},"modified":"2024-03-12T18:16:16","modified_gmt":"2024-03-12T16:16:16","slug":"lampara-de-mesa-castello-24-travertino","status":"publish","type":"product","link":"https:\/\/chulointeriors.com\/es\/product\/lampara-de-mesa-castello-24-travertino\/","title":{"rendered":"L\u00e1mpara de mesa Castello 24 &#8211; Travertino"},"content":{"rendered":"<p>Presentamos la l\u00e1mpara de sobremesa Castello, una refinada pieza que combina armoniosamente la elegancia natural con un dise\u00f1o atemporal. Con su base de piedra maciza, esta l\u00e1mpara irradia exclusividad, creando un llamativo contraste con la exquisita pantalla de tela de lino.<\/p>\n<p><strong>Caracter\u00edsticas principales:<\/strong><\/p>\n<ol>\n<li><strong>Dise\u00f1o elegante<\/strong>: La l\u00e1mpara de mesa Castello presume de un dise\u00f1o elegante que realza sin esfuerzo cualquier espacio. La combinaci\u00f3n de la base de piedra maciza y la pantalla de tela de lino crea una est\u00e9tica sofisticada.<\/li>\n<li><strong>Material natural<\/strong>: Fabricada en piedra maciza, la base de la l\u00e1mpara ofrece un atractivo \u00fanico y exclusivo, con variaciones de color y jaspeado que hacen que cada l\u00e1mpara sea \u00fanica.<\/li>\n<li><strong>Construcci\u00f3n de calidad<\/strong>: Con un portal\u00e1mparas y un tubo de lat\u00f3n aut\u00e9ntico, la l\u00e1mpara de mesa Castello est\u00e1 hecha para durar, garantizando durabilidad y belleza duradera.<\/li>\n<li><strong>Caracter\u00edsticas pr\u00e1cticas<\/strong>: Con un cable textil beige de 200 cm de largo y un interruptor, esta l\u00e1mpara ofrece comodidad y facilidad de uso. El euroenchufe a\u00f1ade versatilidad para su uso en varios lugares.<\/li>\n<li><strong>Encanto atemporal<\/strong>: El dise\u00f1o atemporal de la l\u00e1mpara de mesa Castello la convierte en un complemento vers\u00e1til para cualquier habitaci\u00f3n, ya sea colocada sobre una mesilla de noche, una consola o un aparador.<br \/>Variaci\u00f3n \u00fanica: Debido a las variaciones naturales de la piedra, cada L\u00e1mpara de Mesa Castello ostenta un patr\u00f3n \u00fanico, a\u00f1adiendo car\u00e1cter e individualidad a la decoraci\u00f3n de su hogar.<\/li>\n<\/ol>\n<p>Ilumine su espacio con el lujo discreto de la L\u00e1mpara de Mesa Castello de Chulo Interiors. Eleve su interior con esta exquisita pieza que combina la belleza natural con una artesan\u00eda impecable. Experimente el arte de la iluminaci\u00f3n con Chulo Interiors.<\/p>\n","protected":false},"excerpt":{"rendered":"<p>Presentamos la l\u00e1mpara de sobremesa Castello, una refinada pieza que combina armoniosamente la elegancia natural con un dise\u00f1o atemporal. Con su base de piedra maciza, esta l\u00e1mpara irradia exclusividad, creando un llamativo contraste con la exquisita pantalla de tela de lino. Caracter\u00edsticas principales: Dise\u00f1o elegante: La l\u00e1mpara de mesa Castello presume de un dise\u00f1o elegante [&hellip;]<\/p>\n","protected":false},"featured_media":293476,"comment_status":"open","ping_status":"closed","template":"","meta":{"_et_pb_use_builder":"","_et_pb_old_content":"","_et_gb_content_width":""},"product_brand":[],"product_cat":[785],"product_tag":[],"class_list":{"0":"post-293474","1":"product","2":"type-product","3":"status-publish","4":"has-post-thumbnail","6":"product_cat-lamparas-de-mesa","8":"first","9":"instock","10":"shipping-taxable","11":"purchasable","12":"product-type-simple"},"_links":{"self":[{"href":"https:\/\/chulointeriors.com\/es\/wp-json\/wp\/v2\/product\/293474","targetHints":{"allow":["GET"]}}],"collection":[{"href":"https:\/\/chulointeriors.com\/es\/wp-json\/wp\/v2\/product"}],"about":[{"href":"https:\/\/chulointeriors.com\/es\/wp-json\/wp\/v2\/types\/product"}],"replies":[{"embeddable":true,"href":"https:\/\/chulointeriors.com\/es\/wp-json\/wp\/v2\/comments?post=293474"}],"wp:featuredmedia":[{"embeddable":true,"href":"https:\/\/chulointeriors.com\/es\/wp-json\/wp\/v2\/media\/293476"}],"wp:attachment":[{"href":"https:\/\/chulointeriors.com\/es\/wp-json\/wp\/v2\/media?parent=293474"}],"wp:term":[{"taxonomy":"product_brand","embeddable":true,"href":"https:\/\/chulointeriors.com\/es\/wp-json\/wp\/v2\/product_brand?post=293474"},{"taxonomy":"product_cat","embeddable":true,"href":"https:\/\/chulointeriors.com\/es\/wp-json\/wp\/v2\/product_cat?post=293474"},{"taxonomy":"product_tag","embeddable":true,"href":"https:\/\/chulointeriors.com\/es\/wp-json\/wp\/v2\/product_tag?post=293474"}],"curies":[{"name":"wp","href":"https:\/\/api.w.org\/{rel}","templated":true}]}}