{"id":293464,"date":"2024-03-12T17:34:12","date_gmt":"2024-03-12T15:34:12","guid":{"rendered":"https:\/\/chulointeriors.com\/?post_type=product&#038;p=293464"},"modified":"2024-03-12T17:42:27","modified_gmt":"2024-03-12T15:42:27","slug":"lampara-de-pie-torrano-travertino","status":"publish","type":"product","link":"https:\/\/chulointeriors.com\/es\/product\/lampara-de-pie-torrano-travertino\/","title":{"rendered":"L\u00e1mpara de pie Torrano &#8211; Travertino"},"content":{"rendered":"<p>Presentamos la l\u00e1mpara de pie Torrano, una impresionante fusi\u00f3n de belleza natural y dise\u00f1o contempor\u00e1neo. Fabricada con un pie de exquisito travertino macizo y un cuello de metal cepillado de color lat\u00f3n, esta l\u00e1mpara irradia sofisticaci\u00f3n y elegancia. El globo de cristal opal blanco a\u00f1ade un toque de refinamiento, mientras que las formas redondeadas crean un cautivador contraste con la base de piedra maciza.<\/p>\n<p><strong>Caracter\u00edsticas principales:<\/strong><\/p>\n<ol>\n<li><strong>Materiales de primera calidad:<\/strong> La l\u00e1mpara de pie Torrano cuenta con una base de travertino macizo y un cuello de metal cepillado de color lat\u00f3n, lo que garantiza una durabilidad y un estilo duraderos.<\/li>\n<li><strong>Contraste cautivador:<\/strong> La combinaci\u00f3n de piedra natural y metal elegante forma un intrigante contraste que a\u00f1ade inter\u00e9s visual a cualquier espacio.<\/li>\n<li><strong>Colocaci\u00f3n vers\u00e1til:<\/strong> Tanto si se coloca junto a un sof\u00e1 como en un rinc\u00f3n, la l\u00e1mpara de pie Torrano proporciona iluminaci\u00f3n adicional all\u00ed donde se necesita, realzando el ambiente de su sala de estar.<\/li>\n<li><strong>Funciones pr\u00e1cticas:<\/strong> Con un cable transparente de 200 cm de largo y un interruptor en la esfera de cristal, esta l\u00e1mpara ofrece facilidad de uso y practicidad.<\/li>\n<li><strong>Variaci\u00f3n \u00fanica:<\/strong> Debido a las variaciones naturales de la piedra, cada l\u00e1mpara de pie Torrano es \u00fanica, a\u00f1adiendo un toque distintivo a la decoraci\u00f3n de su hogar.<\/li>\n<\/ol>\n<p>Ilumine su espacio con la elegancia atemporal de la L\u00e1mpara de Pie Torrano de Chulo Interiors. Eleve su hogar con esta exquisita pieza que combina a la perfecci\u00f3n la belleza natural con el dise\u00f1o moderno. Experimente el arte de la iluminaci\u00f3n con Chulo Interiors.<\/p>\n","protected":false},"excerpt":{"rendered":"<p>Presentamos la l\u00e1mpara de pie Torrano, una impresionante fusi\u00f3n de belleza natural y dise\u00f1o contempor\u00e1neo. Fabricada con un pie de exquisito travertino macizo y un cuello de metal cepillado de color lat\u00f3n, esta l\u00e1mpara irradia sofisticaci\u00f3n y elegancia. El globo de cristal opal blanco a\u00f1ade un toque de refinamiento, mientras que las formas redondeadas crean [&hellip;]<\/p>\n","protected":false},"featured_media":293466,"comment_status":"open","ping_status":"closed","template":"","meta":{"_et_pb_use_builder":"","_et_pb_old_content":"","_et_gb_content_width":""},"product_brand":[],"product_cat":[783],"product_tag":[],"class_list":{"0":"post-293464","1":"product","2":"type-product","3":"status-publish","4":"has-post-thumbnail","6":"product_cat-lamparas-de-pie","8":"first","9":"instock","10":"shipping-taxable","11":"purchasable","12":"product-type-simple"},"_links":{"self":[{"href":"https:\/\/chulointeriors.com\/es\/wp-json\/wp\/v2\/product\/293464","targetHints":{"allow":["GET"]}}],"collection":[{"href":"https:\/\/chulointeriors.com\/es\/wp-json\/wp\/v2\/product"}],"about":[{"href":"https:\/\/chulointeriors.com\/es\/wp-json\/wp\/v2\/types\/product"}],"replies":[{"embeddable":true,"href":"https:\/\/chulointeriors.com\/es\/wp-json\/wp\/v2\/comments?post=293464"}],"wp:featuredmedia":[{"embeddable":true,"href":"https:\/\/chulointeriors.com\/es\/wp-json\/wp\/v2\/media\/293466"}],"wp:attachment":[{"href":"https:\/\/chulointeriors.com\/es\/wp-json\/wp\/v2\/media?parent=293464"}],"wp:term":[{"taxonomy":"product_brand","embeddable":true,"href":"https:\/\/chulointeriors.com\/es\/wp-json\/wp\/v2\/product_brand?post=293464"},{"taxonomy":"product_cat","embeddable":true,"href":"https:\/\/chulointeriors.com\/es\/wp-json\/wp\/v2\/product_cat?post=293464"},{"taxonomy":"product_tag","embeddable":true,"href":"https:\/\/chulointeriors.com\/es\/wp-json\/wp\/v2\/product_tag?post=293464"}],"curies":[{"name":"wp","href":"https:\/\/api.w.org\/{rel}","templated":true}]}}