{"id":293408,"date":"2025-11-08T13:01:51","date_gmt":"2025-11-08T11:01:51","guid":{"rendered":"https:\/\/chulointeriors.com\/?post_type=product&#038;p=293408"},"modified":"2025-12-09T14:45:52","modified_gmt":"2025-12-09T12:45:52","slug":"mikado-santal-tonka-500-ml","status":"publish","type":"product","link":"https:\/\/chulointeriors.com\/es\/product\/mikado-santal-tonka-500-ml\/","title":{"rendered":"Mikado Santal &#038; Tonka 500 ml"},"content":{"rendered":"<p>Santal &amp; Tonka es un viaje profundo y m\u00edstico que nutre tu alma y despierta tus sentidos. De su coraz\u00f3n amaderado compuesto por aceite de cedro, emergen alegres notas de tonka y cardamomo. Un aroma elegante y profundo que abrazar\u00e1 c\u00e1lidamente cada rinc\u00f3n de su habitaci\u00f3n.<\/p>\n","protected":false},"excerpt":{"rendered":"<p>Santal &amp; Tonka es un viaje profundo y m\u00edstico que nutre tu alma y despierta tus sentidos. De su coraz\u00f3n amaderado compuesto por aceite de cedro, emergen alegres notas de tonka y cardamomo. Un aroma elegante y profundo que abrazar\u00e1 c\u00e1lidamente cada rinc\u00f3n de su habitaci\u00f3n.<\/p>\n","protected":false},"featured_media":293412,"comment_status":"open","ping_status":"closed","template":"","meta":{"_et_pb_use_builder":"","_et_pb_old_content":"","_et_gb_content_width":""},"product_brand":[],"product_cat":[761],"product_tag":[],"class_list":{"0":"post-293408","1":"product","2":"type-product","3":"status-publish","4":"has-post-thumbnail","6":"product_cat-difusor-de-aromas","8":"first","9":"outofstock","10":"sale","11":"shipping-taxable","12":"purchasable","13":"product-type-simple"},"_links":{"self":[{"href":"https:\/\/chulointeriors.com\/es\/wp-json\/wp\/v2\/product\/293408","targetHints":{"allow":["GET"]}}],"collection":[{"href":"https:\/\/chulointeriors.com\/es\/wp-json\/wp\/v2\/product"}],"about":[{"href":"https:\/\/chulointeriors.com\/es\/wp-json\/wp\/v2\/types\/product"}],"replies":[{"embeddable":true,"href":"https:\/\/chulointeriors.com\/es\/wp-json\/wp\/v2\/comments?post=293408"}],"wp:featuredmedia":[{"embeddable":true,"href":"https:\/\/chulointeriors.com\/es\/wp-json\/wp\/v2\/media\/293412"}],"wp:attachment":[{"href":"https:\/\/chulointeriors.com\/es\/wp-json\/wp\/v2\/media?parent=293408"}],"wp:term":[{"taxonomy":"product_brand","embeddable":true,"href":"https:\/\/chulointeriors.com\/es\/wp-json\/wp\/v2\/product_brand?post=293408"},{"taxonomy":"product_cat","embeddable":true,"href":"https:\/\/chulointeriors.com\/es\/wp-json\/wp\/v2\/product_cat?post=293408"},{"taxonomy":"product_tag","embeddable":true,"href":"https:\/\/chulointeriors.com\/es\/wp-json\/wp\/v2\/product_tag?post=293408"}],"curies":[{"name":"wp","href":"https:\/\/api.w.org\/{rel}","templated":true}]}}