{"id":292594,"date":"2023-12-09T13:13:00","date_gmt":"2023-12-09T11:13:00","guid":{"rendered":"https:\/\/chulointeriors.com\/?post_type=product&#038;p=292594"},"modified":"2024-03-05T12:23:19","modified_gmt":"2024-03-05T10:23:19","slug":"vela-cone-no-63-deep-forest-1-ud","status":"publish","type":"product","link":"https:\/\/chulointeriors.com\/es\/product\/vela-cone-no-63-deep-forest-1-ud\/","title":{"rendered":"Vela Cone n\u00ba 63 Deep Forest (1 ud.)"},"content":{"rendered":"<p>Densa vegetaci\u00f3n ennegrecida de color verde-marr\u00f3n.<\/p>\n<p><strong>Tiempo de combusti\u00f3n:<\/strong> 25 horas<\/p>\n<p><strong>Material:<\/strong> Nuestras velas se fabrican meticulosamente en nuestras instalaciones danesas con cera de parafina 100% pura y sin perfume, procedente del principal productor europeo. La mecha, que garantiza una combusti\u00f3n limpia, est\u00e1 compuesta exclusivamente de algod\u00f3n 100%.<\/p>\n<p><strong>Base:<\/strong> La vela c\u00f3nica es \u00fanica entre nuestros productos, ya que se sostiene por s\u00ed misma, lo que la hace excepcionalmente vers\u00e1til.<\/p>\n<p><strong>Autoextinguible:<\/strong> Aumente la seguridad con nuestras velas autoextinguibles. La llama se apaga elegantemente a 2-3 cent\u00edmetros de la base, aunque es esencial no dejar nunca velas encendidas sin vigilancia.<\/p>\n<p><strong>Gu\u00eda de extinci\u00f3n:<\/strong> Opta por un extintor de velas para una experiencia de apagado sin humo, asegur\u00e1ndote de que la vela se apaga por completo para evitar que la mecha arda. Esta herramienta deja la mecha intacta, lo que es especialmente importante en el caso de las velas lacadas, doradas o plateadas. Despu\u00e9s de apagarla, retira suavemente la capa de laca que rodea la depresi\u00f3n de la mecha para volver a encenderla sin problemas.<\/p>\n<p><strong>Consejos para encender velas:<\/strong> Maximice el rendimiento de su vela manteniendo la mecha corta, manteniendo una distancia m\u00ednima de 10 cm entre velas y evitando colocarlas en zonas con corrientes de aire o encima de radiadores. Estas pr\u00e1cticas garantizan una combusti\u00f3n \u00f3ptima y agradable.<\/p>\n","protected":false},"excerpt":{"rendered":"<p>Densa vegetaci\u00f3n ennegrecida de color verde-marr\u00f3n. Tiempo de combusti\u00f3n: 25 horas Material: Nuestras velas se fabrican meticulosamente en nuestras instalaciones danesas con cera de parafina 100% pura y sin perfume, procedente del principal productor europeo. La mecha, que garantiza una combusti\u00f3n limpia, est\u00e1 compuesta exclusivamente de algod\u00f3n 100%. Base: La vela c\u00f3nica es \u00fanica entre [&hellip;]<\/p>\n","protected":false},"featured_media":292596,"comment_status":"open","ping_status":"closed","template":"","meta":{"_et_pb_use_builder":"","_et_pb_old_content":"","_et_gb_content_width":""},"product_brand":[],"product_cat":[2036,1993],"product_tag":[],"class_list":{"0":"post-292594","1":"product","2":"type-product","3":"status-publish","4":"has-post-thumbnail","6":"product_cat-regalos-de-pascua","7":"product_cat-velas","9":"first","10":"instock","11":"shipping-taxable","12":"purchasable","13":"product-type-simple"},"_links":{"self":[{"href":"https:\/\/chulointeriors.com\/es\/wp-json\/wp\/v2\/product\/292594","targetHints":{"allow":["GET"]}}],"collection":[{"href":"https:\/\/chulointeriors.com\/es\/wp-json\/wp\/v2\/product"}],"about":[{"href":"https:\/\/chulointeriors.com\/es\/wp-json\/wp\/v2\/types\/product"}],"replies":[{"embeddable":true,"href":"https:\/\/chulointeriors.com\/es\/wp-json\/wp\/v2\/comments?post=292594"}],"wp:featuredmedia":[{"embeddable":true,"href":"https:\/\/chulointeriors.com\/es\/wp-json\/wp\/v2\/media\/292596"}],"wp:attachment":[{"href":"https:\/\/chulointeriors.com\/es\/wp-json\/wp\/v2\/media?parent=292594"}],"wp:term":[{"taxonomy":"product_brand","embeddable":true,"href":"https:\/\/chulointeriors.com\/es\/wp-json\/wp\/v2\/product_brand?post=292594"},{"taxonomy":"product_cat","embeddable":true,"href":"https:\/\/chulointeriors.com\/es\/wp-json\/wp\/v2\/product_cat?post=292594"},{"taxonomy":"product_tag","embeddable":true,"href":"https:\/\/chulointeriors.com\/es\/wp-json\/wp\/v2\/product_tag?post=292594"}],"curies":[{"name":"wp","href":"https:\/\/api.w.org\/{rel}","templated":true}]}}