{"id":292564,"date":"2023-12-07T17:29:34","date_gmt":"2023-12-07T15:29:34","guid":{"rendered":"https:\/\/chulointeriors.com\/?post_type=product&#038;p=292564"},"modified":"2024-03-19T14:36:29","modified_gmt":"2024-03-19T12:36:29","slug":"vela-taper-no-11-ice-latte-1-ud","status":"publish","type":"product","link":"https:\/\/chulointeriors.com\/es\/product\/vela-taper-no-11-ice-latte-1-ud\/","title":{"rendered":"Vela Taper n\u00ba 11 Ice Latte (1 ud.)"},"content":{"rendered":"<p>Vela de color beige cremoso y aspecto tranquilo.<\/p>\n<p><strong>Tiempo de combusti\u00f3n:<\/strong> 8 horas<\/p>\n<p><strong>Material:<\/strong> Elaboradas a partir de cera de parafina 100% pura y sin perfume procedente del principal productor europeo, nuestras velas se fabrican meticulosamente en nuestra f\u00e1brica danesa. La mecha est\u00e1 compuesta exclusivamente de algod\u00f3n 100% para una combusti\u00f3n \u00f3ptima.<\/p>\n<p><strong>Base:<\/strong> La base de la vela tiene una elegante forma c\u00f3nica, dise\u00f1ada para encajar sin esfuerzo en una amplia gama de portavelas.<\/p>\n<p><strong>Autoextinguible:<\/strong> Disfrute de una mayor seguridad con nuestras velas autoextinguibles. La llama disminuye elegantemente a 2-3 cent\u00edmetros de la base, aunque desaconsejamos dejar velas encendidas sin vigilancia.<\/p>\n<p><strong>Gu\u00eda de extinci\u00f3n:<\/strong> Para un proceso de extinci\u00f3n limpio, recomendamos utilizar un extintor de velas. Esto no s\u00f3lo elimina el humo, sino que tambi\u00e9n garantiza la extinci\u00f3n completa de la vela, evitando que la mecha arda. Especialmente en el caso de las velas lacadas, doradas o plateadas, despu\u00e9s de apagarlas, retire con cuidado la capa m\u00e1s externa de laca alrededor de la depresi\u00f3n de la mecha para facilitar el encendido.<\/p>\n<p><strong>Consejos para encender velas:<\/strong> Maximice el rendimiento de su vela manteniendo la mecha corta, garantizando una distancia m\u00ednima de 10 cm entre velas y evitando colocarlas en zonas con corrientes de aire o encima de radiadores. Estos sencillos consejos garantizan una combusti\u00f3n \u00f3ptima y agradable.<\/p>\n","protected":false},"excerpt":{"rendered":"<p>Vela de color beige cremoso y aspecto tranquilo. Tiempo de combusti\u00f3n: 8 horas Material: Elaboradas a partir de cera de parafina 100% pura y sin perfume procedente del principal productor europeo, nuestras velas se fabrican meticulosamente en nuestra f\u00e1brica danesa. La mecha est\u00e1 compuesta exclusivamente de algod\u00f3n 100% para una combusti\u00f3n \u00f3ptima. Base: La base [&hellip;]<\/p>\n","protected":false},"featured_media":292568,"comment_status":"open","ping_status":"closed","template":"","meta":{"_et_pb_use_builder":"","_et_pb_old_content":"","_et_gb_content_width":""},"product_brand":[],"product_cat":[2036,1993],"product_tag":[],"class_list":{"0":"post-292564","1":"product","2":"type-product","3":"status-publish","4":"has-post-thumbnail","6":"product_cat-regalos-de-pascua","7":"product_cat-velas","9":"first","10":"instock","11":"sale","12":"shipping-taxable","13":"purchasable","14":"product-type-simple"},"_links":{"self":[{"href":"https:\/\/chulointeriors.com\/es\/wp-json\/wp\/v2\/product\/292564","targetHints":{"allow":["GET"]}}],"collection":[{"href":"https:\/\/chulointeriors.com\/es\/wp-json\/wp\/v2\/product"}],"about":[{"href":"https:\/\/chulointeriors.com\/es\/wp-json\/wp\/v2\/types\/product"}],"replies":[{"embeddable":true,"href":"https:\/\/chulointeriors.com\/es\/wp-json\/wp\/v2\/comments?post=292564"}],"wp:featuredmedia":[{"embeddable":true,"href":"https:\/\/chulointeriors.com\/es\/wp-json\/wp\/v2\/media\/292568"}],"wp:attachment":[{"href":"https:\/\/chulointeriors.com\/es\/wp-json\/wp\/v2\/media?parent=292564"}],"wp:term":[{"taxonomy":"product_brand","embeddable":true,"href":"https:\/\/chulointeriors.com\/es\/wp-json\/wp\/v2\/product_brand?post=292564"},{"taxonomy":"product_cat","embeddable":true,"href":"https:\/\/chulointeriors.com\/es\/wp-json\/wp\/v2\/product_cat?post=292564"},{"taxonomy":"product_tag","embeddable":true,"href":"https:\/\/chulointeriors.com\/es\/wp-json\/wp\/v2\/product_tag?post=292564"}],"curies":[{"name":"wp","href":"https:\/\/api.w.org\/{rel}","templated":true}]}}