{"id":292326,"date":"2023-11-16T16:34:33","date_gmt":"2023-11-16T14:34:33","guid":{"rendered":"https:\/\/chulointeriors.com\/?post_type=product&#038;p=292326"},"modified":"2024-03-19T19:08:59","modified_gmt":"2024-03-19T17:08:59","slug":"cojin-aravalli-natural-60x40","status":"publish","type":"product","link":"https:\/\/chulointeriors.com\/es\/product\/cojin-aravalli-natural-60x40\/","title":{"rendered":"Coj\u00edn ARAVALLI Natural 60X40"},"content":{"rendered":"<p>Hilos gruesos que forman elementos geom\u00e9tricos a rayas. Acabado con un cord\u00f3n de lino y reverso de lino.<\/p>\n<p>60% Pol. 21% Li. 19% Vis.<\/p>\n","protected":false},"excerpt":{"rendered":"<p>Hilos gruesos que forman elementos geom\u00e9tricos a rayas. Acabado con un cord\u00f3n de lino y reverso de lino. 60% Pol. 21% Li. 19% Vis.<\/p>\n","protected":false},"featured_media":292328,"comment_status":"open","ping_status":"closed","template":"","meta":{"_et_pb_use_builder":"","_et_pb_old_content":"","_et_gb_content_width":""},"product_brand":[],"product_cat":[792],"product_tag":[],"class_list":{"0":"post-292326","1":"product","2":"type-product","3":"status-publish","4":"has-post-thumbnail","6":"product_cat-fundas-de-cojin","8":"first","9":"outofstock","10":"shipping-taxable","11":"purchasable","12":"product-type-simple"},"_links":{"self":[{"href":"https:\/\/chulointeriors.com\/es\/wp-json\/wp\/v2\/product\/292326","targetHints":{"allow":["GET"]}}],"collection":[{"href":"https:\/\/chulointeriors.com\/es\/wp-json\/wp\/v2\/product"}],"about":[{"href":"https:\/\/chulointeriors.com\/es\/wp-json\/wp\/v2\/types\/product"}],"replies":[{"embeddable":true,"href":"https:\/\/chulointeriors.com\/es\/wp-json\/wp\/v2\/comments?post=292326"}],"wp:featuredmedia":[{"embeddable":true,"href":"https:\/\/chulointeriors.com\/es\/wp-json\/wp\/v2\/media\/292328"}],"wp:attachment":[{"href":"https:\/\/chulointeriors.com\/es\/wp-json\/wp\/v2\/media?parent=292326"}],"wp:term":[{"taxonomy":"product_brand","embeddable":true,"href":"https:\/\/chulointeriors.com\/es\/wp-json\/wp\/v2\/product_brand?post=292326"},{"taxonomy":"product_cat","embeddable":true,"href":"https:\/\/chulointeriors.com\/es\/wp-json\/wp\/v2\/product_cat?post=292326"},{"taxonomy":"product_tag","embeddable":true,"href":"https:\/\/chulointeriors.com\/es\/wp-json\/wp\/v2\/product_tag?post=292326"}],"curies":[{"name":"wp","href":"https:\/\/api.w.org\/{rel}","templated":true}]}}