{"id":292189,"date":"2023-07-26T14:14:50","date_gmt":"2023-07-26T12:14:50","guid":{"rendered":"https:\/\/chulointeriors.com\/product\/bol-karakol-1745in\/"},"modified":"2024-03-20T21:18:40","modified_gmt":"2024-03-20T19:18:40","slug":"bol-karakol-1745in","status":"publish","type":"product","link":"https:\/\/chulointeriors.com\/es\/product\/bol-karakol-1745in\/","title":{"rendered":"Bol Karakol 1745IN"},"content":{"rendered":"<p>Los jarrones y los acentos decorativos tienen la capacidad de infundir un toque de personalidad y estilo a cualquier habitaci\u00f3n. Desde dise\u00f1os contempor\u00e1neos a tradicionales, las opciones parecen ilimitadas. Guaxs, con su colecci\u00f3n Karakol, presenta una impresionante gama de productos inspirados en la ciudad kirguisa de Karakol, el r\u00edo del mismo nombre y el pintoresco valle de Karakol. Estos jarrones encarnan maravillosamente la esencia de su hom\u00f3nimo, creando una conexi\u00f3n impresionante.<\/p>\n<p>El cuenco de la colecci\u00f3n, en particular, evoca la inmensidad y profundidad del valle de Karakol, mientras que las variantes alta y redonda exhiben inequ\u00edvocamente una influencia kirgu\u00eds. Elaborados meticulosamente por h\u00e1biles artesanos, estos jarrones artesanales se someten a numerosos pasos de producci\u00f3n y est\u00e1n adornados con elegantes rayas y un cuello en forma de capullo. Arraigado en la tradici\u00f3n, pero intrincado y cautivador, el cuenco Karakol es un valioso complemento para cualquier espacio.<\/p>\n<p>Disponible en varios tama\u00f1os y formas, el dise\u00f1o del cuenco Karakol ofrece versatilidad, permiti\u00e9ndole crear combinaciones que se adapten a sus preferencias. Las creaciones artesanales y sopladas a boca de Guaxs impresionan por su variada gama, que ofrece un objeto de cristal perfecto para cada ocasi\u00f3n y celebraci\u00f3n, encajando a la perfecci\u00f3n en cualquier rinc\u00f3n de su sal\u00f3n. Tiene la libertad de elegir piezas que armonicen con su decoraci\u00f3n actual o hacer una declaraci\u00f3n audaz incorporando art\u00edculos destacados que se conviertan en llamativos puntos focales de la habitaci\u00f3n. Un ejemplo de este tipo de piezas llamativas es el Cuenco Karakol, una cautivadora joya que capta la atenci\u00f3n sin esfuerzo.<\/p>\n","protected":false},"excerpt":{"rendered":"<p>Una serie de t\u00e9cnicas artesanales se emplean para dar forma a este hermoso cuenco. El dise\u00f1o cobra vida en un estudio alem\u00e1n. All\u00ed se modela en un molde de escayola original y, a continuaci\u00f3n, se sopla a boca con vidrio de calidad.<\/p>\n","protected":false},"featured_media":291056,"comment_status":"open","ping_status":"closed","template":"","meta":{"_et_pb_use_builder":"","_et_pb_old_content":"","_et_gb_content_width":""},"product_brand":[],"product_cat":[758],"product_tag":[],"class_list":{"0":"post-292189","1":"product","2":"type-product","3":"status-publish","4":"has-post-thumbnail","6":"product_cat-jarrones","8":"first","9":"outofstock","10":"sale","11":"shipping-taxable","12":"purchasable","13":"product-type-simple"},"_links":{"self":[{"href":"https:\/\/chulointeriors.com\/es\/wp-json\/wp\/v2\/product\/292189","targetHints":{"allow":["GET"]}}],"collection":[{"href":"https:\/\/chulointeriors.com\/es\/wp-json\/wp\/v2\/product"}],"about":[{"href":"https:\/\/chulointeriors.com\/es\/wp-json\/wp\/v2\/types\/product"}],"replies":[{"embeddable":true,"href":"https:\/\/chulointeriors.com\/es\/wp-json\/wp\/v2\/comments?post=292189"}],"wp:featuredmedia":[{"embeddable":true,"href":"https:\/\/chulointeriors.com\/es\/wp-json\/wp\/v2\/media\/291056"}],"wp:attachment":[{"href":"https:\/\/chulointeriors.com\/es\/wp-json\/wp\/v2\/media?parent=292189"}],"wp:term":[{"taxonomy":"product_brand","embeddable":true,"href":"https:\/\/chulointeriors.com\/es\/wp-json\/wp\/v2\/product_brand?post=292189"},{"taxonomy":"product_cat","embeddable":true,"href":"https:\/\/chulointeriors.com\/es\/wp-json\/wp\/v2\/product_cat?post=292189"},{"taxonomy":"product_tag","embeddable":true,"href":"https:\/\/chulointeriors.com\/es\/wp-json\/wp\/v2\/product_tag?post=292189"}],"curies":[{"name":"wp","href":"https:\/\/api.w.org\/{rel}","templated":true}]}}