{"id":292188,"date":"2023-07-26T14:21:54","date_gmt":"2023-07-26T12:21:54","guid":{"rendered":"https:\/\/chulointeriors.com\/product\/portacandelitas-cubistic-1651obin\/"},"modified":"2024-03-20T21:42:00","modified_gmt":"2024-03-20T19:42:00","slug":"portacandelitas-cubistic-1651obin","status":"publish","type":"product","link":"https:\/\/chulointeriors.com\/es\/product\/portacandelitas-cubistic-1651obin\/","title":{"rendered":"Portacandelitas Cubistic 1651OBIN"},"content":{"rendered":"<p>Las candelitas de dise\u00f1o Guaxs CUBISTIC Indigo son un impresionante complemento para cualquier espacio, meticulosamente elaboradas con vidrio soplado a boca y adornadas con una superficie tallada a mano. Verdaderos artesanos, h\u00e1biles trabajadores del vidrio, dan vida a esta decoraci\u00f3n de lujo para el hogar a trav\u00e9s de su experiencia y creatividad. Procedente de una empresa familiar alemana, GUAXS, conocida por sus dise\u00f1os decorativos modernos y de alta calidad, se inspira en un intenso compromiso con diversas culturas que abarcan desde la antig\u00fcedad hasta las artes contempor\u00e1neas.<\/p>\n<p>En l\u00ednea con sus principios operativos fundamentales, la decoraci\u00f3n para el hogar de Guaxs honra la preciada artesan\u00eda y las bellas tradiciones de los artesanos europeos del vidrio. Cada objeto se produce cuidadosamente a nivel local en f\u00e1bricas exclusivas especializadas en la elaboraci\u00f3n de peque\u00f1as ediciones para artistas y dise\u00f1adores de la comunidad internacional. Estos artesanos trabajan en armon\u00eda como un equipo, procesando materiales naturales y sostenibles como el vidrio, la madera y el metal. La combinaci\u00f3n de habilidad, experiencia, coordinaci\u00f3n y fuerza f\u00edsica invertida en cada creaci\u00f3n garantiza que cada objeto reciba su estructura \u00fanica y su car\u00e1cter distintivo. Como resultado, cada forma se convierte en una obra maestra \u00fanica en su g\u00e9nero, que ofrece una aut\u00e9ntica pieza de artesan\u00eda a cada cliente.<\/p>\n<p>Explore el cautivador mundo de la decoraci\u00f3n del hogar de Guaxs y descubra sus extraordinarios accesorios de interiorismo. Estos exquisitos complementos tienen el poder de transformar los ambientes de las habitaciones, dejando huella en todo y en todos los que los rodean. Con sus siluetas esculturales y superficies facetadas, los dise\u00f1os de GUAXS se inspiran en los movimientos art\u00edsticos contempor\u00e1neos, exudando un aura art\u00edstica que llama la atenci\u00f3n. Al incorporar estas llamativas formas a su mesa, puede cautivar a los visitantes sin esfuerzo e infundir a su espacio una sensaci\u00f3n de encanto art\u00edstico.<\/p>\n<p>Disfruta de la belleza de las candelitas de dise\u00f1o Guaxs y descubre el potencial de sus exclusivos accesorios de dise\u00f1o de interiores. Deja que iluminen tu entorno y creen un ambiente que cautive de verdad.<\/p>\n<p><strong>Las tres principales ventajas de los accesorios de interior GUAXS son las siguientes:<\/strong><\/p>\n<ol>\n<li><strong>Dise\u00f1o atemporal:<\/strong> Encarnando una filosof\u00eda de dise\u00f1o que no se ve afectada por tendencias de moda pasajeras, las creaciones de GUAXS resisten el paso del tiempo.<\/li>\n<li><strong>Compatibilidad sin l\u00edmites:<\/strong> La versatilidad es el sello distintivo de sus dise\u00f1os, que combinan armoniosamente con diversos estilos de interior, ya sean cl\u00e1sicos elegantes o minimalismo moderno.<\/li>\n<li><strong>Calidad superior y sostenibilidad:<\/strong> El compromiso inquebrantable de GUAXS con el uso de materiales naturales y altamente sostenibles garantiza que sus productos irradien calidad de primera, al tiempo que adoptan la responsabilidad medioambiental.<\/li>\n<\/ol>\n","protected":false},"excerpt":{"rendered":"<p>Una serie de t\u00e9cnicas artesanales se emplean para dar forma a este hermoso cuenco. El dise\u00f1o cobra vida en un estudio alem\u00e1n. All\u00ed se modela en un molde de escayola original y, a continuaci\u00f3n, se sopla a boca con vidrio de calidad.<\/p>\n","protected":false},"featured_media":291063,"comment_status":"open","ping_status":"closed","template":"","meta":{"_et_pb_use_builder":"","_et_pb_old_content":"","_et_gb_content_width":""},"product_brand":[],"product_cat":[758],"product_tag":[],"class_list":{"0":"post-292188","1":"product","2":"type-product","3":"status-publish","4":"has-post-thumbnail","6":"product_cat-jarrones","8":"first","9":"instock","10":"sale","11":"shipping-taxable","12":"purchasable","13":"product-type-simple"},"_links":{"self":[{"href":"https:\/\/chulointeriors.com\/es\/wp-json\/wp\/v2\/product\/292188","targetHints":{"allow":["GET"]}}],"collection":[{"href":"https:\/\/chulointeriors.com\/es\/wp-json\/wp\/v2\/product"}],"about":[{"href":"https:\/\/chulointeriors.com\/es\/wp-json\/wp\/v2\/types\/product"}],"replies":[{"embeddable":true,"href":"https:\/\/chulointeriors.com\/es\/wp-json\/wp\/v2\/comments?post=292188"}],"wp:featuredmedia":[{"embeddable":true,"href":"https:\/\/chulointeriors.com\/es\/wp-json\/wp\/v2\/media\/291063"}],"wp:attachment":[{"href":"https:\/\/chulointeriors.com\/es\/wp-json\/wp\/v2\/media?parent=292188"}],"wp:term":[{"taxonomy":"product_brand","embeddable":true,"href":"https:\/\/chulointeriors.com\/es\/wp-json\/wp\/v2\/product_brand?post=292188"},{"taxonomy":"product_cat","embeddable":true,"href":"https:\/\/chulointeriors.com\/es\/wp-json\/wp\/v2\/product_cat?post=292188"},{"taxonomy":"product_tag","embeddable":true,"href":"https:\/\/chulointeriors.com\/es\/wp-json\/wp\/v2\/product_tag?post=292188"}],"curies":[{"name":"wp","href":"https:\/\/api.w.org\/{rel}","templated":true}]}}