{"id":292187,"date":"2023-07-26T14:35:27","date_gmt":"2023-07-26T12:35:27","guid":{"rendered":"https:\/\/chulointeriors.com\/product\/cubistic-redondo-1653obin\/"},"modified":"2024-03-20T21:43:17","modified_gmt":"2024-03-20T19:43:17","slug":"cubistic-redondo-1653obin","status":"publish","type":"product","link":"https:\/\/chulointeriors.com\/es\/product\/cubistic-redondo-1653obin\/","title":{"rendered":"Cubistic Redondo 1653OBIN"},"content":{"rendered":"<p>El jarr\u00f3n de dise\u00f1o Guaxs CUBISTIC ROUND Indigo es una obra maestra de vidrio soplado, con una exquisita superficie tallada a mano. Creado en los talleres de expertos vidrieros, esta lujosa decoraci\u00f3n para el hogar ejemplifica el verdadero arte. Procedente de una empresa familiar alemana, GUAXS, conocida por sus dise\u00f1os decorativos contempor\u00e1neos y de alta calidad, se inspira en diversas culturas que abarcan desde la antig\u00fcedad hasta las artes modernas.<\/p>\n<p>En esencia, la decoraci\u00f3n para el hogar de Guaxs mantiene la apreciada artesan\u00eda y las tradiciones de los artesanos europeos del vidrio. Cada objeto se produce meticulosamente a nivel local en f\u00e1bricas exclusivas, especializadas en la elaboraci\u00f3n de peque\u00f1as ediciones para artistas y dise\u00f1adores internacionales. Trabajando en equipo, estos artesanos utilizan materiales naturales y sostenibles como el vidrio, la madera y el metal, combinando habilidad, experiencia, coordinaci\u00f3n y fuerza f\u00edsica para dotar a cada objeto de una estructura y un car\u00e1cter individuales y distintivos. Como resultado, cada forma se convierte en un objeto \u00fanico, ofreciendo una aut\u00e9ntica pieza de artesan\u00eda a cada cliente.<\/p>\n<p>Explore el cautivador mundo de la decoraci\u00f3n del hogar de Guaxs y descubra sus excepcionales accesorios de interiorismo, capaces de transformar los ambientes de las habitaciones y dejar huella en todo y en todos los que les rodean. Con sus siluetas esculturales y superficies facetadas, los dise\u00f1os de GUAXS se hacen eco de la esencia de los movimientos art\u00edsticos contempor\u00e1neos. Incorpore estas obras maestras art\u00edsticas a su mesa para cautivar sin esfuerzo a los visitantes con sus llamativas formas.<\/p>\n","protected":false},"excerpt":{"rendered":"<p>Una serie de t\u00e9cnicas artesanales se emplean para dar forma a este hermoso cuenco. El dise\u00f1o cobra vida en un estudio alem\u00e1n. All\u00ed se modela en un molde de escayola original y, a continuaci\u00f3n, se sopla a boca con vidrio de calidad.<\/p>\n","protected":false},"featured_media":291058,"comment_status":"open","ping_status":"closed","template":"","meta":{"_et_pb_use_builder":"","_et_pb_old_content":"","_et_gb_content_width":""},"product_brand":[],"product_cat":[758],"product_tag":[],"class_list":{"0":"post-292187","1":"product","2":"type-product","3":"status-publish","4":"has-post-thumbnail","6":"product_cat-jarrones","8":"first","9":"instock","10":"sale","11":"shipping-taxable","12":"purchasable","13":"product-type-simple"},"_links":{"self":[{"href":"https:\/\/chulointeriors.com\/es\/wp-json\/wp\/v2\/product\/292187","targetHints":{"allow":["GET"]}}],"collection":[{"href":"https:\/\/chulointeriors.com\/es\/wp-json\/wp\/v2\/product"}],"about":[{"href":"https:\/\/chulointeriors.com\/es\/wp-json\/wp\/v2\/types\/product"}],"replies":[{"embeddable":true,"href":"https:\/\/chulointeriors.com\/es\/wp-json\/wp\/v2\/comments?post=292187"}],"wp:featuredmedia":[{"embeddable":true,"href":"https:\/\/chulointeriors.com\/es\/wp-json\/wp\/v2\/media\/291058"}],"wp:attachment":[{"href":"https:\/\/chulointeriors.com\/es\/wp-json\/wp\/v2\/media?parent=292187"}],"wp:term":[{"taxonomy":"product_brand","embeddable":true,"href":"https:\/\/chulointeriors.com\/es\/wp-json\/wp\/v2\/product_brand?post=292187"},{"taxonomy":"product_cat","embeddable":true,"href":"https:\/\/chulointeriors.com\/es\/wp-json\/wp\/v2\/product_cat?post=292187"},{"taxonomy":"product_tag","embeddable":true,"href":"https:\/\/chulointeriors.com\/es\/wp-json\/wp\/v2\/product_tag?post=292187"}],"curies":[{"name":"wp","href":"https:\/\/api.w.org\/{rel}","templated":true}]}}