{"id":292186,"date":"2023-07-28T10:06:16","date_gmt":"2023-07-28T08:06:16","guid":{"rendered":"https:\/\/chulointeriors.com\/product\/portacandelitas-pinara-1638gy\/"},"modified":"2024-03-20T21:43:55","modified_gmt":"2024-03-20T19:43:55","slug":"portacandelitas-pinara-1638gy","status":"publish","type":"product","link":"https:\/\/chulointeriors.com\/es\/product\/portacandelitas-pinara-1638gy\/","title":{"rendered":"Portacandelitas Pinara 1638GY"},"content":{"rendered":"<p><strong>La colecci\u00f3n: Earthline | Primavera Verano 2023 <\/strong><br \/>Con la colecci\u00f3n Earthline de Guaxs, la temporada de primavera y verano de 2023 puede comenzar oficialmente. Guaxs presenta jarrones, cuencos y faroles exclusivos en colores maravillosamente frescos y veraniegos como Sky (azul cielo) y Green (verde primavera), que invitan a colocarlos con flores y ramas. Como novedad absoluta, tambi\u00e9n se presentan farolillos con elegantes bases de piedra natural. \u00a1D\u00e9jate transportar a la primavera con Guaxs Earthline!<\/p>\n<p><strong>El dise\u00f1o: Pinara <\/strong><br \/>La colecci\u00f3n Pinara no s\u00f3lo se asemeja a una cultura art\u00edsticamente sofisticada del pasado, sino que tambi\u00e9n recibe su nombre de la noci\u00f3n de &#8220;redondeado&#8221;. En cierta \u00e9poca, &#8220;Pinara&#8221; significaba algo as\u00ed como &#8220;redondeado&#8221;, y esta forma es caracter\u00edstica de la colecci\u00f3n, con una deliberada abertura en el borde superior. Los objetos de cristal tambi\u00e9n est\u00e1n adornados con una caracter\u00edstica superficie estriada, como es habitual. Ic\u00f3nicos y redondeados, misteriosos pero seductores, los objetos de cristal de la colecci\u00f3n Pinara son fant\u00e1sticos accesorios para la habitaci\u00f3n.<\/p>\n<p><strong>Guaxs Versi\u00f3n Portacandelitas <\/strong><br \/>Los farolillos Pinara complementan a la perfecci\u00f3n la colecci\u00f3n Pinara y a\u00f1aden la acogedora calidez de la luz de las velas. Estas peque\u00f1as maravillas vers\u00e1tiles no s\u00f3lo son bonitas, sino que se pueden utilizar de varias maneras. Dec\u00f3relas con flores, util\u00edcelas como portal\u00e1pices o util\u00edcelas tradicionalmente como farolillos. Una aut\u00e9ntica joya decorativa de Guaxs para tu hogar.<\/p>\n<p><strong>La diversidad de Guaxs <\/strong><br \/>El dise\u00f1o Pinara est\u00e1 disponible en varios tama\u00f1os y formas. Los art\u00edculos hechos a mano y soplados a boca de Guaxs impresionan por su incre\u00edble diversidad, que te permite combinarlos como quieras. Para cada ocasi\u00f3n y celebraci\u00f3n, para cada rinc\u00f3n de su sal\u00f3n, hay un objeto de cristal adecuado de Guaxs.<\/p>\n","protected":false},"excerpt":{"rendered":"<p>Elaborado con precisi\u00f3n y esmero, este jarr\u00f3n no es s\u00f3lo una hermosa pieza decorativa, sino tambi\u00e9n funcional. La candelita es perfecta para a\u00f1adir un toque de luz a su hogar, mientras que el jarr\u00f3n redondo tiene una amplia abertura que deja espacio suficiente para exponer sus flores favoritas. El detalle acanalado a\u00f1ade una capa extra de textura e inter\u00e9s visual.<\/p>\n","protected":false},"featured_media":291064,"comment_status":"open","ping_status":"closed","template":"","meta":{"_et_pb_use_builder":"","_et_pb_old_content":"","_et_gb_content_width":""},"product_brand":[],"product_cat":[758],"product_tag":[],"class_list":{"0":"post-292186","1":"product","2":"type-product","3":"status-publish","4":"has-post-thumbnail","6":"product_cat-jarrones","8":"first","9":"instock","10":"sale","11":"shipping-taxable","12":"purchasable","13":"product-type-simple"},"_links":{"self":[{"href":"https:\/\/chulointeriors.com\/es\/wp-json\/wp\/v2\/product\/292186","targetHints":{"allow":["GET"]}}],"collection":[{"href":"https:\/\/chulointeriors.com\/es\/wp-json\/wp\/v2\/product"}],"about":[{"href":"https:\/\/chulointeriors.com\/es\/wp-json\/wp\/v2\/types\/product"}],"replies":[{"embeddable":true,"href":"https:\/\/chulointeriors.com\/es\/wp-json\/wp\/v2\/comments?post=292186"}],"wp:featuredmedia":[{"embeddable":true,"href":"https:\/\/chulointeriors.com\/es\/wp-json\/wp\/v2\/media\/291064"}],"wp:attachment":[{"href":"https:\/\/chulointeriors.com\/es\/wp-json\/wp\/v2\/media?parent=292186"}],"wp:term":[{"taxonomy":"product_brand","embeddable":true,"href":"https:\/\/chulointeriors.com\/es\/wp-json\/wp\/v2\/product_brand?post=292186"},{"taxonomy":"product_cat","embeddable":true,"href":"https:\/\/chulointeriors.com\/es\/wp-json\/wp\/v2\/product_cat?post=292186"},{"taxonomy":"product_tag","embeddable":true,"href":"https:\/\/chulointeriors.com\/es\/wp-json\/wp\/v2\/product_tag?post=292186"}],"curies":[{"name":"wp","href":"https:\/\/api.w.org\/{rel}","templated":true}]}}