{"id":292185,"date":"2023-07-28T10:11:44","date_gmt":"2023-07-28T08:11:44","guid":{"rendered":"https:\/\/chulointeriors.com\/product\/jarron-enorm-1414ol\/"},"modified":"2024-03-20T21:44:49","modified_gmt":"2024-03-20T19:44:49","slug":"jarron-enorm-1414ol","status":"publish","type":"product","link":"https:\/\/chulointeriors.com\/es\/product\/jarron-enorm-1414ol\/","title":{"rendered":"Jarr\u00f3n Enorm 1414OL"},"content":{"rendered":"<p><strong>La colecci\u00f3n: Belly <\/strong><br \/>Ser\u00eda demasiado simplista reducir los magn\u00edficos jarrones de la colecci\u00f3n Belly a su car\u00e1cter curvil\u00edneo. Sus delicadas curvas destilan vitalidad y opulencia, mostrando todo el brillo de Guaxs. As\u00ed, el pintoresco dise\u00f1o de la colecci\u00f3n Belly expresa diversidad y sentido de la vida. Con la forma y la selecci\u00f3n de colores, Guaxs demuestra una vez m\u00e1s su sensibilidad hacia los procesos naturales del dise\u00f1o. Atrevida pero refinada, so\u00f1adora pero aut\u00e9nticamente realista, cada variaci\u00f3n de Belly es una pieza de coleccionista.<\/p>\n<p><strong>La diversidad de Guaxs <\/strong><br \/>El dise\u00f1o Belly est\u00e1 disponible en varios tama\u00f1os y formas. Los art\u00edculos artesanales y soplados a boca de Guaxs impresionan por su incre\u00edble diversidad, que le permite combinarlos a su gusto. Para cada ocasi\u00f3n y celebraci\u00f3n, para cada rinc\u00f3n de su sal\u00f3n, hay un objeto de cristal adecuado de Guaxs.<\/p>\n","protected":false},"excerpt":{"rendered":"<p>Para dar forma a este hermoso jarr\u00f3n se utiliza una serie de t\u00e9cnicas artesanales. El dise\u00f1o cobra vida en un estudio alem\u00e1n. All\u00ed se modela en una forma original de escayola y luego se sopla a boca con vidrio de calidad. Pueden producirse ligeras desviaciones de color debido a la producci\u00f3n manual.<\/p>\n","protected":false},"featured_media":291066,"comment_status":"open","ping_status":"closed","template":"","meta":{"_et_pb_use_builder":"","_et_pb_old_content":"","_et_gb_content_width":""},"product_brand":[],"product_cat":[758],"product_tag":[],"class_list":{"0":"post-292185","1":"product","2":"type-product","3":"status-publish","4":"has-post-thumbnail","6":"product_cat-jarrones","8":"first","9":"instock","10":"sale","11":"shipping-taxable","12":"purchasable","13":"product-type-simple"},"_links":{"self":[{"href":"https:\/\/chulointeriors.com\/es\/wp-json\/wp\/v2\/product\/292185","targetHints":{"allow":["GET"]}}],"collection":[{"href":"https:\/\/chulointeriors.com\/es\/wp-json\/wp\/v2\/product"}],"about":[{"href":"https:\/\/chulointeriors.com\/es\/wp-json\/wp\/v2\/types\/product"}],"replies":[{"embeddable":true,"href":"https:\/\/chulointeriors.com\/es\/wp-json\/wp\/v2\/comments?post=292185"}],"wp:featuredmedia":[{"embeddable":true,"href":"https:\/\/chulointeriors.com\/es\/wp-json\/wp\/v2\/media\/291066"}],"wp:attachment":[{"href":"https:\/\/chulointeriors.com\/es\/wp-json\/wp\/v2\/media?parent=292185"}],"wp:term":[{"taxonomy":"product_brand","embeddable":true,"href":"https:\/\/chulointeriors.com\/es\/wp-json\/wp\/v2\/product_brand?post=292185"},{"taxonomy":"product_cat","embeddable":true,"href":"https:\/\/chulointeriors.com\/es\/wp-json\/wp\/v2\/product_cat?post=292185"},{"taxonomy":"product_tag","embeddable":true,"href":"https:\/\/chulointeriors.com\/es\/wp-json\/wp\/v2\/product_tag?post=292185"}],"curies":[{"name":"wp","href":"https:\/\/api.w.org\/{rel}","templated":true}]}}