{"id":292183,"date":"2023-07-28T10:45:50","date_gmt":"2023-07-28T08:45:50","guid":{"rendered":"https:\/\/chulointeriors.com\/product\/jarron-karakol-redondo-1746in\/"},"modified":"2024-03-20T21:46:48","modified_gmt":"2024-03-20T19:46:48","slug":"jarron-karakol-redondo-1746in","status":"publish","type":"product","link":"https:\/\/chulointeriors.com\/es\/product\/jarron-karakol-redondo-1746in\/","title":{"rendered":"Jarr\u00f3n Karakol Redondo 1746IN"},"content":{"rendered":"<p><strong>La colecci\u00f3n: Karakol<\/strong><br \/>Con las creaciones de la colecci\u00f3n Karakol, Guaxs ha conseguido una impresionante gama de dise\u00f1os. Esta colecci\u00f3n se inspira en la ciudad kirguisa de Karakol, el r\u00edo del mismo nombre y el valle de Karakol. El significado asociado a este nombre queda bellamente reflejado en los jarrones. Por ejemplo, el cuenco de esta colecci\u00f3n evoca inevitablemente la inmensidad y profundidad del valle de Karakol, mientras que las otras dos variantes (Tall y Round) muestran innegablemente un estilo kirgu\u00eds. Estos jarrones hechos a mano, meticulosamente producidos a trav\u00e9s de varios pasos individuales por h\u00e1biles artesanos, presentan unas graciosas rayas y un cuello en forma de capullo. Tradicional y sencillo, pero rico y complejo, el Karakol es un aut\u00e9ntico tesoro.<\/p>\n<p><strong>La diversidad de los guaxs<\/strong><br \/>El dise\u00f1o Karakol est\u00e1 disponible en otros tama\u00f1os y formas. Las creaciones artesanales y sopladas a boca de Guaxs impresionan por su incre\u00edble diversidad, que le permite combinarlas como desee. Desde cualquier ocasi\u00f3n especial hasta cualquier celebraci\u00f3n, y en cada rinc\u00f3n de su espacio vital, le espera una obra maestra de cristal adecuada de Guaxs.<\/p>\n","protected":false},"excerpt":{"rendered":"<p>Este exquisito jarr\u00f3n cobra vida gracias a una serie de h\u00e1biles t\u00e9cnicas artesanales. Todo el proceso de dise\u00f1o tiene lugar en un estudio alem\u00e1n, donde se elabora meticulosamente con atenci\u00f3n al detalle. Empezando por la creaci\u00f3n de un molde de escayola original, el dise\u00f1o del jarr\u00f3n se modela cuidadosamente hasta la perfecci\u00f3n. A continuaci\u00f3n, se sopla el jarr\u00f3n con vidrio de alta calidad, lo que le confiere una forma y un car\u00e1cter \u00fanicos. La combinaci\u00f3n de artesan\u00eda tradicional y arte moderno da como resultado una pieza hermosa y cautivadora que embellecer\u00e1 cualquier espacio con elegancia y encanto.<\/p>\n","protected":false},"featured_media":291073,"comment_status":"open","ping_status":"closed","template":"","meta":{"_et_pb_use_builder":"","_et_pb_old_content":"","_et_gb_content_width":""},"product_brand":[],"product_cat":[758],"product_tag":[],"class_list":{"0":"post-292183","1":"product","2":"type-product","3":"status-publish","4":"has-post-thumbnail","6":"product_cat-jarrones","8":"first","9":"outofstock","10":"sale","11":"shipping-taxable","12":"purchasable","13":"product-type-simple"},"_links":{"self":[{"href":"https:\/\/chulointeriors.com\/es\/wp-json\/wp\/v2\/product\/292183","targetHints":{"allow":["GET"]}}],"collection":[{"href":"https:\/\/chulointeriors.com\/es\/wp-json\/wp\/v2\/product"}],"about":[{"href":"https:\/\/chulointeriors.com\/es\/wp-json\/wp\/v2\/types\/product"}],"replies":[{"embeddable":true,"href":"https:\/\/chulointeriors.com\/es\/wp-json\/wp\/v2\/comments?post=292183"}],"wp:featuredmedia":[{"embeddable":true,"href":"https:\/\/chulointeriors.com\/es\/wp-json\/wp\/v2\/media\/291073"}],"wp:attachment":[{"href":"https:\/\/chulointeriors.com\/es\/wp-json\/wp\/v2\/media?parent=292183"}],"wp:term":[{"taxonomy":"product_brand","embeddable":true,"href":"https:\/\/chulointeriors.com\/es\/wp-json\/wp\/v2\/product_brand?post=292183"},{"taxonomy":"product_cat","embeddable":true,"href":"https:\/\/chulointeriors.com\/es\/wp-json\/wp\/v2\/product_cat?post=292183"},{"taxonomy":"product_tag","embeddable":true,"href":"https:\/\/chulointeriors.com\/es\/wp-json\/wp\/v2\/product_tag?post=292183"}],"curies":[{"name":"wp","href":"https:\/\/api.w.org\/{rel}","templated":true}]}}