{"id":292181,"date":"2023-07-28T11:07:57","date_gmt":"2023-07-28T09:07:57","guid":{"rendered":"https:\/\/chulointeriors.com\/product\/jarron-malia-m-1741gy\/"},"modified":"2024-03-20T21:49:37","modified_gmt":"2024-03-20T19:49:37","slug":"jarron-malia-m-1741gy","status":"publish","type":"product","link":"https:\/\/chulointeriors.com\/es\/product\/jarron-malia-m-1741gy\/","title":{"rendered":"Jarr\u00f3n Malia M 1741GY"},"content":{"rendered":"<p>Presentamos la lujosa decoraci\u00f3n para el hogar MALIA M en gris humo de la exclusiva marca de dise\u00f1o Guaxs. Redefina sus espacios vitales y de negocios con la brillantez art\u00edstica de la decoraci\u00f3n de dise\u00f1o para el hogar, meticulosamente elaborada por talentosos artesanos del vidrio de Alemania. Guaxs, una empresa familiar alemana, se dedica a crear objetos de interiorismo e iluminaci\u00f3n de alta calidad que destilan sofisticaci\u00f3n y elegancia.<\/p>\n<p>La inspiraci\u00f3n de estas aut\u00e9nticas obras de arte radica en una profunda exploraci\u00f3n de diversas culturas, rastreando sus caracter\u00edsticas compartidas desde la antig\u00fcedad hasta los tiempos modernos. Siguiendo este principio, Guaxs se esfuerza por preservar la artesan\u00eda y las tradiciones locales, que se integran a la perfecci\u00f3n en el dise\u00f1o contempor\u00e1neo de sus objetos de cristal. Cada pieza de Guaxs es un testimonio de su compromiso con la creaci\u00f3n de un arte duradero y valioso.<\/p>\n<p>Enriquece tu sal\u00f3n con los aut\u00e9nticos deko de dise\u00f1o de Guaxs, y observa c\u00f3mo sus llamativas formas captan la atenci\u00f3n de tus visitantes.<\/p>\n<p><strong>TOP 3 ventajas de los accesorios de interior Guaxs:<\/strong><\/p>\n<ol>\n<li><strong>Dise\u00f1o atemporal:<\/strong> Los dise\u00f1os de Guaxs se desmarcan de las ef\u00edmeras tendencias de la moda, ofreciendo una belleza atemporal que trasciende el tiempo.<\/li>\n<li><strong>Compatibilidad vers\u00e1til:<\/strong> Estos accesorios de interior complementan sin esfuerzo varios estilos de dise\u00f1o, desde los cl\u00e1sicos elegantes hasta el minimalismo moderno, garantizando un ajuste perfecto en cualquier decoraci\u00f3n.<\/li>\n<li><strong>Calidad superior y sostenibilidad:<\/strong> Guaxs da prioridad a los materiales naturales y altamente sostenibles, garantizando una artesan\u00eda de primera calidad y un compromiso con la conciencia medioambiental.<\/li>\n<\/ol>\n","protected":false},"excerpt":{"rendered":"<p>Sum\u00e9rjase en el mundo de la decoraci\u00f3n exclusiva para el hogar con la marca alemana Guaxs, famosa por su s\u00f3lida tradici\u00f3n familiar. Cada pieza de esta colecci\u00f3n es una obra maestra original, destinada a atraer todas las miradas y a emanar aut\u00e9nticas vibraciones. Eleve su interior a nuevas cotas y cause una impresi\u00f3n duradera con estas extraordinarias creaciones. La artesan\u00eda sin igual y el talento art\u00edstico de Guaxs transformar\u00e1n sus espacios vitales en un para\u00edso de elegancia y estilo. Experimente el encanto del dise\u00f1o aut\u00e9ntico y excepcional con Guaxs y deje que su hogar cuente una cautivadora historia de belleza y sofisticaci\u00f3n.<\/p>\n","protected":false},"featured_media":291077,"comment_status":"open","ping_status":"closed","template":"","meta":{"_et_pb_use_builder":"","_et_pb_old_content":"","_et_gb_content_width":""},"product_brand":[],"product_cat":[758],"product_tag":[],"class_list":{"0":"post-292181","1":"product","2":"type-product","3":"status-publish","4":"has-post-thumbnail","6":"product_cat-jarrones","8":"first","9":"outofstock","10":"shipping-taxable","11":"purchasable","12":"product-type-simple"},"_links":{"self":[{"href":"https:\/\/chulointeriors.com\/es\/wp-json\/wp\/v2\/product\/292181","targetHints":{"allow":["GET"]}}],"collection":[{"href":"https:\/\/chulointeriors.com\/es\/wp-json\/wp\/v2\/product"}],"about":[{"href":"https:\/\/chulointeriors.com\/es\/wp-json\/wp\/v2\/types\/product"}],"replies":[{"embeddable":true,"href":"https:\/\/chulointeriors.com\/es\/wp-json\/wp\/v2\/comments?post=292181"}],"wp:featuredmedia":[{"embeddable":true,"href":"https:\/\/chulointeriors.com\/es\/wp-json\/wp\/v2\/media\/291077"}],"wp:attachment":[{"href":"https:\/\/chulointeriors.com\/es\/wp-json\/wp\/v2\/media?parent=292181"}],"wp:term":[{"taxonomy":"product_brand","embeddable":true,"href":"https:\/\/chulointeriors.com\/es\/wp-json\/wp\/v2\/product_brand?post=292181"},{"taxonomy":"product_cat","embeddable":true,"href":"https:\/\/chulointeriors.com\/es\/wp-json\/wp\/v2\/product_cat?post=292181"},{"taxonomy":"product_tag","embeddable":true,"href":"https:\/\/chulointeriors.com\/es\/wp-json\/wp\/v2\/product_tag?post=292181"}],"curies":[{"name":"wp","href":"https:\/\/api.w.org\/{rel}","templated":true}]}}