{"id":292178,"date":"2023-07-28T13:09:54","date_gmt":"2023-07-28T11:09:54","guid":{"rendered":"https:\/\/chulointeriors.com\/product\/jarron-patara-tall-1719lsbs\/"},"modified":"2024-03-20T21:54:42","modified_gmt":"2024-03-20T19:54:42","slug":"jarron-patara-tall-1719lsbs","status":"publish","type":"product","link":"https:\/\/chulointeriors.com\/es\/product\/jarron-patara-tall-1719lsbs\/","title":{"rendered":"Jarr\u00f3n Patara Tall 1719LSBS"},"content":{"rendered":"<p>El jarr\u00f3n de dise\u00f1o Guaxs PATARA ROUND smokegrey est\u00e1 fabricado en vidrio soplado a boca y presenta una superficie tallada a mano. Gracias a la pericia de expertos vidrieros, esta lujosa decoraci\u00f3n para el hogar cobra vida en los talleres de aut\u00e9nticos artesanos. Guaxs, una empresa familiar alemana, se dedica a crear dise\u00f1os decorativos contempor\u00e1neos y de alta calidad. La inspiraci\u00f3n para esta impresionante pieza proviene de un profundo compromiso con diversas culturas, centr\u00e1ndose en el an\u00e1lisis de sus rasgos comunes y caracter\u00edsticas compartidas a lo largo de la historia, desde la antig\u00fcedad hasta las artes modernas.<\/p>\n<p>Adhiri\u00e9ndose a estos principios b\u00e1sicos de funcionamiento, la decoraci\u00f3n del hogar Guaxs pretende preservar la artesan\u00eda y la bella tradici\u00f3n de los artesanos europeos del vidrio. As\u00ed, los objetos se producen localmente en f\u00e1bricas exclusivas especializadas en la elaboraci\u00f3n de peque\u00f1as ediciones para artistas y dise\u00f1adores de todo el mundo. Los artesanos trabajan en colaboraci\u00f3n, utilizando materiales naturales y sostenibles como el vidrio, la madera y el metal. Su pericia, coordinaci\u00f3n y fuerza f\u00edsica garantizan que cada objeto reciba su estructura individual y su car\u00e1cter distintivo. Como cada forma es \u00fanica, cada cliente recibe su propia pieza de aut\u00e9ntica artesan\u00eda.<\/p>\n<p>Explore la colecci\u00f3n de decoraci\u00f3n para el hogar de Guaxs y d\u00e9jese entusiasmar por sus distintivos accesorios de dise\u00f1o de interiores. Tienen el poder de transformar el ambiente de cualquier habitaci\u00f3n y dejar huella en todo y en todos los que les rodean. Con sus siluetas esculturales y superficies facetadas, los dise\u00f1os Guaxs rinden homenaje al movimiento art\u00edstico contempor\u00e1neo. Introduzca el impacto art\u00edstico de los objetos Guaxs en su mesa y capte la atenci\u00f3n de los visitantes con sus llamativas formas.<\/p>\n<p>TOP 3 ventajas de los accesorios de interior Guaxs:<\/p>\n<p>Dise\u00f1o atemporal: Los dise\u00f1os de Guaxs trascienden las tendencias de la moda, presumiendo de un atractivo atemporal.<br \/>Compatibilidad vers\u00e1til: Estos accesorios de interior complementan sin esfuerzo varios estilos de dise\u00f1o, desde los cl\u00e1sicos elegantes hasta el minimalismo moderno.<br \/>Calidad superior y sostenibilidad: Guaxs da prioridad al uso de materiales naturales y altamente sostenibles, lo que refleja su compromiso con la artesan\u00eda de primera calidad y la conciencia medioambiental.<\/p>\n","protected":false},"excerpt":{"rendered":"<p>Para dar forma a este hermoso jarr\u00f3n se utilizan una serie de t\u00e9cnicas artesanales. El dise\u00f1o cobra vida en un estudio alem\u00e1n. All\u00ed se modela en un molde de escayola original y, a continuaci\u00f3n, se sopla a boca con vidrio de calidad. Vidrio soplado a boca \/ superficie tallada a mano. Debido a la producci\u00f3n manual, pueden producirse ligeras variaciones de color.<\/p>\n","protected":false},"featured_media":291083,"comment_status":"open","ping_status":"closed","template":"","meta":{"_et_pb_use_builder":"","_et_pb_old_content":"","_et_gb_content_width":""},"product_brand":[],"product_cat":[758],"product_tag":[],"class_list":{"0":"post-292178","1":"product","2":"type-product","3":"status-publish","4":"has-post-thumbnail","6":"product_cat-jarrones","8":"first","9":"instock","10":"sale","11":"shipping-taxable","12":"purchasable","13":"product-type-simple"},"_links":{"self":[{"href":"https:\/\/chulointeriors.com\/es\/wp-json\/wp\/v2\/product\/292178","targetHints":{"allow":["GET"]}}],"collection":[{"href":"https:\/\/chulointeriors.com\/es\/wp-json\/wp\/v2\/product"}],"about":[{"href":"https:\/\/chulointeriors.com\/es\/wp-json\/wp\/v2\/types\/product"}],"replies":[{"embeddable":true,"href":"https:\/\/chulointeriors.com\/es\/wp-json\/wp\/v2\/comments?post=292178"}],"wp:featuredmedia":[{"embeddable":true,"href":"https:\/\/chulointeriors.com\/es\/wp-json\/wp\/v2\/media\/291083"}],"wp:attachment":[{"href":"https:\/\/chulointeriors.com\/es\/wp-json\/wp\/v2\/media?parent=292178"}],"wp:term":[{"taxonomy":"product_brand","embeddable":true,"href":"https:\/\/chulointeriors.com\/es\/wp-json\/wp\/v2\/product_brand?post=292178"},{"taxonomy":"product_cat","embeddable":true,"href":"https:\/\/chulointeriors.com\/es\/wp-json\/wp\/v2\/product_cat?post=292178"},{"taxonomy":"product_tag","embeddable":true,"href":"https:\/\/chulointeriors.com\/es\/wp-json\/wp\/v2\/product_tag?post=292178"}],"curies":[{"name":"wp","href":"https:\/\/api.w.org\/{rel}","templated":true}]}}