{"id":292177,"date":"2023-07-28T15:15:21","date_gmt":"2023-07-28T13:15:21","guid":{"rendered":"https:\/\/chulointeriors.com\/product\/plato-llano-265-cm-selena-set-de-6\/"},"modified":"2024-03-20T21:55:36","modified_gmt":"2024-03-20T19:55:36","slug":"plato-llano-265-cm-selena-set-de-6","status":"publish","type":"product","link":"https:\/\/chulointeriors.com\/es\/product\/plato-llano-265-cm-selena-set-de-6\/","title":{"rendered":"Plato llano 26,5 cm Selena (set de 6)"},"content":{"rendered":"<p>La colecci\u00f3n SELENA de Bastida Diffusion ofrece una gama de piezas de porcelana que destilan refinamiento y elegancia. Esta colecci\u00f3n es perfecta para crear suntuosos montajes de mesa, a\u00f1adiendo un toque de sofisticaci\u00f3n y placer a cualquier experiencia gastron\u00f3mica.<\/p>\n","protected":false},"excerpt":{"rendered":"<p>La colecci\u00f3n SELENA de Bastida Diffusion ofrece una gama de piezas de porcelana que destilan refinamiento y elegancia. Esta colecci\u00f3n es perfecta para crear suntuosos montajes de mesa, a\u00f1adiendo un toque de sofisticaci\u00f3n y placer a cualquier experiencia gastron\u00f3mica.<\/p>\n","protected":false},"featured_media":291084,"comment_status":"open","ping_status":"closed","template":"","meta":{"_et_pb_use_builder":"","_et_pb_old_content":"","_et_gb_content_width":""},"product_brand":[],"product_cat":[779],"product_tag":[],"class_list":{"0":"post-292177","1":"product","2":"type-product","3":"status-publish","4":"has-post-thumbnail","6":"product_cat-placas","8":"first","9":"instock","10":"sale","11":"shipping-taxable","12":"purchasable","13":"product-type-simple"},"_links":{"self":[{"href":"https:\/\/chulointeriors.com\/es\/wp-json\/wp\/v2\/product\/292177","targetHints":{"allow":["GET"]}}],"collection":[{"href":"https:\/\/chulointeriors.com\/es\/wp-json\/wp\/v2\/product"}],"about":[{"href":"https:\/\/chulointeriors.com\/es\/wp-json\/wp\/v2\/types\/product"}],"replies":[{"embeddable":true,"href":"https:\/\/chulointeriors.com\/es\/wp-json\/wp\/v2\/comments?post=292177"}],"wp:featuredmedia":[{"embeddable":true,"href":"https:\/\/chulointeriors.com\/es\/wp-json\/wp\/v2\/media\/291084"}],"wp:attachment":[{"href":"https:\/\/chulointeriors.com\/es\/wp-json\/wp\/v2\/media?parent=292177"}],"wp:term":[{"taxonomy":"product_brand","embeddable":true,"href":"https:\/\/chulointeriors.com\/es\/wp-json\/wp\/v2\/product_brand?post=292177"},{"taxonomy":"product_cat","embeddable":true,"href":"https:\/\/chulointeriors.com\/es\/wp-json\/wp\/v2\/product_cat?post=292177"},{"taxonomy":"product_tag","embeddable":true,"href":"https:\/\/chulointeriors.com\/es\/wp-json\/wp\/v2\/product_tag?post=292177"}],"curies":[{"name":"wp","href":"https:\/\/api.w.org\/{rel}","templated":true}]}}