{"id":292164,"date":"2023-07-29T14:00:41","date_gmt":"2023-07-29T12:00:41","guid":{"rendered":"https:\/\/chulointeriors.com\/product\/plato-desierto-crema-22-cm-uno-set-de-6\/"},"modified":"2024-03-20T22:01:47","modified_gmt":"2024-03-20T20:01:47","slug":"plato-desierto-crema-22-cm-uno-set-de-6","status":"publish","type":"product","link":"https:\/\/chulointeriors.com\/es\/product\/plato-desierto-crema-22-cm-uno-set-de-6\/","title":{"rendered":"Plato Desierto Crema 22 cm Uno (set de 6)"},"content":{"rendered":"<p>Tonos naturales y acabado mate para esta gama uno, disponible en cuatro colores, aqu\u00ed en crema, que podr\u00e1 mezclar seg\u00fan sus deseos para una mesa moderna y elegante.<\/p>\n","protected":false},"excerpt":{"rendered":"<p>Tonos naturales y acabado mate para esta gama uno, disponible en cuatro colores, aqu\u00ed en crema, que podr\u00e1 mezclar seg\u00fan sus deseos para una mesa moderna y elegante.<\/p>\n","protected":false},"featured_media":291089,"comment_status":"open","ping_status":"closed","template":"","meta":{"_et_pb_use_builder":"","_et_pb_old_content":"","_et_gb_content_width":""},"product_brand":[],"product_cat":[779],"product_tag":[],"class_list":{"0":"post-292164","1":"product","2":"type-product","3":"status-publish","4":"has-post-thumbnail","6":"product_cat-placas","8":"first","9":"instock","10":"shipping-taxable","11":"purchasable","12":"product-type-simple"},"_links":{"self":[{"href":"https:\/\/chulointeriors.com\/es\/wp-json\/wp\/v2\/product\/292164","targetHints":{"allow":["GET"]}}],"collection":[{"href":"https:\/\/chulointeriors.com\/es\/wp-json\/wp\/v2\/product"}],"about":[{"href":"https:\/\/chulointeriors.com\/es\/wp-json\/wp\/v2\/types\/product"}],"replies":[{"embeddable":true,"href":"https:\/\/chulointeriors.com\/es\/wp-json\/wp\/v2\/comments?post=292164"}],"wp:featuredmedia":[{"embeddable":true,"href":"https:\/\/chulointeriors.com\/es\/wp-json\/wp\/v2\/media\/291089"}],"wp:attachment":[{"href":"https:\/\/chulointeriors.com\/es\/wp-json\/wp\/v2\/media?parent=292164"}],"wp:term":[{"taxonomy":"product_brand","embeddable":true,"href":"https:\/\/chulointeriors.com\/es\/wp-json\/wp\/v2\/product_brand?post=292164"},{"taxonomy":"product_cat","embeddable":true,"href":"https:\/\/chulointeriors.com\/es\/wp-json\/wp\/v2\/product_cat?post=292164"},{"taxonomy":"product_tag","embeddable":true,"href":"https:\/\/chulointeriors.com\/es\/wp-json\/wp\/v2\/product_tag?post=292164"}],"curies":[{"name":"wp","href":"https:\/\/api.w.org\/{rel}","templated":true}]}}