{"id":292159,"date":"2023-07-29T14:20:45","date_gmt":"2023-07-29T12:20:45","guid":{"rendered":"https:\/\/chulointeriors.com\/product\/vasos-graphik-30-cl-juego-de-6\/"},"modified":"2024-03-20T22:05:29","modified_gmt":"2024-03-20T20:05:29","slug":"vasos-graphik-30-cl-juego-de-6","status":"publish","type":"product","link":"https:\/\/chulointeriors.com\/es\/product\/vasos-graphik-30-cl-juego-de-6\/","title":{"rendered":"Vasos Graphik 30 cl (Lote de 6)"},"content":{"rendered":"<p>Ponga un poco de \u00e1nimo en su mesa! Estos vasos de agua de la colecci\u00f3n graphik est\u00e1n todos finamente grabados con motivos elegantes y de dise\u00f1o, para deleite de sus invitados.<\/p>\n","protected":false},"excerpt":{"rendered":"<p>Ponga un poco de \u00e1nimo en su mesa! Estos vasos de agua de la colecci\u00f3n graphik est\u00e1n todos finamente grabados con motivos elegantes y de dise\u00f1o, para deleite de sus invitados.<\/p>\n","protected":false},"featured_media":291094,"comment_status":"open","ping_status":"closed","template":"","meta":{"_et_pb_use_builder":"","_et_pb_old_content":"","_et_gb_content_width":""},"product_brand":[],"product_cat":[777],"product_tag":[],"class_list":{"0":"post-292159","1":"product","2":"type-product","3":"status-publish","4":"has-post-thumbnail","6":"product_cat-gafas","8":"first","9":"instock","10":"shipping-taxable","11":"purchasable","12":"product-type-simple"},"_links":{"self":[{"href":"https:\/\/chulointeriors.com\/es\/wp-json\/wp\/v2\/product\/292159","targetHints":{"allow":["GET"]}}],"collection":[{"href":"https:\/\/chulointeriors.com\/es\/wp-json\/wp\/v2\/product"}],"about":[{"href":"https:\/\/chulointeriors.com\/es\/wp-json\/wp\/v2\/types\/product"}],"replies":[{"embeddable":true,"href":"https:\/\/chulointeriors.com\/es\/wp-json\/wp\/v2\/comments?post=292159"}],"wp:featuredmedia":[{"embeddable":true,"href":"https:\/\/chulointeriors.com\/es\/wp-json\/wp\/v2\/media\/291094"}],"wp:attachment":[{"href":"https:\/\/chulointeriors.com\/es\/wp-json\/wp\/v2\/media?parent=292159"}],"wp:term":[{"taxonomy":"product_brand","embeddable":true,"href":"https:\/\/chulointeriors.com\/es\/wp-json\/wp\/v2\/product_brand?post=292159"},{"taxonomy":"product_cat","embeddable":true,"href":"https:\/\/chulointeriors.com\/es\/wp-json\/wp\/v2\/product_cat?post=292159"},{"taxonomy":"product_tag","embeddable":true,"href":"https:\/\/chulointeriors.com\/es\/wp-json\/wp\/v2\/product_tag?post=292159"}],"curies":[{"name":"wp","href":"https:\/\/api.w.org\/{rel}","templated":true}]}}