{"id":292157,"date":"2023-07-29T14:32:52","date_gmt":"2023-07-29T12:32:52","guid":{"rendered":"https:\/\/chulointeriors.com\/product\/copa-de-vino-favorite-36-cl-juego-de-6\/"},"modified":"2023-11-16T13:19:53","modified_gmt":"2023-11-16T11:19:53","slug":"copa-de-vino-favorite-36-cl-juego-de-6","status":"publish","type":"product","link":"https:\/\/chulointeriors.com\/es\/product\/copa-de-vino-favorite-36-cl-juego-de-6\/","title":{"rendered":"Copa de vino Favorite 36 cl (Juego de 6)"},"content":{"rendered":"<p>Estas copas de vino de la gama favorita de 36 cl le servir\u00e1n en sus recepciones, sus finas patas aportan encanto y elegancia, no podr\u00e1 prescindir de ellas. En combinaci\u00f3n con las copas de agua o las copas de champ\u00e1n de la misma colecci\u00f3n, su mesa ser\u00e1 digna de los m\u00e1s grandes restaurantes.<\/p>\n","protected":false},"excerpt":{"rendered":"<p>Estas copas de vino de la gama favorita de 36 cl le servir\u00e1n en sus recepciones, sus finas patas aportan encanto y elegancia, no podr\u00e1 prescindir de ellas. En combinaci\u00f3n con las copas de agua o las copas de champ\u00e1n de la misma colecci\u00f3n, su mesa ser\u00e1 digna de los m\u00e1s grandes restaurantes.<\/p>\n","protected":false},"featured_media":291096,"comment_status":"open","ping_status":"closed","template":"","meta":{"_et_pb_use_builder":"","_et_pb_old_content":"","_et_gb_content_width":""},"product_brand":[],"product_cat":[777],"product_tag":[],"class_list":{"0":"post-292157","1":"product","2":"type-product","3":"status-publish","4":"has-post-thumbnail","6":"product_cat-gafas","8":"first","9":"outofstock","10":"shipping-taxable","11":"purchasable","12":"product-type-simple"},"_links":{"self":[{"href":"https:\/\/chulointeriors.com\/es\/wp-json\/wp\/v2\/product\/292157","targetHints":{"allow":["GET"]}}],"collection":[{"href":"https:\/\/chulointeriors.com\/es\/wp-json\/wp\/v2\/product"}],"about":[{"href":"https:\/\/chulointeriors.com\/es\/wp-json\/wp\/v2\/types\/product"}],"replies":[{"embeddable":true,"href":"https:\/\/chulointeriors.com\/es\/wp-json\/wp\/v2\/comments?post=292157"}],"wp:featuredmedia":[{"embeddable":true,"href":"https:\/\/chulointeriors.com\/es\/wp-json\/wp\/v2\/media\/291096"}],"wp:attachment":[{"href":"https:\/\/chulointeriors.com\/es\/wp-json\/wp\/v2\/media?parent=292157"}],"wp:term":[{"taxonomy":"product_brand","embeddable":true,"href":"https:\/\/chulointeriors.com\/es\/wp-json\/wp\/v2\/product_brand?post=292157"},{"taxonomy":"product_cat","embeddable":true,"href":"https:\/\/chulointeriors.com\/es\/wp-json\/wp\/v2\/product_cat?post=292157"},{"taxonomy":"product_tag","embeddable":true,"href":"https:\/\/chulointeriors.com\/es\/wp-json\/wp\/v2\/product_tag?post=292157"}],"curies":[{"name":"wp","href":"https:\/\/api.w.org\/{rel}","templated":true}]}}