{"id":292156,"date":"2023-07-29T14:36:48","date_gmt":"2023-07-29T12:36:48","guid":{"rendered":"https:\/\/chulointeriors.com\/product\/vaso-de-vino-wonderful-stemware-45-cl-juego-de-6\/"},"modified":"2024-03-20T22:07:52","modified_gmt":"2024-03-20T20:07:52","slug":"vaso-de-vino-wonderful-stemware-45-cl-juego-de-6","status":"publish","type":"product","link":"https:\/\/chulointeriors.com\/es\/product\/vaso-de-vino-wonderful-stemware-45-cl-juego-de-6\/","title":{"rendered":"Vaso de Vino Wonderful Stemware 45 cl (Juego de 6)"},"content":{"rendered":"<p>Dise\u00f1adas para los amantes del vino, estas elegantes copas con pie de 45 cl, se benefician de una nueva generaci\u00f3n de cristal sin plomo m\u00e1s resistente. Gracias a sus curvas perfectas, el vino resalta, para una experiencia de degustaci\u00f3n \u00fanica.<\/p>\n","protected":false},"excerpt":{"rendered":"<p>Dise\u00f1adas para los amantes del vino, estas elegantes copas con pie de 45 cl, se benefician de una nueva generaci\u00f3n de cristal sin plomo m\u00e1s resistente. Gracias a sus curvas perfectas, el vino resalta, para una experiencia de degustaci\u00f3n \u00fanica.<\/p>\n","protected":false},"featured_media":291097,"comment_status":"open","ping_status":"closed","template":"","meta":{"_et_pb_use_builder":"","_et_pb_old_content":"","_et_gb_content_width":""},"product_brand":[],"product_cat":[777],"product_tag":[],"class_list":{"0":"post-292156","1":"product","2":"type-product","3":"status-publish","4":"has-post-thumbnail","6":"product_cat-gafas","8":"first","9":"instock","10":"shipping-taxable","11":"purchasable","12":"product-type-simple"},"_links":{"self":[{"href":"https:\/\/chulointeriors.com\/es\/wp-json\/wp\/v2\/product\/292156","targetHints":{"allow":["GET"]}}],"collection":[{"href":"https:\/\/chulointeriors.com\/es\/wp-json\/wp\/v2\/product"}],"about":[{"href":"https:\/\/chulointeriors.com\/es\/wp-json\/wp\/v2\/types\/product"}],"replies":[{"embeddable":true,"href":"https:\/\/chulointeriors.com\/es\/wp-json\/wp\/v2\/comments?post=292156"}],"wp:featuredmedia":[{"embeddable":true,"href":"https:\/\/chulointeriors.com\/es\/wp-json\/wp\/v2\/media\/291097"}],"wp:attachment":[{"href":"https:\/\/chulointeriors.com\/es\/wp-json\/wp\/v2\/media?parent=292156"}],"wp:term":[{"taxonomy":"product_brand","embeddable":true,"href":"https:\/\/chulointeriors.com\/es\/wp-json\/wp\/v2\/product_brand?post=292156"},{"taxonomy":"product_cat","embeddable":true,"href":"https:\/\/chulointeriors.com\/es\/wp-json\/wp\/v2\/product_cat?post=292156"},{"taxonomy":"product_tag","embeddable":true,"href":"https:\/\/chulointeriors.com\/es\/wp-json\/wp\/v2\/product_tag?post=292156"}],"curies":[{"name":"wp","href":"https:\/\/api.w.org\/{rel}","templated":true}]}}