{"id":292153,"date":"2023-07-29T14:54:27","date_gmt":"2023-07-29T12:54:27","guid":{"rendered":"https:\/\/chulointeriors.com\/product\/jarra-2-l-almendra-uno\/"},"modified":"2024-03-21T12:58:45","modified_gmt":"2024-03-21T10:58:45","slug":"jarra-2-l-almendra-uno","status":"publish","type":"product","link":"https:\/\/chulointeriors.com\/es\/product\/jarra-2-l-almendra-uno\/","title":{"rendered":"Jarra 2 l Almendra Uno"},"content":{"rendered":"<p>Pr\u00e1ctica y elegante, esta jarra de la gama uno tiene una gran capacidad de 2 litros. se convertir\u00e1 en la compa\u00f1era ideal para todas sus comidas familiares. toda vestida de arenisca, su color negro combinar\u00e1 perfectamente con los dem\u00e1s elementos de la colecci\u00f3n uno.<\/p>\n","protected":false},"excerpt":{"rendered":"<p>Pr\u00e1ctica y elegante, esta jarra de la gama uno tiene una gran capacidad de 2 litros. se convertir\u00e1 en la compa\u00f1era ideal para todas sus comidas familiares. toda vestida de arenisca, su color negro combinar\u00e1 perfectamente con los dem\u00e1s elementos de la colecci\u00f3n uno.<\/p>\n","protected":false},"featured_media":291100,"comment_status":"open","ping_status":"closed","template":"","meta":{"_et_pb_use_builder":"","_et_pb_old_content":"","_et_gb_content_width":""},"product_brand":[],"product_cat":[778],"product_tag":[],"class_list":{"0":"post-292153","1":"product","2":"type-product","3":"status-publish","4":"has-post-thumbnail","6":"product_cat-jarras","8":"first","9":"instock","10":"sale","11":"shipping-taxable","12":"purchasable","13":"product-type-simple"},"_links":{"self":[{"href":"https:\/\/chulointeriors.com\/es\/wp-json\/wp\/v2\/product\/292153","targetHints":{"allow":["GET"]}}],"collection":[{"href":"https:\/\/chulointeriors.com\/es\/wp-json\/wp\/v2\/product"}],"about":[{"href":"https:\/\/chulointeriors.com\/es\/wp-json\/wp\/v2\/types\/product"}],"replies":[{"embeddable":true,"href":"https:\/\/chulointeriors.com\/es\/wp-json\/wp\/v2\/comments?post=292153"}],"wp:featuredmedia":[{"embeddable":true,"href":"https:\/\/chulointeriors.com\/es\/wp-json\/wp\/v2\/media\/291100"}],"wp:attachment":[{"href":"https:\/\/chulointeriors.com\/es\/wp-json\/wp\/v2\/media?parent=292153"}],"wp:term":[{"taxonomy":"product_brand","embeddable":true,"href":"https:\/\/chulointeriors.com\/es\/wp-json\/wp\/v2\/product_brand?post=292153"},{"taxonomy":"product_cat","embeddable":true,"href":"https:\/\/chulointeriors.com\/es\/wp-json\/wp\/v2\/product_cat?post=292153"},{"taxonomy":"product_tag","embeddable":true,"href":"https:\/\/chulointeriors.com\/es\/wp-json\/wp\/v2\/product_tag?post=292153"}],"curies":[{"name":"wp","href":"https:\/\/api.w.org\/{rel}","templated":true}]}}