{"id":292149,"date":"2023-07-29T15:24:36","date_gmt":"2023-07-29T13:24:36","guid":{"rendered":"https:\/\/chulointeriors.com\/product\/knife-holders-crystal-set-of-6\/"},"modified":"2024-03-21T13:01:02","modified_gmt":"2024-03-21T11:01:02","slug":"knife-holders-crystal-set-of-6","status":"publish","type":"product","link":"https:\/\/chulointeriors.com\/es\/product\/knife-holders-crystal-set-of-6\/","title":{"rendered":"Portacuchillos Cristal (Juego de 6)"},"content":{"rendered":"<p>Estas cuatro tazas a\u00f1adir\u00e1n un toque de refinamiento y elegancia a sus fiestas del t\u00e9, realzando su decoraci\u00f3n con sus motivos geom\u00e9tricos en relieve de color negro mate intenso.<\/p>\n","protected":false},"excerpt":{"rendered":"<p>Estas cuatro tazas a\u00f1adir\u00e1n un toque de refinamiento y elegancia a sus fiestas del t\u00e9, realzando su decoraci\u00f3n con sus motivos geom\u00e9tricos en relieve de color negro mate intenso.<\/p>\n","protected":false},"featured_media":291107,"comment_status":"open","ping_status":"closed","template":"","meta":{"_et_pb_use_builder":"","_et_pb_old_content":"","_et_gb_content_width":""},"product_brand":[],"product_cat":[749],"product_tag":[],"class_list":{"0":"post-292149","1":"product","2":"type-product","3":"status-publish","4":"has-post-thumbnail","6":"product_cat-portacuchillos","8":"first","9":"outofstock","10":"sale","11":"shipping-taxable","12":"purchasable","13":"product-type-simple"},"_links":{"self":[{"href":"https:\/\/chulointeriors.com\/es\/wp-json\/wp\/v2\/product\/292149","targetHints":{"allow":["GET"]}}],"collection":[{"href":"https:\/\/chulointeriors.com\/es\/wp-json\/wp\/v2\/product"}],"about":[{"href":"https:\/\/chulointeriors.com\/es\/wp-json\/wp\/v2\/types\/product"}],"replies":[{"embeddable":true,"href":"https:\/\/chulointeriors.com\/es\/wp-json\/wp\/v2\/comments?post=292149"}],"wp:featuredmedia":[{"embeddable":true,"href":"https:\/\/chulointeriors.com\/es\/wp-json\/wp\/v2\/media\/291107"}],"wp:attachment":[{"href":"https:\/\/chulointeriors.com\/es\/wp-json\/wp\/v2\/media?parent=292149"}],"wp:term":[{"taxonomy":"product_brand","embeddable":true,"href":"https:\/\/chulointeriors.com\/es\/wp-json\/wp\/v2\/product_brand?post=292149"},{"taxonomy":"product_cat","embeddable":true,"href":"https:\/\/chulointeriors.com\/es\/wp-json\/wp\/v2\/product_cat?post=292149"},{"taxonomy":"product_tag","embeddable":true,"href":"https:\/\/chulointeriors.com\/es\/wp-json\/wp\/v2\/product_tag?post=292149"}],"curies":[{"name":"wp","href":"https:\/\/api.w.org\/{rel}","templated":true}]}}