{"id":292148,"date":"2023-07-29T13:29:53","date_gmt":"2023-07-29T11:29:53","guid":{"rendered":"https:\/\/chulointeriors.com\/product\/sombras-de-cristal-high-ball-en-transparente-sin-nubes-set-de-2\/"},"modified":"2024-03-20T22:00:04","modified_gmt":"2024-03-20T20:00:04","slug":"sombras-de-cristal-high-ball-en-transparente-sin-nubes-set-de-2","status":"publish","type":"product","link":"https:\/\/chulointeriors.com\/es\/product\/sombras-de-cristal-high-ball-en-transparente-sin-nubes-set-de-2\/","title":{"rendered":"Sombras de cristal High Ball en transparente sin nubes (set de 2)"},"content":{"rendered":"<p>KLIMCHI se enorgullece de la incomparable maestr\u00eda y artesan\u00eda de sus creaciones de vidrio hechas a mano.<\/p>\n<p>Dedicados a preservar la tradici\u00f3n de la verdadera artesan\u00eda, cada uno de nuestros productos est\u00e1 meticulosamente hecho a mano en nuestra estimada f\u00e1brica familiar de cristal, situada en el coraz\u00f3n de Bohemia, Rep\u00fablica Checa. Reconocido por su excepcional calidad, el cristal de Bohemia es famoso por su fascinante claridad y su brillo sin igual. Con nosotros, cada pieza es realmente original, impregnada de car\u00e1cter y alma.<\/p>\n<p>Como testimonio de la autenticidad de nuestro cristal hecho a mano, puede haber ligeras variaciones, como burbujas y tonos distintos, debido a las complejidades del proceso de fabricaci\u00f3n. Sin embargo, creemos que estas peque\u00f1as imperfecciones son emblem\u00e1ticas de su genuina naturaleza artesanal y a\u00f1aden un encanto y un car\u00e1cter \u00fanicos a cada art\u00edculo. Abrace el encanto distintivo del vidrio hecho a mano de KLIMCHI, donde el arte y el patrimonio convergen para ofrecerle una colecci\u00f3n sin igual.<\/p>\n","protected":false},"excerpt":{"rendered":"<p>Presentamos nuestro exquisito cristal High Ball, cuidadosamente dise\u00f1ado para adaptarse perfectamente a su mano. R\u00e1pidamente se enamorar\u00e1 de su forma \u00fanica, mientras que la notable claridad del cristal complementa sin esfuerzo cualquier tema de color interior que adore.<\/p>\n<p>Fabricado con sumo cuidado, cada juego se sopla a mano a partir de cristal ecol\u00f3gico sin plomo, lo que garantiza tanto la elegancia como la seguridad. Adem\u00e1s, estos vasos pueden lavarse en el lavavajillas, lo que a\u00f1ade comodidad a su encanto. Cada pieza est\u00e1 meticulosamente cortada y pulida a mano, lo que da como resultado un impresionante acabado de alto brillo en el borde y el fondo. Disfrute de la belleza y funcionalidad de estas excepcionales copas High Ball, perfectas para elevar su experiencia de beber.<\/p>\n","protected":false},"featured_media":291108,"comment_status":"open","ping_status":"closed","template":"","meta":{"_et_pb_use_builder":"","_et_pb_old_content":"","_et_gb_content_width":""},"product_brand":[],"product_cat":[777],"product_tag":[],"class_list":{"0":"post-292148","1":"product","2":"type-product","3":"status-publish","4":"has-post-thumbnail","6":"product_cat-gafas","8":"first","9":"instock","10":"shipping-taxable","11":"purchasable","12":"product-type-simple"},"_links":{"self":[{"href":"https:\/\/chulointeriors.com\/es\/wp-json\/wp\/v2\/product\/292148","targetHints":{"allow":["GET"]}}],"collection":[{"href":"https:\/\/chulointeriors.com\/es\/wp-json\/wp\/v2\/product"}],"about":[{"href":"https:\/\/chulointeriors.com\/es\/wp-json\/wp\/v2\/types\/product"}],"replies":[{"embeddable":true,"href":"https:\/\/chulointeriors.com\/es\/wp-json\/wp\/v2\/comments?post=292148"}],"wp:featuredmedia":[{"embeddable":true,"href":"https:\/\/chulointeriors.com\/es\/wp-json\/wp\/v2\/media\/291108"}],"wp:attachment":[{"href":"https:\/\/chulointeriors.com\/es\/wp-json\/wp\/v2\/media?parent=292148"}],"wp:term":[{"taxonomy":"product_brand","embeddable":true,"href":"https:\/\/chulointeriors.com\/es\/wp-json\/wp\/v2\/product_brand?post=292148"},{"taxonomy":"product_cat","embeddable":true,"href":"https:\/\/chulointeriors.com\/es\/wp-json\/wp\/v2\/product_cat?post=292148"},{"taxonomy":"product_tag","embeddable":true,"href":"https:\/\/chulointeriors.com\/es\/wp-json\/wp\/v2\/product_tag?post=292148"}],"curies":[{"name":"wp","href":"https:\/\/api.w.org\/{rel}","templated":true}]}}