{"id":292127,"date":"2023-07-31T16:56:35","date_gmt":"2023-07-31T14:56:35","guid":{"rendered":"https:\/\/chulointeriors.com\/product\/funda-de-cojin-santana-beige-lavado\/"},"modified":"2024-03-08T15:00:54","modified_gmt":"2024-03-08T13:00:54","slug":"funda-de-cojin-santana-beige-lavado","status":"publish","type":"product","link":"https:\/\/chulointeriors.com\/es\/product\/funda-de-cojin-santana-beige-lavado\/","title":{"rendered":"Funda de coj\u00edn Santana Beige Lavado"},"content":{"rendered":"<p>Transformar el aspecto de su sof\u00e1 o cama nunca ha sido tan f\u00e1cil como con nuestra exquisita gama de nuevas fundas de coj\u00edn. Con estas peque\u00f1as pero impactantes adiciones, puede lograr cambios significativos en su espacio vital sin esfuerzo.<\/p>\n<p>Las nuevas fundas de coj\u00edn para el sof\u00e1 o la cama son una forma estupenda de crear un cambio significativo con pocos medios. Mezcle o combine estampados, colores y texturas seg\u00fan su gusto personal. Aqu\u00ed encontrar\u00e1 fundas de coj\u00edn exclusivas hechas de materiales como algod\u00f3n, lino y terciopelo, pero tambi\u00e9n cuero y piel sint\u00e9tica.<\/p>\n","protected":false},"excerpt":{"rendered":"<p>Color beige. 100% algod\u00f3n.<\/p>\n<p>Explore el variado mundo de las almohadas decorativas y fundas de coj\u00edn de Artwood, elaboradas meticulosamente con materiales exclusivos de alta calidad. Nuestra selecci\u00f3n ofrece una deliciosa variedad de opciones para adaptarse a su estilo \u00fanico y elevar su dise\u00f1o interior.<\/p>\n<p>Al seleccionar los cojines perfectos, le animamos a que tenga en cuenta no s\u00f3lo el color y el dibujo, sino tambi\u00e9n el arte de la forma, la textura y el tacto. Cada elemento contribuye a la est\u00e9tica general y al ambiente de su espacio, permiti\u00e9ndole crear una atm\u00f3sfera armoniosa y acogedora.<\/p>\n<p>Deje volar su creatividad mezclando y combinando distintos tipos de materiales, y descubra la magia que surge de la combinaci\u00f3n perfecta. La cuidadosa yuxtaposici\u00f3n de diversas texturas y tejidos puede infundir a su espacio vital un toque extra de elegancia y personalidad.<\/p>\n<p>Tanto si busca un refugio acogedor como un escaparate art\u00edstico, nuestras almohadas decorativas y fundas de coj\u00edn est\u00e1n dise\u00f1adas para aportar comodidad y sofisticaci\u00f3n a su hogar. Aproveche la versatilidad que ofrecen, permiti\u00e9ndole transformar su dise\u00f1o interior con facilidad.<\/p>\n<p>Entre en un reino de estilo y refinamiento, y deje que la exquisita colecci\u00f3n de Artwood le inspire para crear el conjunto perfecto de acentos decorativos que reflejen su gusto \u00fanico y su visi\u00f3n art\u00edstica. Libere el potencial de su espacio vital y del\u00e9itese con la belleza que emana de la ingeniosa combinaci\u00f3n de materiales, texturas y tonos.<\/p>\n","protected":false},"featured_media":291172,"comment_status":"open","ping_status":"closed","template":"","meta":{"_et_pb_use_builder":"","_et_pb_old_content":"","_et_gb_content_width":""},"product_brand":[],"product_cat":[792],"product_tag":[],"class_list":{"0":"post-292127","1":"product","2":"type-product","3":"status-publish","4":"has-post-thumbnail","6":"product_cat-fundas-de-cojin","8":"first","9":"outofstock","10":"shipping-taxable","11":"purchasable","12":"product-type-simple"},"_links":{"self":[{"href":"https:\/\/chulointeriors.com\/es\/wp-json\/wp\/v2\/product\/292127","targetHints":{"allow":["GET"]}}],"collection":[{"href":"https:\/\/chulointeriors.com\/es\/wp-json\/wp\/v2\/product"}],"about":[{"href":"https:\/\/chulointeriors.com\/es\/wp-json\/wp\/v2\/types\/product"}],"replies":[{"embeddable":true,"href":"https:\/\/chulointeriors.com\/es\/wp-json\/wp\/v2\/comments?post=292127"}],"wp:featuredmedia":[{"embeddable":true,"href":"https:\/\/chulointeriors.com\/es\/wp-json\/wp\/v2\/media\/291172"}],"wp:attachment":[{"href":"https:\/\/chulointeriors.com\/es\/wp-json\/wp\/v2\/media?parent=292127"}],"wp:term":[{"taxonomy":"product_brand","embeddable":true,"href":"https:\/\/chulointeriors.com\/es\/wp-json\/wp\/v2\/product_brand?post=292127"},{"taxonomy":"product_cat","embeddable":true,"href":"https:\/\/chulointeriors.com\/es\/wp-json\/wp\/v2\/product_cat?post=292127"},{"taxonomy":"product_tag","embeddable":true,"href":"https:\/\/chulointeriors.com\/es\/wp-json\/wp\/v2\/product_tag?post=292127"}],"curies":[{"name":"wp","href":"https:\/\/api.w.org\/{rel}","templated":true}]}}