{"id":292126,"date":"2023-07-31T16:59:46","date_gmt":"2023-07-31T14:59:46","guid":{"rendered":"https:\/\/chulointeriors.com\/product\/funda-de-cojin-torano-marron-palido\/"},"modified":"2024-03-21T12:38:53","modified_gmt":"2024-03-21T10:38:53","slug":"funda-de-cojin-torano-marron-palido","status":"publish","type":"product","link":"https:\/\/chulointeriors.com\/es\/product\/funda-de-cojin-torano-marron-palido\/","title":{"rendered":"Funda de coj\u00edn Torano Marr\u00f3n P\u00e1lido"},"content":{"rendered":"<p>Transformar el aspecto de su sof\u00e1 o cama nunca ha sido tan f\u00e1cil como con nuestra exquisita gama de nuevas fundas de coj\u00edn. Con estas peque\u00f1as pero impactantes adiciones, puede lograr cambios significativos en su espacio vital sin esfuerzo.<\/p>\n<p>D\u00e9 rienda suelta a su creatividad mezclando y combinando una gran variedad de estampados, colores y texturas, adapt\u00e1ndolos a su gusto y estilo personales. Nuestra colecci\u00f3n ofrece una deliciosa selecci\u00f3n de fundas de coj\u00edn exclusivas, confeccionadas con materiales de primera calidad como algod\u00f3n, lino y suntuoso terciopelo. Para quienes buscan un toque de lujo, tambi\u00e9n presentamos opciones en piel y piel sint\u00e9tica, que destilan opulencia y confort.<\/p>\n<p>Disfrute de la libertad de expresarse a trav\u00e9s del dise\u00f1o, experimentando con diferentes combinaciones hasta encontrar la armon\u00eda perfecta para su hogar. La versatilidad de nuestras fundas de coj\u00edn le permite adaptar f\u00e1cilmente su decoraci\u00f3n a su estado de \u00e1nimo y a sus preferencias estacionales.<\/p>\n<p>Descubra las infinitas posibilidades que ofrecen nuestras exclusivas fundas de coj\u00edn y deje que se conviertan en la encarnaci\u00f3n de su estilo y gusto, infundiendo calidez, encanto y sofisticaci\u00f3n a su hogar.<\/p>\n","protected":false},"excerpt":{"rendered":"<p>55% algod\u00f3n, 45% poli\u00e9ster.<\/p>\n<p>Explore el variado mundo de las almohadas decorativas y fundas de coj\u00edn de Artwood, elaboradas meticulosamente con materiales exclusivos de alta calidad. Nuestra selecci\u00f3n ofrece una deliciosa variedad de opciones para adaptarse a su estilo \u00fanico y elevar su dise\u00f1o interior.<\/p>\n<p>Al seleccionar los cojines perfectos, le animamos a que tenga en cuenta no s\u00f3lo el color y el dibujo, sino tambi\u00e9n el arte de la forma, la textura y el tacto. Cada elemento contribuye a la est\u00e9tica general y al ambiente de su espacio, permiti\u00e9ndole crear una atm\u00f3sfera armoniosa y acogedora.<\/p>\n<p>Deje volar su creatividad mezclando y combinando distintos tipos de materiales, y descubra la magia que surge de la combinaci\u00f3n perfecta. La cuidadosa yuxtaposici\u00f3n de diversas texturas y tejidos puede infundir a su espacio vital un toque extra de elegancia y personalidad.<\/p>\n<p>Tanto si busca un refugio acogedor como un escaparate art\u00edstico, nuestras almohadas decorativas y fundas de coj\u00edn est\u00e1n dise\u00f1adas para aportar comodidad y sofisticaci\u00f3n a su hogar. Aproveche la versatilidad que ofrecen, permiti\u00e9ndole transformar su dise\u00f1o interior con facilidad.<\/p>\n<p>Entre en un reino de estilo y refinamiento, y deje que la exquisita colecci\u00f3n de Artwood le inspire para crear el conjunto perfecto de acentos decorativos que reflejen su gusto \u00fanico y su visi\u00f3n art\u00edstica. Libere el potencial de su espacio vital y del\u00e9itese con la belleza que emana de la ingeniosa combinaci\u00f3n de materiales, texturas y tonos.<\/p>\n","protected":false},"featured_media":291173,"comment_status":"open","ping_status":"closed","template":"","meta":{"_et_pb_use_builder":"","_et_pb_old_content":"","_et_gb_content_width":""},"product_brand":[],"product_cat":[792],"product_tag":[],"class_list":{"0":"post-292126","1":"product","2":"type-product","3":"status-publish","4":"has-post-thumbnail","6":"product_cat-fundas-de-cojin","8":"first","9":"outofstock","10":"shipping-taxable","11":"purchasable","12":"product-type-simple"},"_links":{"self":[{"href":"https:\/\/chulointeriors.com\/es\/wp-json\/wp\/v2\/product\/292126","targetHints":{"allow":["GET"]}}],"collection":[{"href":"https:\/\/chulointeriors.com\/es\/wp-json\/wp\/v2\/product"}],"about":[{"href":"https:\/\/chulointeriors.com\/es\/wp-json\/wp\/v2\/types\/product"}],"replies":[{"embeddable":true,"href":"https:\/\/chulointeriors.com\/es\/wp-json\/wp\/v2\/comments?post=292126"}],"wp:featuredmedia":[{"embeddable":true,"href":"https:\/\/chulointeriors.com\/es\/wp-json\/wp\/v2\/media\/291173"}],"wp:attachment":[{"href":"https:\/\/chulointeriors.com\/es\/wp-json\/wp\/v2\/media?parent=292126"}],"wp:term":[{"taxonomy":"product_brand","embeddable":true,"href":"https:\/\/chulointeriors.com\/es\/wp-json\/wp\/v2\/product_brand?post=292126"},{"taxonomy":"product_cat","embeddable":true,"href":"https:\/\/chulointeriors.com\/es\/wp-json\/wp\/v2\/product_cat?post=292126"},{"taxonomy":"product_tag","embeddable":true,"href":"https:\/\/chulointeriors.com\/es\/wp-json\/wp\/v2\/product_tag?post=292126"}],"curies":[{"name":"wp","href":"https:\/\/api.w.org\/{rel}","templated":true}]}}