{"id":292123,"date":"2023-07-31T17:14:18","date_gmt":"2023-07-31T15:14:18","guid":{"rendered":"https:\/\/chulointeriors.com\/product\/cubiertos-croma-24-piezas-6-personas\/"},"modified":"2024-03-21T12:49:58","modified_gmt":"2024-03-21T10:49:58","slug":"cubiertos-croma-24-piezas-6-personas","status":"publish","type":"product","link":"https:\/\/chulointeriors.com\/es\/product\/cubiertos-croma-24-piezas-6-personas\/","title":{"rendered":"Cubiertos Croma 24 piezas \/ 6 personas"},"content":{"rendered":"<p>Los cubiertos Belo Inox que utilizan materiales y acabados especiales, como PVD, oro, plata y otros, deben lavarse exclusivamente a m\u00e1quina. Adem\u00e1s de todas las recomendaciones de lavado a m\u00e1quina, si su juego Belo Inox tiene un acabado especial, debe lavarse a temperaturas inferiores a 60\u00ba y utilizando detergentes con niveles de fosfato inferiores al 10%.<\/p>\n<p>En cualquier cuberter\u00eda con mango de resina\/fibra, como nuestro modelo NEO, se puede reavivar el color natural del mango hidrat\u00e1ndolo con loci\u00f3n mantecosa.<\/p>\n<p>Los cubiertos Belo Inox est\u00e1n fabricados con materias primas de alta calidad y, con los cuidados adecuados, mantendr\u00e1n su estado \u00f3ptimo durante varios a\u00f1os.<\/p>\n","protected":false},"excerpt":{"rendered":"<p>Croma, al igual que toda la plater\u00eda Belo Inox, es 100% made in Portugal y en su mayor parte hecha a mano. Utilizando m\u00faltiples t\u00e9cnicas que perfeccionamos desde hace m\u00e1s de 60 a\u00f1os, fabricamos cubiertos de calidad superior, con dise\u00f1o, materiales y acabados de alta gama.<\/p>\n<p>Croma es totalmente reciclable y mantiene su calidad durante varios a\u00f1os si se cuida adecuadamente.<\/p>\n","protected":false},"featured_media":291177,"comment_status":"open","ping_status":"closed","template":"","meta":{"_et_pb_use_builder":"","_et_pb_old_content":"","_et_gb_content_width":""},"product_brand":[],"product_cat":[750],"product_tag":[],"class_list":{"0":"post-292123","1":"product","2":"type-product","3":"status-publish","4":"has-post-thumbnail","6":"product_cat-establece","8":"first","9":"instock","10":"shipping-taxable","11":"purchasable","12":"product-type-simple"},"_links":{"self":[{"href":"https:\/\/chulointeriors.com\/es\/wp-json\/wp\/v2\/product\/292123","targetHints":{"allow":["GET"]}}],"collection":[{"href":"https:\/\/chulointeriors.com\/es\/wp-json\/wp\/v2\/product"}],"about":[{"href":"https:\/\/chulointeriors.com\/es\/wp-json\/wp\/v2\/types\/product"}],"replies":[{"embeddable":true,"href":"https:\/\/chulointeriors.com\/es\/wp-json\/wp\/v2\/comments?post=292123"}],"wp:featuredmedia":[{"embeddable":true,"href":"https:\/\/chulointeriors.com\/es\/wp-json\/wp\/v2\/media\/291177"}],"wp:attachment":[{"href":"https:\/\/chulointeriors.com\/es\/wp-json\/wp\/v2\/media?parent=292123"}],"wp:term":[{"taxonomy":"product_brand","embeddable":true,"href":"https:\/\/chulointeriors.com\/es\/wp-json\/wp\/v2\/product_brand?post=292123"},{"taxonomy":"product_cat","embeddable":true,"href":"https:\/\/chulointeriors.com\/es\/wp-json\/wp\/v2\/product_cat?post=292123"},{"taxonomy":"product_tag","embeddable":true,"href":"https:\/\/chulointeriors.com\/es\/wp-json\/wp\/v2\/product_tag?post=292123"}],"curies":[{"name":"wp","href":"https:\/\/api.w.org\/{rel}","templated":true}]}}